{"id":2101,"date":"2025-09-22T08:01:43","date_gmt":"2025-09-22T08:01:43","guid":{"rendered":"https:\/\/baijiabags.com\/?post_type=product&#038;p=2101"},"modified":"2025-09-22T08:47:10","modified_gmt":"2025-09-22T08:47:10","slug":"new-black-mens-business-laptop-bag-16-inch-large-capacity-waterproof-briefcase-shoulder-crossbody","status":"publish","type":"product","link":"https:\/\/baijiabags.com\/de\/produkt\/new-black-mens-business-laptop-bag-16-inch-large-capacity-waterproof-briefcase-shoulder-crossbody\/","title":{"rendered":"Neue schwarze Herren Business Laptop Tasche 16 Zoll gro\u00dfe Kapazit\u00e4t wasserdicht Aktentasche Schulter Crossbody"},"content":{"rendered":"<h2 data-start=\"697\" data-end=\"714\">Wesentliche Merkmale<\/h2>\n<ul data-start=\"716\" data-end=\"1753\">\n<li data-start=\"716\" data-end=\"872\">\n<p data-start=\"718\" data-end=\"872\"><strong data-start=\"718\" data-end=\"736\">Gro\u00dfe Kapazit\u00e4t<\/strong>: Das ger\u00e4umige Hauptfach ist so strukturiert, dass Laptops bis zu 16 Zoll zusammen mit Dokumenten, Gadgets und anderen Dingen des t\u00e4glichen Bedarfs hineinpassen.<\/p>\n<\/li>\n<li data-start=\"873\" data-end=\"1020\">\n<p data-start=\"875\" data-end=\"1020\"><strong data-start=\"875\" data-end=\"900\">Wasserdichter Schutz<\/strong>: Oxford-Gewebe mit wasserdichter Behandlung wurde verwendet, so dass die Sachen vor unerwarteten Wettereinfl\u00fcssen gesch\u00fctzt werden k\u00f6nnen.<\/p>\n<\/li>\n<li data-start=\"1021\" data-end=\"1152\">\n<p data-start=\"1023\" data-end=\"1152\"><strong data-start=\"1023\" data-end=\"1047\">Langlebige Konstruktion<\/strong>: Verst\u00e4rkte N\u00e4hte und hochfeste Rei\u00dfverschl\u00fcsse sorgen f\u00fcr eine lange Lebensdauer.<\/p>\n<\/li>\n<li data-start=\"1153\" data-end=\"1287\">\n<p data-start=\"1155\" data-end=\"1287\"><strong data-start=\"1155\" data-end=\"1187\">Bequeme Tragem\u00f6glichkeiten<\/strong>: Sowohl ein abnehmbarer Schultergurt als auch gepolsterte Griffe wurden f\u00fcr ein vielseitiges Tragen integriert.<\/p>\n<\/li>\n<li data-start=\"1288\" data-end=\"1420\">\n<p data-start=\"1290\" data-end=\"1420\"><strong data-start=\"1290\" data-end=\"1315\">Crossbody-Komfort<\/strong>: Die verstellbaren Riemen erm\u00f6glichen es, die Tasche beim Pendeln oder auf Reisen quer zu tragen.<\/p>\n<\/li>\n<li data-start=\"1421\" data-end=\"1535\">\n<p data-start=\"1423\" data-end=\"1535\"><strong data-start=\"1423\" data-end=\"1441\">Business-Stil<\/strong>: Ein sauberes, schwarzes Finish mit dezenten N\u00e4hten erg\u00e4nzt die Business-Kleidung.<\/p>\n<\/li>\n<li data-start=\"1536\" data-end=\"1630\">\n<p data-start=\"1538\" data-end=\"1630\"><strong data-start=\"1538\" data-end=\"1559\">Anpassbares Logo<\/strong>: Es wurden Optionen f\u00fcr personalisierte oder Firmenlogos zur Verf\u00fcgung gestellt.<\/p>\n<\/li>\n<li data-start=\"1631\" data-end=\"1753\">\n<p data-start=\"1633\" data-end=\"1753\"><strong data-start=\"1633\" data-end=\"1659\">Reisefreundliches Design<\/strong>: Die leichte Struktur wurde f\u00fcr das B\u00fcro, Gesch\u00e4ftsreisen oder das t\u00e4gliche Pendeln angepasst.<\/p>\n<\/li>\n<\/ul>\n<h2 data-start=\"1760\" data-end=\"1779\">Spezifikationen<\/h2>\n<div class=\"_tableContainer_1rjym_1\">\n<div class=\"group _tableWrapper_1rjym_13 flex w-fit flex-col-reverse\" tabindex=\"-1\">\n<table class=\"w-fit min-w-(--thread-content-width)\" data-start=\"1781\" data-end=\"2673\">\n<thead data-start=\"1781\" data-end=\"1839\">\n<tr data-start=\"1781\" data-end=\"1839\">\n<th data-start=\"1781\" data-end=\"1807\" data-col-size=\"sm\"><strong data-start=\"1783\" data-end=\"1796\">Parameter<\/strong><\/th>\n<th data-start=\"1807\" data-end=\"1839\" data-col-size=\"sm\"><strong data-start=\"1809\" data-end=\"1824\">Beschreibung<\/strong><\/th>\n<\/tr>\n<\/thead>\n<tbody data-start=\"1900\" data-end=\"2673\">\n<tr data-start=\"1900\" data-end=\"1959\">\n<td data-start=\"1900\" data-end=\"1926\" data-col-size=\"sm\">Produktname<\/td>\n<td data-start=\"1926\" data-end=\"1959\" data-col-size=\"sm\">\u00a0Laptop Aktentasche<\/td>\n<\/tr>\n<tr data-start=\"1960\" data-end=\"2018\">\n<td data-start=\"1960\" data-end=\"1986\" data-col-size=\"sm\">Marke<\/td>\n<td data-start=\"1986\" data-end=\"2018\" data-col-size=\"sm\">RONEER<\/td>\n<\/tr>\n<tr data-start=\"2019\" data-end=\"2077\">\n<td data-start=\"2019\" data-end=\"2045\" data-col-size=\"sm\">Herkunft<\/td>\n<td data-start=\"2045\" data-end=\"2077\" data-col-size=\"sm\">Guangdong, China<\/td>\n<\/tr>\n<tr data-start=\"2078\" data-end=\"2136\">\n<td data-start=\"2078\" data-end=\"2104\" data-col-size=\"sm\">Stil<\/td>\n<td data-start=\"2104\" data-end=\"2136\" data-col-size=\"sm\">Gesch\u00e4ftlich \/ Pendeln<\/td>\n<\/tr>\n<tr data-start=\"2137\" data-end=\"2195\">\n<td data-start=\"2137\" data-end=\"2163\" data-col-size=\"sm\">Material<\/td>\n<td data-start=\"2163\" data-end=\"2195\" data-col-size=\"sm\">Oxford-Stoff<\/td>\n<\/tr>\n<tr data-start=\"2196\" data-end=\"2254\">\n<td data-start=\"2196\" data-end=\"2222\" data-col-size=\"sm\">Auskleidung<\/td>\n<td data-start=\"2222\" data-end=\"2254\" data-col-size=\"sm\">Nylon<\/td>\n<\/tr>\n<tr data-start=\"2255\" data-end=\"2313\">\n<td data-start=\"2255\" data-end=\"2281\" data-col-size=\"sm\">Farbe<\/td>\n<td data-start=\"2281\" data-end=\"2313\" data-col-size=\"sm\">Schwarz<\/td>\n<\/tr>\n<tr data-start=\"2314\" data-end=\"2372\">\n<td data-start=\"2314\" data-end=\"2340\" data-col-size=\"sm\">Muster<\/td>\n<td data-start=\"2340\" data-end=\"2372\" data-col-size=\"sm\">Einfarbig mit Naht<\/td>\n<\/tr>\n<tr data-start=\"2373\" data-end=\"2431\">\n<td data-start=\"2373\" data-end=\"2399\" data-col-size=\"sm\">Geeignete Laptop-Gr\u00f6\u00dfe<\/td>\n<td data-start=\"2399\" data-end=\"2431\" data-col-size=\"sm\">Bis zu 16 Zoll<\/td>\n<\/tr>\n<tr data-start=\"2432\" data-end=\"2490\">\n<td data-start=\"2432\" data-end=\"2458\" data-col-size=\"sm\">Funktion<\/td>\n<td data-start=\"2458\" data-end=\"2490\" data-col-size=\"sm\">Wasserdicht<\/td>\n<\/tr>\n<tr data-start=\"2491\" data-end=\"2549\">\n<td data-start=\"2491\" data-end=\"2517\" data-col-size=\"sm\">Logo<\/td>\n<td data-start=\"2517\" data-end=\"2549\" data-col-size=\"sm\">Anpassbar<\/td>\n<\/tr>\n<tr data-start=\"2550\" data-end=\"2608\">\n<td data-start=\"2550\" data-end=\"2576\" data-col-size=\"sm\">MOQ<\/td>\n<td data-start=\"2576\" data-end=\"2608\" data-col-size=\"sm\">300 St\u00fcck<\/td>\n<\/tr>\n<tr data-start=\"2609\" data-end=\"2673\">\n<td data-start=\"2609\" data-end=\"2635\" data-col-size=\"sm\">Anwendungsszenarien<\/td>\n<td data-start=\"2635\" data-end=\"2673\" data-col-size=\"sm\">Arbeit, Gesch\u00e4ftsreisen, t\u00e4glicher Gebrauch<\/td>\n<\/tr>\n<\/tbody>\n<\/table>\n<\/div>\n<\/div>\n<h2 data-start=\"2680\" data-end=\"2697\">Anwendungen<\/h2>\n<ul data-start=\"2699\" data-end=\"3171\">\n<li data-start=\"2699\" data-end=\"2798\">\n<p data-start=\"2701\" data-end=\"2798\">Die Tasche wird verwendet f\u00fcr <strong data-start=\"2721\" data-end=\"2740\">Gesch\u00e4ftsreisen<\/strong>wo Haltbarkeit und Wasserdichtigkeit erforderlich sind.<\/p>\n<\/li>\n<li data-start=\"2799\" data-end=\"2894\">\n<p data-start=\"2801\" data-end=\"2894\">Sie wird angewendet f\u00fcr <strong data-start=\"2819\" data-end=\"2838\">t\u00e4gliches Pendeln<\/strong>Laptops und pers\u00f6nliche Gegenst\u00e4nde sicher aufbewahren.<\/p>\n<\/li>\n<li data-start=\"2895\" data-end=\"2976\">\n<p data-start=\"2897\" data-end=\"2976\">Das Produkt wird ausgew\u00e4hlt f\u00fcr <strong data-start=\"2923\" data-end=\"2937\">B\u00fcrogebrauch<\/strong>und vervollst\u00e4ndigen ein professionelles Image.<\/p>\n<\/li>\n<li data-start=\"2977\" data-end=\"3086\">\n<p data-start=\"2979\" data-end=\"3086\">Sie wird w\u00e4hrend <strong data-start=\"3000\" data-end=\"3027\">Treffen oder Konferenzen<\/strong>, wo Dokumente und Ger\u00e4te leicht zug\u00e4nglich sein m\u00fcssen.<\/p>\n<\/li>\n<li data-start=\"3087\" data-end=\"3171\">\n<p data-start=\"3089\" data-end=\"3171\">Es ist geeignet f\u00fcr <strong data-start=\"3106\" data-end=\"3129\">l\u00e4ssiges urbanes Reisen<\/strong>, wo Stil und Funktion in einem ausgewogenen Verh\u00e4ltnis stehen.<\/p>\n<\/li>\n<\/ul>\n<p data-start=\"3178\" data-end=\"3368\">Wenn das Interesse an diesem Thema geweckt wurde <strong data-start=\"3214\" data-end=\"3244\">RONEER Business Laptop-Tasche<\/strong>kontaktieren Sie uns, um Muster anzufordern. <strong data-start=\"3277\" data-end=\"3299\">ODM- und OEM-Dienstleistungen<\/strong> wurden bereitgestellt, um Anpassungen und Massenanforderungen zu unterst\u00fctzen.<\/p>","protected":false},"excerpt":{"rendered":"<p data-start=\"188\" data-end=\"690\">Die <strong data-start=\"192\" data-end=\"231\">Neu Schwarz Herren Business Laptop Tasche<\/strong> von <strong data-start=\"235\" data-end=\"245\">RONEER<\/strong> wurde mit dem Fokus auf Professionalit\u00e4t, Haltbarkeit und Funktionalit\u00e4t entworfen. Die aus hochwertigem Oxford-Gewebe und einem Nylonfutter gefertigte Tasche wurde auf die Bed\u00fcrfnisse moderner Berufst\u00e4tiger zugeschnitten. Ein Fassungsverm\u00f6gen, das Platz bietet f\u00fcr bis zu <strong data-start=\"487\" data-end=\"506\">16-Zoll-Laptops<\/strong> Die Tasche eignet sich f\u00fcr die Arbeit, f\u00fcr Reisen und f\u00fcr den t\u00e4glichen Gebrauch. Der schlichte schwarze Farbton und das minimalistische Nahtmuster spiegeln einen raffinierten Business-Stil wider.<\/p>","protected":false},"featured_media":2105,"comment_status":"open","ping_status":"closed","template":"","meta":{"site-sidebar-layout":"default","site-content-layout":"","ast-site-content-layout":"default","site-content-style":"default","site-sidebar-style":"default","ast-global-header-display":"","ast-banner-title-visibility":"","ast-main-header-display":"","ast-hfb-above-header-display":"","ast-hfb-below-header-display":"","ast-hfb-mobile-header-display":"","site-post-title":"","ast-breadcrumbs-content":"","ast-featured-img":"","footer-sml-layout":"","ast-disable-related-posts":"","theme-transparent-header-meta":"default","adv-header-id-meta":"","stick-header-meta":"","header-above-stick-meta":"","header-main-stick-meta":"","header-below-stick-meta":"","astra-migrate-meta-layouts":"set","ast-page-background-enabled":"default","ast-page-background-meta":{"desktop":{"background-color":"var(--ast-global-color-5)","background-image":"","background-repeat":"repeat","background-position":"center center","background-size":"auto","background-attachment":"scroll","background-type":"","background-media":"","overlay-type":"","overlay-color":"","overlay-opacity":"","overlay-gradient":""},"tablet":{"background-color":"","background-image":"","background-repeat":"repeat","background-position":"center center","background-size":"auto","background-attachment":"scroll","background-type":"","background-media":"","overlay-type":"","overlay-color":"","overlay-opacity":"","overlay-gradient":""},"mobile":{"background-color":"","background-image":"","background-repeat":"repeat","background-position":"center center","background-size":"auto","background-attachment":"scroll","background-type":"","background-media":"","overlay-type":"","overlay-color":"","overlay-opacity":"","overlay-gradient":""}},"ast-content-background-meta":{"desktop":{"background-color":"var(--ast-global-color-4)","background-image":"","background-repeat":"repeat","background-position":"center center","background-size":"auto","background-attachment":"scroll","background-type":"","background-media":"","overlay-type":"","overlay-color":"","overlay-opacity":"","overlay-gradient":""},"tablet":{"background-color":"var(--ast-global-color-4)","background-image":"","background-repeat":"repeat","background-position":"center center","background-size":"auto","background-attachment":"scroll","background-type":"","background-media":"","overlay-type":"","overlay-color":"","overlay-opacity":"","overlay-gradient":""},"mobile":{"background-color":"var(--ast-global-color-4)","background-image":"","background-repeat":"repeat","background-position":"center center","background-size":"auto","background-attachment":"scroll","background-type":"","background-media":"","overlay-type":"","overlay-color":"","overlay-opacity":"","overlay-gradient":""}}},"product_brand":[],"product_cat":[15],"product_tag":[],"class_list":{"0":"post-2101","1":"product","2":"type-product","3":"status-publish","4":"has-post-thumbnail","6":"product_cat-uncategorized","7":"desktop-align-left","8":"tablet-align-left","9":"mobile-align-left","11":"first","12":"instock","13":"shipping-taxable","14":"product-type-simple"},"_links":{"self":[{"href":"https:\/\/baijiabags.com\/de\/wp-json\/wp\/v2\/product\/2101","targetHints":{"allow":["GET"]}}],"collection":[{"href":"https:\/\/baijiabags.com\/de\/wp-json\/wp\/v2\/product"}],"about":[{"href":"https:\/\/baijiabags.com\/de\/wp-json\/wp\/v2\/types\/product"}],"replies":[{"embeddable":true,"href":"https:\/\/baijiabags.com\/de\/wp-json\/wp\/v2\/comments?post=2101"}],"wp:featuredmedia":[{"embeddable":true,"href":"https:\/\/baijiabags.com\/de\/wp-json\/wp\/v2\/media\/2105"}],"wp:attachment":[{"href":"https:\/\/baijiabags.com\/de\/wp-json\/wp\/v2\/media?parent=2101"}],"wp:term":[{"taxonomy":"product_brand","embeddable":true,"href":"https:\/\/baijiabags.com\/de\/wp-json\/wp\/v2\/product_brand?post=2101"},{"taxonomy":"product_cat","embeddable":true,"href":"https:\/\/baijiabags.com\/de\/wp-json\/wp\/v2\/product_cat?post=2101"},{"taxonomy":"product_tag","embeddable":true,"href":"https:\/\/baijiabags.com\/de\/wp-json\/wp\/v2\/product_tag?post=2101"}],"curies":[{"name":"wp","href":"https:\/\/api.w.org\/{rel}","templated":true}]}}