{"id":2016,"date":"2025-09-22T03:26:27","date_gmt":"2025-09-22T03:26:27","guid":{"rendered":"https:\/\/baijiabags.com\/?post_type=product&#038;p=2016"},"modified":"2025-09-22T03:26:43","modified_gmt":"2025-09-22T03:26:43","slug":"custom-logo-foldable-luggage-duffel-bag-large-capacity-weekend-travel-sports-bag-for-women","status":"publish","type":"product","link":"https:\/\/baijiabags.com\/de\/produkt\/custom-logo-foldable-luggage-duffel-bag-large-capacity-weekend-travel-sports-bag-for-women\/","title":{"rendered":"Benutzerdefinierte Logo faltbare Gep\u00e4ck Duffel Tasche gro\u00dfe Kapazit\u00e4t Wochenende Reisen Sporttasche f\u00fcr Frauen"},"content":{"rendered":"<h2 data-start=\"839\" data-end=\"856\">Wesentliche Merkmale<\/h2>\n<ol data-start=\"858\" data-end=\"1810\">\n<li data-start=\"858\" data-end=\"960\">\n<p data-start=\"861\" data-end=\"960\"><strong data-start=\"861\" data-end=\"880\">Faltbares Design<\/strong> - Bei Nichtgebrauch l\u00e4sst sich die Tasche auf ein kompaktes Ma\u00df zusammenfalten und leicht verstauen.<\/p>\n<\/li>\n<li data-start=\"961\" data-end=\"1083\">\n<p data-start=\"964\" data-end=\"1083\"><strong data-start=\"964\" data-end=\"982\">Gro\u00dfe Kapazit\u00e4t<\/strong> - Es gibt ein ger\u00e4umiges Fach, ideal f\u00fcr Wochenendreisen, Sport oder t\u00e4gliche Aktivit\u00e4ten.<\/p>\n<\/li>\n<li data-start=\"1084\" data-end=\"1207\">\n<p data-start=\"1087\" data-end=\"1207\"><strong data-start=\"1087\" data-end=\"1114\">Strapazierf\u00e4higes Oxford-Material<\/strong> - Es wurde hochwertiges Oxford-Gewebe verwendet, das sich durch Langlebigkeit und Rei\u00dffestigkeit auszeichnet.<\/p>\n<\/li>\n<li data-start=\"1208\" data-end=\"1352\">\n<p data-start=\"1211\" data-end=\"1352\"><strong data-start=\"1211\" data-end=\"1236\">Anpassbares Branding<\/strong> - Logos und Farben k\u00f6nnen je nach Bedarf angepasst werden, wodurch sich die Tasche f\u00fcr Werbezwecke eignet.<\/p>\n<\/li>\n<li data-start=\"1353\" data-end=\"1470\">\n<p data-start=\"1356\" data-end=\"1470\"><strong data-start=\"1356\" data-end=\"1380\">Multifunktionaler Einsatz<\/strong> - Dank ihres Designs kann die Tasche auf Reisen, im Fitnessstudio, beim Sport und bei Outdoor-Aktivit\u00e4ten verwendet werden.<\/p>\n<\/li>\n<li data-start=\"1471\" data-end=\"1575\">\n<p data-start=\"1474\" data-end=\"1575\"><strong data-start=\"1474\" data-end=\"1499\">Leichte Struktur<\/strong> - Die Tasche ist sehr leicht, so dass sie m\u00fchelos getragen werden kann und mobil ist.<\/p>\n<\/li>\n<li data-start=\"1576\" data-end=\"1707\">\n<p data-start=\"1579\" data-end=\"1707\"><strong data-start=\"1579\" data-end=\"1600\">Einfarbiger Stil<\/strong> - Das schlichte und klassische Erscheinungsbild wurde beibehalten und passt zu einer breiten Palette von Modevorlieben.<\/p>\n<\/li>\n<li data-start=\"1708\" data-end=\"1810\">\n<p data-start=\"1711\" data-end=\"1810\"><strong data-start=\"1711\" data-end=\"1740\">Schnelle Verf\u00fcgbarkeit von Proben<\/strong> - Muster k\u00f6nnen innerhalb von 7 Tagen geliefert werden, um die Anforderungen des K\u00e4ufers zu erf\u00fcllen.<\/p>\n<\/li>\n<\/ol>\n<hr data-start=\"1812\" data-end=\"1815\" \/>\n<h2 data-start=\"1817\" data-end=\"1836\">Spezifikationen<\/h2>\n<div class=\"_tableContainer_1rjym_1\">\n<div class=\"group _tableWrapper_1rjym_13 flex w-fit flex-col-reverse\" tabindex=\"-1\">\n<table class=\"w-fit min-w-(--thread-content-width)\" data-start=\"1838\" data-end=\"2914\">\n<thead data-start=\"1838\" data-end=\"1913\">\n<tr data-start=\"1838\" data-end=\"1913\">\n<th data-start=\"1838\" data-end=\"1861\" data-col-size=\"sm\"><strong data-start=\"1840\" data-end=\"1853\">Parameter<\/strong><\/th>\n<th data-start=\"1861\" data-end=\"1913\" data-col-size=\"md\"><strong data-start=\"1863\" data-end=\"1878\">Beschreibung<\/strong><\/th>\n<\/tr>\n<\/thead>\n<tbody data-start=\"1991\" data-end=\"2914\">\n<tr data-start=\"1991\" data-end=\"2067\">\n<td data-start=\"1991\" data-end=\"2015\" data-col-size=\"sm\">Produktname<\/td>\n<td data-start=\"2015\" data-end=\"2067\" data-col-size=\"md\">Reise-Seesack<\/td>\n<\/tr>\n<tr data-start=\"2068\" data-end=\"2144\">\n<td data-start=\"2068\" data-end=\"2092\" data-col-size=\"sm\">Marke<\/td>\n<td data-start=\"2092\" data-end=\"2144\" data-col-size=\"md\">RONEER<\/td>\n<\/tr>\n<tr data-start=\"2145\" data-end=\"2221\">\n<td data-start=\"2145\" data-end=\"2169\" data-col-size=\"sm\">Modellnummer<\/td>\n<td data-start=\"2169\" data-end=\"2221\" data-col-size=\"md\">AL-2548<\/td>\n<\/tr>\n<tr data-start=\"2222\" data-end=\"2298\">\n<td data-start=\"2222\" data-end=\"2246\" data-col-size=\"sm\">Herkunft<\/td>\n<td data-start=\"2246\" data-end=\"2298\" data-col-size=\"md\">Guangdong, China<\/td>\n<\/tr>\n<tr data-start=\"2299\" data-end=\"2375\">\n<td data-start=\"2299\" data-end=\"2323\" data-col-size=\"sm\">Stil<\/td>\n<td data-start=\"2323\" data-end=\"2375\" data-col-size=\"md\">Einfarbig<\/td>\n<\/tr>\n<tr data-start=\"2376\" data-end=\"2452\">\n<td data-start=\"2376\" data-end=\"2400\" data-col-size=\"sm\">Geschlecht<\/td>\n<td data-start=\"2400\" data-end=\"2452\" data-col-size=\"md\">Weiblich<\/td>\n<\/tr>\n<tr data-start=\"2453\" data-end=\"2529\">\n<td data-start=\"2453\" data-end=\"2477\" data-col-size=\"sm\">Material<\/td>\n<td data-start=\"2477\" data-end=\"2529\" data-col-size=\"md\">Oxford-Gewebe<\/td>\n<\/tr>\n<tr data-start=\"2530\" data-end=\"2606\">\n<td data-start=\"2530\" data-end=\"2554\" data-col-size=\"sm\">Farbe<\/td>\n<td data-start=\"2554\" data-end=\"2606\" data-col-size=\"md\">Anpassbar<\/td>\n<\/tr>\n<tr data-start=\"2607\" data-end=\"2683\">\n<td data-start=\"2607\" data-end=\"2631\" data-col-size=\"sm\">Funktion<\/td>\n<td data-start=\"2631\" data-end=\"2683\" data-col-size=\"md\">Multifunktionale Reise- und Outdoor-Sporttasche<\/td>\n<\/tr>\n<tr data-start=\"2684\" data-end=\"2760\">\n<td data-start=\"2684\" data-end=\"2708\" data-col-size=\"sm\">Verwendung<\/td>\n<td data-start=\"2708\" data-end=\"2760\" data-col-size=\"md\">Outdoor-Aktivit\u00e4ten, Reisen, t\u00e4gliches Leben<\/td>\n<\/tr>\n<tr data-start=\"2761\" data-end=\"2837\">\n<td data-start=\"2761\" data-end=\"2785\" data-col-size=\"sm\">MOQ<\/td>\n<td data-start=\"2785\" data-end=\"2837\" data-col-size=\"md\">300 St\u00fcck<\/td>\n<\/tr>\n<tr data-start=\"2838\" data-end=\"2914\">\n<td data-start=\"2838\" data-end=\"2862\" data-col-size=\"sm\">Probezeit<\/td>\n<td data-start=\"2862\" data-end=\"2914\" data-col-size=\"md\">7 Tage<\/td>\n<\/tr>\n<\/tbody>\n<\/table>\n<\/div>\n<\/div>\n<h2 data-start=\"2921\" data-end=\"2938\">Anwendungen<\/h2>\n<ul data-start=\"2940\" data-end=\"3155\">\n<li data-start=\"2940\" data-end=\"2958\">\n<p data-start=\"2942\" data-end=\"2958\">Reisen am Wochenende<\/p>\n<\/li>\n<li data-start=\"2959\" data-end=\"2978\">\n<p data-start=\"2961\" data-end=\"2978\">T\u00e4gliches Pendeln<\/p>\n<\/li>\n<li data-start=\"2979\" data-end=\"3001\">\n<p data-start=\"2981\" data-end=\"3001\">Sport und Fitnessraumnutzung<\/p>\n<\/li>\n<li data-start=\"3002\" data-end=\"3024\">\n<p data-start=\"3004\" data-end=\"3024\">Aktivit\u00e4ten im Freien<\/p>\n<\/li>\n<\/ul>\n<p>Wenn Sie an dieser Reisetasche interessiert sind, k\u00f6nnen Sie uns gerne f\u00fcr Muster kontaktieren. <strong data-start=\"3248\" data-end=\"3284\">ODM- und OEM-Dienste werden unterst\u00fctzt<\/strong> um Ihre individuellen Anforderungen an Branding und Produktion zu erf\u00fcllen.<\/p>","protected":false},"excerpt":{"rendered":"<p>Die <strong data-start=\"180\" data-end=\"223\">Individuelles Logo Faltbares Gep\u00e4ck Duffel Bag<\/strong> von <strong data-start=\"227\" data-end=\"237\">RONEER<\/strong> wurde als vielseitige L\u00f6sung f\u00fcr Frauen entwickelt, die eine ger\u00e4umige, zuverl\u00e4ssige und reisefreundliche Tasche ben\u00f6tigen. Sie verf\u00fcgt \u00fcber ein gro\u00dfes Fassungsverm\u00f6gen und eignet sich f\u00fcr Wochenendausfl\u00fcge, Outdoor-Aktivit\u00e4ten und den t\u00e4glichen Gebrauch. Die Tasche wurde aus hochwertigem Oxford-Gewebe gefertigt, das f\u00fcr Strapazierf\u00e4higkeit und Verschlei\u00dffestigkeit sorgt und gleichzeitig eine leichte Struktur aufweist.<\/p>","protected":false},"featured_media":2018,"comment_status":"open","ping_status":"closed","template":"","meta":{"site-sidebar-layout":"default","site-content-layout":"","ast-site-content-layout":"default","site-content-style":"default","site-sidebar-style":"default","ast-global-header-display":"","ast-banner-title-visibility":"","ast-main-header-display":"","ast-hfb-above-header-display":"","ast-hfb-below-header-display":"","ast-hfb-mobile-header-display":"","site-post-title":"","ast-breadcrumbs-content":"","ast-featured-img":"","footer-sml-layout":"","ast-disable-related-posts":"","theme-transparent-header-meta":"default","adv-header-id-meta":"","stick-header-meta":"","header-above-stick-meta":"","header-main-stick-meta":"","header-below-stick-meta":"","astra-migrate-meta-layouts":"set","ast-page-background-enabled":"default","ast-page-background-meta":{"desktop":{"background-color":"var(--ast-global-color-5)","background-image":"","background-repeat":"repeat","background-position":"center center","background-size":"auto","background-attachment":"scroll","background-type":"","background-media":"","overlay-type":"","overlay-color":"","overlay-opacity":"","overlay-gradient":""},"tablet":{"background-color":"","background-image":"","background-repeat":"repeat","background-position":"center center","background-size":"auto","background-attachment":"scroll","background-type":"","background-media":"","overlay-type":"","overlay-color":"","overlay-opacity":"","overlay-gradient":""},"mobile":{"background-color":"","background-image":"","background-repeat":"repeat","background-position":"center center","background-size":"auto","background-attachment":"scroll","background-type":"","background-media":"","overlay-type":"","overlay-color":"","overlay-opacity":"","overlay-gradient":""}},"ast-content-background-meta":{"desktop":{"background-color":"var(--ast-global-color-4)","background-image":"","background-repeat":"repeat","background-position":"center center","background-size":"auto","background-attachment":"scroll","background-type":"","background-media":"","overlay-type":"","overlay-color":"","overlay-opacity":"","overlay-gradient":""},"tablet":{"background-color":"var(--ast-global-color-4)","background-image":"","background-repeat":"repeat","background-position":"center center","background-size":"auto","background-attachment":"scroll","background-type":"","background-media":"","overlay-type":"","overlay-color":"","overlay-opacity":"","overlay-gradient":""},"mobile":{"background-color":"var(--ast-global-color-4)","background-image":"","background-repeat":"repeat","background-position":"center center","background-size":"auto","background-attachment":"scroll","background-type":"","background-media":"","overlay-type":"","overlay-color":"","overlay-opacity":"","overlay-gradient":""}}},"product_brand":[],"product_cat":[41],"product_tag":[],"class_list":{"0":"post-2016","1":"product","2":"type-product","3":"status-publish","4":"has-post-thumbnail","6":"product_cat-travel-bag","7":"desktop-align-left","8":"tablet-align-left","9":"mobile-align-left","11":"first","12":"instock","13":"shipping-taxable","14":"product-type-simple"},"_links":{"self":[{"href":"https:\/\/baijiabags.com\/de\/wp-json\/wp\/v2\/product\/2016","targetHints":{"allow":["GET"]}}],"collection":[{"href":"https:\/\/baijiabags.com\/de\/wp-json\/wp\/v2\/product"}],"about":[{"href":"https:\/\/baijiabags.com\/de\/wp-json\/wp\/v2\/types\/product"}],"replies":[{"embeddable":true,"href":"https:\/\/baijiabags.com\/de\/wp-json\/wp\/v2\/comments?post=2016"}],"wp:featuredmedia":[{"embeddable":true,"href":"https:\/\/baijiabags.com\/de\/wp-json\/wp\/v2\/media\/2018"}],"wp:attachment":[{"href":"https:\/\/baijiabags.com\/de\/wp-json\/wp\/v2\/media?parent=2016"}],"wp:term":[{"taxonomy":"product_brand","embeddable":true,"href":"https:\/\/baijiabags.com\/de\/wp-json\/wp\/v2\/product_brand?post=2016"},{"taxonomy":"product_cat","embeddable":true,"href":"https:\/\/baijiabags.com\/de\/wp-json\/wp\/v2\/product_cat?post=2016"},{"taxonomy":"product_tag","embeddable":true,"href":"https:\/\/baijiabags.com\/de\/wp-json\/wp\/v2\/product_tag?post=2016"}],"curies":[{"name":"wp","href":"https:\/\/api.w.org\/{rel}","templated":true}]}}