{"id":2009,"date":"2025-09-22T03:10:58","date_gmt":"2025-09-22T03:10:58","guid":{"rendered":"https:\/\/baijiabags.com\/?post_type=product&#038;p=2009"},"modified":"2025-09-22T03:20:32","modified_gmt":"2025-09-22T03:20:32","slug":"wholesale-mens-fashion-large-capacity-travel-duffle-bag-custom-logo-polyester-leather-luggage-for-outdoor-trips","status":"publish","type":"product","link":"https:\/\/baijiabags.com\/de\/produkt\/wholesale-mens-fashion-large-capacity-travel-duffle-bag-custom-logo-polyester-leather-luggage-for-outdoor-trips\/","title":{"rendered":"Gro\u00dfhandel Mens Mode gro\u00dfe Kapazit\u00e4t Travel Duffle Bag benutzerdefinierte Logo Polyester Leder Gep\u00e4ck f\u00fcr Outdoor-Reisen"},"content":{"rendered":"<h2 data-start=\"817\" data-end=\"834\">Wesentliche Merkmale<\/h2>\n<ol data-start=\"836\" data-end=\"1774\">\n<li data-start=\"836\" data-end=\"970\">\n<p data-start=\"839\" data-end=\"970\"><strong data-start=\"839\" data-end=\"860\">Ger\u00e4umige Kapazit\u00e4t<\/strong> - Ein gro\u00dfes Innenfach erleichtert das Verstauen von Kleidung, Schuhen und Reiseutensilien.<\/p>\n<\/li>\n<li data-start=\"1344\" data-end=\"1451\">\n<p data-start=\"1347\" data-end=\"1451\"><strong data-start=\"1347\" data-end=\"1371\">Multifunktionaler Einsatz<\/strong> - Die Tasche wurde f\u00fcr Reisen, Outdoor-Aktivit\u00e4ten und den t\u00e4glichen Gebrauch entwickelt.<\/p>\n<\/li>\n<li data-start=\"1452\" data-end=\"1539\">\n<p data-start=\"1455\" data-end=\"1539\"><strong data-start=\"1455\" data-end=\"1471\">Unisex-Stil<\/strong> - Dank seines neutralen Designs kann er von M\u00e4nnern und Frauen gleicherma\u00dfen verwendet werden.<\/p>\n<\/li>\n<li data-start=\"1540\" data-end=\"1650\">\n<p data-start=\"1543\" data-end=\"1650\"><strong data-start=\"1543\" data-end=\"1571\">Tragbar und leicht zu transportieren<\/strong> - Die Softback-Konstruktion macht die Tasche flexibel und bequem zu transportieren.<\/p>\n<\/li>\n<li data-start=\"1651\" data-end=\"1774\">\n<p data-start=\"1654\" data-end=\"1774\"><strong data-start=\"1654\" data-end=\"1680\">ODM &amp; OEM Verf\u00fcgbarkeit<\/strong> - Das Produkt kann nach Originaldesigns oder mit kundenspezifischen Spezifikationen hergestellt werden.<\/p>\n<\/li>\n<\/ol>\n<h2 data-start=\"1781\" data-end=\"1800\">Spezifikationen<\/h2>\n<div class=\"_tableContainer_1rjym_1\">\n<div class=\"group _tableWrapper_1rjym_13 flex w-fit flex-col-reverse\" tabindex=\"-1\">\n<table class=\"w-fit min-w-(--thread-content-width)\" data-start=\"1802\" data-end=\"2303\">\n<thead data-start=\"1802\" data-end=\"1839\">\n<tr data-start=\"1802\" data-end=\"1839\">\n<th data-start=\"1802\" data-end=\"1822\" data-col-size=\"sm\"><strong data-start=\"1804\" data-end=\"1821\">Spezifikation<\/strong><\/th>\n<th data-start=\"1822\" data-end=\"1839\" data-col-size=\"md\"><strong data-start=\"1824\" data-end=\"1835\">Einzelheiten<\/strong><\/th>\n<\/tr>\n<\/thead>\n<tbody data-start=\"1879\" data-end=\"2303\">\n<tr data-start=\"1879\" data-end=\"1917\">\n<td data-start=\"1879\" data-end=\"1894\" data-col-size=\"sm\">Produktname<\/td>\n<td data-start=\"1894\" data-end=\"1917\" data-col-size=\"md\">Reiseseesack<\/td>\n<\/tr>\n<tr data-start=\"1918\" data-end=\"1938\">\n<td data-start=\"1918\" data-end=\"1926\" data-col-size=\"sm\">Marke<\/td>\n<td data-start=\"1926\" data-end=\"1938\" data-col-size=\"md\">RONEER<\/td>\n<\/tr>\n<tr data-start=\"1939\" data-end=\"1967\">\n<td data-start=\"1939\" data-end=\"1954\" data-col-size=\"sm\">Modellnummer<\/td>\n<td data-start=\"1954\" data-end=\"1967\" data-col-size=\"md\">GB-2123<\/td>\n<\/tr>\n<tr data-start=\"1968\" data-end=\"1999\">\n<td data-start=\"1968\" data-end=\"1977\" data-col-size=\"sm\">Herkunft<\/td>\n<td data-start=\"1977\" data-end=\"1999\" data-col-size=\"md\">Guangdong, China<\/td>\n<\/tr>\n<tr data-start=\"2000\" data-end=\"2037\">\n<td data-start=\"2000\" data-end=\"2011\" data-col-size=\"sm\">Material<\/td>\n<td data-start=\"2011\" data-end=\"2037\" data-col-size=\"md\">Polyester<span class=\"notranslate immersive-translate-target-wrapper\" lang=\"zh-CN\"><span class=\"notranslate\" data-immersive-translate-translation-element-mark=\"1\" data-spm-anchor-id=\"a2700.details.0.i147.548abb82CyHbJV\">\u00a0<\/span><\/span><\/td>\n<\/tr>\n<tr data-start=\"2061\" data-end=\"2083\">\n<td data-start=\"2061\" data-end=\"2069\" data-col-size=\"sm\">Stil<\/td>\n<td data-start=\"2069\" data-end=\"2083\" data-col-size=\"md\">Softback<\/td>\n<\/tr>\n<tr data-start=\"2084\" data-end=\"2105\">\n<td data-start=\"2084\" data-end=\"2093\" data-col-size=\"sm\">Geschlecht<\/td>\n<td data-start=\"2093\" data-end=\"2105\" data-col-size=\"md\">Unisex<\/td>\n<\/tr>\n<tr data-start=\"2106\" data-end=\"2132\">\n<td data-start=\"2106\" data-end=\"2114\" data-col-size=\"sm\">Farbe<\/td>\n<td data-start=\"2114\" data-end=\"2132\" data-col-size=\"md\">Anpassbar<\/td>\n<\/tr>\n<tr data-start=\"2133\" data-end=\"2196\">\n<td data-start=\"2133\" data-end=\"2144\" data-col-size=\"sm\">Eigenschaften<\/td>\n<td data-start=\"2144\" data-end=\"2196\" data-col-size=\"md\">Langlebig, leicht, gro\u00dfes Fassungsverm\u00f6gen, tragbar<\/td>\n<\/tr>\n<tr data-start=\"2197\" data-end=\"2256\">\n<td data-start=\"2197\" data-end=\"2208\" data-col-size=\"sm\">Funktion<\/td>\n<td data-start=\"2208\" data-end=\"2256\" data-col-size=\"md\">Multifunktionale Reise-Outdoor-Sporttasche<\/td>\n<\/tr>\n<tr data-start=\"2257\" data-end=\"2283\">\n<td data-start=\"2257\" data-end=\"2271\" data-col-size=\"sm\">Probezeit<\/td>\n<td data-start=\"2271\" data-end=\"2283\" data-col-size=\"md\">7 Tage<\/td>\n<\/tr>\n<tr data-start=\"2284\" data-end=\"2303\">\n<td data-start=\"2284\" data-end=\"2290\" data-col-size=\"sm\">MOQ<\/td>\n<td data-start=\"2290\" data-end=\"2303\" data-col-size=\"md\">300 St\u00fcck<\/td>\n<\/tr>\n<\/tbody>\n<\/table>\n<\/div>\n<\/div>\n<h2 data-start=\"2310\" data-end=\"2327\">Anwendungen<\/h2>\n<ul data-start=\"2329\" data-end=\"2774\">\n<li data-start=\"2329\" data-end=\"2443\">\n<p data-start=\"2331\" data-end=\"2443\"><strong data-start=\"2331\" data-end=\"2341\">Reisen<\/strong> - Die Tasche wurde sowohl f\u00fcr kurze als auch f\u00fcr lange Reisen konzipiert und bietet eine sichere und praktische Aufbewahrung.<\/p>\n<\/li>\n<li data-start=\"2444\" data-end=\"2551\">\n<p data-start=\"2446\" data-end=\"2551\"><strong data-start=\"2446\" data-end=\"2460\">Das t\u00e4gliche Leben<\/strong> - Sie kann als stilvolles Accessoire beim Pendeln, beim Besuch des Fitnessstudios oder bei Freizeitausfl\u00fcgen getragen werden.<\/p>\n<\/li>\n<li data-start=\"2552\" data-end=\"2660\">\n<p data-start=\"2554\" data-end=\"2660\"><strong data-start=\"2554\" data-end=\"2576\">Aktivit\u00e4ten im Freien<\/strong> - Dank seiner robusten Bauweise eignet er sich f\u00fcr Sport, Camping und Wochenendausfl\u00fcge.<\/p>\n<\/li>\n<li data-start=\"2661\" data-end=\"2774\">\n<p data-start=\"2663\" data-end=\"2774\"><strong data-start=\"2663\" data-end=\"2687\">Branding zu Werbezwecken<\/strong> - Mit individuellen Logo-Optionen ist es ideal f\u00fcr Firmengeschenke oder Merchandising im Einzelhandel.<\/p>\n<\/li>\n<\/ul>\n<p data-start=\"2781\" data-end=\"2971\">Wenn Sie an dieser Reisetasche interessiert sind, kontaktieren Sie uns bitte, um ein Muster anzufordern. <strong data-start=\"2869\" data-end=\"2905\">ODM- und OEM-Dienste werden unterst\u00fctzt<\/strong>mit vollst\u00e4ndiger Anpassung an die Bed\u00fcrfnisse Ihres Unternehmens.<\/p>","protected":false},"excerpt":{"rendered":"<p>Die <strong data-start=\"166\" data-end=\"226\">Gro\u00dfhandel M\u00e4nner Mode gro\u00dfe Kapazit\u00e4t Travel Duffle Bag<\/strong> von <strong data-start=\"230\" data-end=\"240\">RONEER<\/strong> wurde sorgf\u00e4ltig entwickelt, um den Anforderungen moderner Reisender und t\u00e4glicher Nutzer gerecht zu werden. Gefertigt aus hochwertigem Polyester<span class=\"notranslate immersive-translate-target-wrapper\" lang=\"zh-CN\"><span class=\"notranslate\" data-immersive-translate-translation-element-mark=\"1\" data-spm-anchor-id=\"a2700.details.0.i147.548abb82CyHbJV\">\u00a0<\/span><\/span>Diese Tasche ist so konstruiert, dass sie h\u00e4ufigem Gebrauch standh\u00e4lt und gleichzeitig leicht und tragbar ist. Mit einem Gewicht von nur 0,44 kg bietet die Tasche eine gro\u00dfe Speicherkapazit\u00e4t, ohne unn\u00f6tig viel Platz einzunehmen.<\/p>","protected":false},"featured_media":2013,"comment_status":"open","ping_status":"closed","template":"","meta":{"site-sidebar-layout":"default","site-content-layout":"","ast-site-content-layout":"default","site-content-style":"default","site-sidebar-style":"default","ast-global-header-display":"","ast-banner-title-visibility":"","ast-main-header-display":"","ast-hfb-above-header-display":"","ast-hfb-below-header-display":"","ast-hfb-mobile-header-display":"","site-post-title":"","ast-breadcrumbs-content":"","ast-featured-img":"","footer-sml-layout":"","ast-disable-related-posts":"","theme-transparent-header-meta":"default","adv-header-id-meta":"","stick-header-meta":"","header-above-stick-meta":"","header-main-stick-meta":"","header-below-stick-meta":"","astra-migrate-meta-layouts":"set","ast-page-background-enabled":"default","ast-page-background-meta":{"desktop":{"background-color":"var(--ast-global-color-5)","background-image":"","background-repeat":"repeat","background-position":"center center","background-size":"auto","background-attachment":"scroll","background-type":"","background-media":"","overlay-type":"","overlay-color":"","overlay-opacity":"","overlay-gradient":""},"tablet":{"background-color":"","background-image":"","background-repeat":"repeat","background-position":"center center","background-size":"auto","background-attachment":"scroll","background-type":"","background-media":"","overlay-type":"","overlay-color":"","overlay-opacity":"","overlay-gradient":""},"mobile":{"background-color":"","background-image":"","background-repeat":"repeat","background-position":"center center","background-size":"auto","background-attachment":"scroll","background-type":"","background-media":"","overlay-type":"","overlay-color":"","overlay-opacity":"","overlay-gradient":""}},"ast-content-background-meta":{"desktop":{"background-color":"var(--ast-global-color-4)","background-image":"","background-repeat":"repeat","background-position":"center center","background-size":"auto","background-attachment":"scroll","background-type":"","background-media":"","overlay-type":"","overlay-color":"","overlay-opacity":"","overlay-gradient":""},"tablet":{"background-color":"var(--ast-global-color-4)","background-image":"","background-repeat":"repeat","background-position":"center center","background-size":"auto","background-attachment":"scroll","background-type":"","background-media":"","overlay-type":"","overlay-color":"","overlay-opacity":"","overlay-gradient":""},"mobile":{"background-color":"var(--ast-global-color-4)","background-image":"","background-repeat":"repeat","background-position":"center center","background-size":"auto","background-attachment":"scroll","background-type":"","background-media":"","overlay-type":"","overlay-color":"","overlay-opacity":"","overlay-gradient":""}}},"product_brand":[],"product_cat":[41],"product_tag":[],"class_list":{"0":"post-2009","1":"product","2":"type-product","3":"status-publish","4":"has-post-thumbnail","6":"product_cat-travel-bag","7":"desktop-align-left","8":"tablet-align-left","9":"mobile-align-left","11":"first","12":"instock","13":"shipping-taxable","14":"product-type-simple"},"_links":{"self":[{"href":"https:\/\/baijiabags.com\/de\/wp-json\/wp\/v2\/product\/2009","targetHints":{"allow":["GET"]}}],"collection":[{"href":"https:\/\/baijiabags.com\/de\/wp-json\/wp\/v2\/product"}],"about":[{"href":"https:\/\/baijiabags.com\/de\/wp-json\/wp\/v2\/types\/product"}],"replies":[{"embeddable":true,"href":"https:\/\/baijiabags.com\/de\/wp-json\/wp\/v2\/comments?post=2009"}],"wp:featuredmedia":[{"embeddable":true,"href":"https:\/\/baijiabags.com\/de\/wp-json\/wp\/v2\/media\/2013"}],"wp:attachment":[{"href":"https:\/\/baijiabags.com\/de\/wp-json\/wp\/v2\/media?parent=2009"}],"wp:term":[{"taxonomy":"product_brand","embeddable":true,"href":"https:\/\/baijiabags.com\/de\/wp-json\/wp\/v2\/product_brand?post=2009"},{"taxonomy":"product_cat","embeddable":true,"href":"https:\/\/baijiabags.com\/de\/wp-json\/wp\/v2\/product_cat?post=2009"},{"taxonomy":"product_tag","embeddable":true,"href":"https:\/\/baijiabags.com\/de\/wp-json\/wp\/v2\/product_tag?post=2009"}],"curies":[{"name":"wp","href":"https:\/\/api.w.org\/{rel}","templated":true}]}}