{"id":1998,"date":"2025-09-22T01:55:32","date_gmt":"2025-09-22T01:55:32","guid":{"rendered":"https:\/\/baijiabags.com\/?post_type=product&#038;p=1998"},"modified":"2025-11-01T01:26:13","modified_gmt":"2025-11-01T01:26:13","slug":"wholesale-customizable-mens-crossbody-bag-pu-leather-shoulder-bag-for-business-casual-travel","status":"publish","type":"product","link":"https:\/\/baijiabags.com\/de\/produkt\/wholesale-customizable-mens-crossbody-bag-pu-leather-shoulder-bag-for-business-casual-travel\/","title":{"rendered":"Gro\u00dfhandel anpassbare Herren Crossbody Tasche PU Leder Umh\u00e4ngetasche f\u00fcr Business Casual Travel"},"content":{"rendered":"<h2 data-start=\"777\" data-end=\"794\">Wesentliche Merkmale<\/h2>\n<ol data-start=\"796\" data-end=\"1783\">\n<li data-start=\"796\" data-end=\"920\">\n<p data-start=\"799\" data-end=\"920\"><strong data-start=\"799\" data-end=\"821\">Strapazierf\u00e4higes PU-Leder<\/strong> - Hochwertiges PU-Leder wurde ausgew\u00e4hlt, um Verschlei\u00dffestigkeit, Kratzfestigkeit und Wasserbest\u00e4ndigkeit zu gew\u00e4hrleisten.<\/p>\n<\/li>\n<li data-start=\"921\" data-end=\"1030\">\n<p data-start=\"924\" data-end=\"1030\"><strong data-start=\"924\" data-end=\"946\">Leichte Konstruktion<\/strong> - Die Tasche wurde so konzipiert, dass sie nur 0,5 kg wiegt und somit leicht zu transportieren ist.<\/p>\n<\/li>\n<li data-start=\"1031\" data-end=\"1173\">\n<p data-start=\"1034\" data-end=\"1173\"><strong data-start=\"1034\" data-end=\"1059\">Mehrere F\u00e4cher<\/strong> - Ein Hauptfach, eine Rei\u00dfverschlusstasche vorne und eine Rei\u00dfverschlusstasche hinten sorgen f\u00fcr Ordnung.<\/p>\n<\/li>\n<li data-start=\"1174\" data-end=\"1291\">\n<p data-start=\"1177\" data-end=\"1291\"><strong data-start=\"1177\" data-end=\"1202\">Wasserdichter Schutz<\/strong> - Eine wasserfeste Oberfl\u00e4che sch\u00fctzt die wichtigsten Gegenst\u00e4nde bei Outdoor-Aktivit\u00e4ten.<\/p>\n<\/li>\n<li data-start=\"1292\" data-end=\"1403\">\n<p data-start=\"1295\" data-end=\"1403\"><strong data-start=\"1295\" data-end=\"1319\">Anpassbare Optionen<\/strong> - Logos, Muster und Farben k\u00f6nnen f\u00fcr das Branding und die Personalisierung angepasst werden.<\/p>\n<\/li>\n<li data-start=\"1404\" data-end=\"1528\">\n<p data-start=\"1407\" data-end=\"1528\"><strong data-start=\"1407\" data-end=\"1435\">Ergonomische Trageweise<\/strong> - Das Design des Brustgurts sorgt f\u00fcr Komfort und verhindert Erm\u00fcdung der Schultern.<\/p>\n<\/li>\n<li data-start=\"1529\" data-end=\"1638\">\n<p data-start=\"1532\" data-end=\"1638\"><strong data-start=\"1532\" data-end=\"1558\">Vielseitige Anwendungen<\/strong> - Die Tasche wurde f\u00fcr Reisen, Gesch\u00e4ftsreisen und das t\u00e4gliche Pendeln konzipiert.<\/p>\n<\/li>\n<li data-start=\"1639\" data-end=\"1783\">\n<p data-start=\"1642\" data-end=\"1783\"><strong data-start=\"1642\" data-end=\"1663\">OEM- und ODM-Unterst\u00fctzung<\/strong> - Bei einer Mindestbestellmenge von 300 St\u00fcck k\u00f6nnen auch umfangreiche Anpassungen und Branding-Anforderungen ber\u00fccksichtigt werden.<\/p>\n<\/li>\n<\/ol>\n<h2 data-start=\"1790\" data-end=\"1809\">Spezifikationen<\/h2>\n<div class=\"_tableContainer_1rjym_1\">\n<div class=\"group _tableWrapper_1rjym_13 flex w-fit flex-col-reverse\" tabindex=\"-1\">\n<table class=\"w-fit min-w-(--thread-content-width)\" data-start=\"1811\" data-end=\"2873\">\n<thead data-start=\"1811\" data-end=\"1880\">\n<tr data-start=\"1811\" data-end=\"1880\">\n<th data-start=\"1811\" data-end=\"1838\" data-col-size=\"sm\"><strong data-start=\"1813\" data-end=\"1821\">Artikel<\/strong><\/th>\n<th data-start=\"1838\" data-end=\"1880\" data-col-size=\"md\"><strong data-start=\"1840\" data-end=\"1851\">Einzelheiten<\/strong><\/th>\n<\/tr>\n<\/thead>\n<tbody data-start=\"1952\" data-end=\"2873\">\n<tr data-start=\"1952\" data-end=\"2021\">\n<td data-start=\"1952\" data-end=\"1979\" data-col-size=\"sm\">Produktname<\/td>\n<td data-start=\"1979\" data-end=\"2021\" data-col-size=\"md\">Brustbeutel<\/td>\n<\/tr>\n<tr data-start=\"2022\" data-end=\"2091\">\n<td data-start=\"2022\" data-end=\"2049\" data-col-size=\"sm\">Marke<\/td>\n<td data-start=\"2049\" data-end=\"2091\" data-col-size=\"md\">RONEER<\/td>\n<\/tr>\n<tr data-start=\"2092\" data-end=\"2161\">\n<td data-start=\"2092\" data-end=\"2119\" data-col-size=\"sm\">Modellnummer<\/td>\n<td data-start=\"2119\" data-end=\"2161\" data-col-size=\"md\">BJ-119A<\/td>\n<\/tr>\n<tr data-start=\"2162\" data-end=\"2231\">\n<td data-start=\"2162\" data-end=\"2189\" data-col-size=\"sm\">Ort der Herkunft<\/td>\n<td data-start=\"2189\" data-end=\"2231\" data-col-size=\"md\">Guangdong, China<\/td>\n<\/tr>\n<tr data-start=\"2232\" data-end=\"2302\">\n<td data-start=\"2232\" data-end=\"2259\" data-col-size=\"sm\">Stil<\/td>\n<td data-start=\"2259\" data-end=\"2302\" data-col-size=\"md\">Business Casual \/ Einfache Mode<\/td>\n<\/tr>\n<tr data-start=\"2303\" data-end=\"2372\">\n<td data-start=\"2303\" data-end=\"2330\" data-col-size=\"sm\">Hauptmaterial<\/td>\n<td data-start=\"2330\" data-end=\"2372\" data-col-size=\"md\">PU-Leder<\/td>\n<\/tr>\n<tr data-start=\"2373\" data-end=\"2442\">\n<td data-start=\"2373\" data-end=\"2400\" data-col-size=\"sm\">Muster Typ<\/td>\n<td data-start=\"2400\" data-end=\"2442\" data-col-size=\"md\">Kundenspezifisches Logo verf\u00fcgbar<\/td>\n<\/tr>\n<tr data-start=\"2443\" data-end=\"2512\">\n<td data-start=\"2443\" data-end=\"2470\" data-col-size=\"sm\">Gewicht<\/td>\n<td data-start=\"2470\" data-end=\"2512\" data-col-size=\"md\">0,5 kg<\/td>\n<\/tr>\n<tr data-start=\"2513\" data-end=\"2592\">\n<td data-start=\"2513\" data-end=\"2541\" data-col-size=\"sm\">Struktur<\/td>\n<td data-start=\"2541\" data-end=\"2592\" data-col-size=\"md\">Hauptfach, Rei\u00dfverschlusstaschen vorne und hinten<\/td>\n<\/tr>\n<tr data-start=\"2593\" data-end=\"2662\">\n<td data-start=\"2593\" data-end=\"2620\" data-col-size=\"sm\">Farboptionen<\/td>\n<td data-start=\"2620\" data-end=\"2662\" data-col-size=\"md\">Anpassbar<\/td>\n<\/tr>\n<tr data-start=\"2663\" data-end=\"2733\">\n<td data-start=\"2663\" data-end=\"2690\" data-col-size=\"sm\">Methode der Bef\u00f6rderung<\/td>\n<td data-start=\"2690\" data-end=\"2733\" data-col-size=\"md\">Crossbody \/ Brustgurt<\/td>\n<\/tr>\n<tr data-start=\"2734\" data-end=\"2803\">\n<td data-start=\"2734\" data-end=\"2761\" data-col-size=\"sm\">Merkmal<\/td>\n<td data-start=\"2761\" data-end=\"2803\" data-col-size=\"md\">Wasserdicht<\/td>\n<\/tr>\n<tr data-start=\"2804\" data-end=\"2873\">\n<td data-start=\"2804\" data-end=\"2831\" data-col-size=\"sm\">MOQ<\/td>\n<td data-start=\"2831\" data-end=\"2873\" data-col-size=\"md\">300 St\u00fcck<\/td>\n<\/tr>\n<\/tbody>\n<\/table>\n<\/div>\n<\/div>\n<h2 data-start=\"2880\" data-end=\"2897\">Anwendungen<\/h2>\n<ul data-start=\"2899\" data-end=\"3375\">\n<li data-start=\"2899\" data-end=\"3009\">\n<p data-start=\"2901\" data-end=\"3009\"><strong data-start=\"2901\" data-end=\"2914\">Reisen<\/strong> - Die wichtigsten Dinge des t\u00e4glichen Lebens k\u00f6nnen sicher aufbewahrt werden, w\u00e4hrend sie gleichzeitig eine leichte Tragel\u00f6sung darstellen.<\/p>\n<\/li>\n<li data-start=\"3010\" data-end=\"3127\">\n<p data-start=\"3012\" data-end=\"3127\"><strong data-start=\"3012\" data-end=\"3024\">Business<\/strong> - Wichtige Gegenst\u00e4nde wie Telefone, Tablets und Dokumente k\u00f6nnen auf professionelle Weise transportiert werden.<\/p>\n<\/li>\n<li data-start=\"3128\" data-end=\"3247\">\n<p data-start=\"3130\" data-end=\"3247\"><strong data-start=\"3130\" data-end=\"3148\">Freizeitausfl\u00fcge<\/strong> - Dank ihres modischen Aussehens kann die Tasche bei Freizeitaktivit\u00e4ten oder beim Einkaufen getragen werden.<\/p>\n<\/li>\n<li data-start=\"3248\" data-end=\"3375\">\n<p data-start=\"3250\" data-end=\"3375\"><strong data-start=\"3250\" data-end=\"3269\">F\u00f6rderung der Marke<\/strong> - Dank individueller Logos und Farben eignet sich die Tasche f\u00fcr Firmengeschenke, Merchandising oder Branding im Einzelhandel.<\/p>\n<\/li>\n<\/ul>\n<p data-start=\"3382\" data-end=\"3547\">Wenn Sie sich f\u00fcr dieses Thema interessieren <strong data-start=\"3412\" data-end=\"3442\">RONEER Herren Umh\u00e4ngetasche<\/strong>setzen Sie sich bitte mit uns in Verbindung, um kostenlose Muster zu erhalten. ODM &amp; OEM-Dienstleistungen werden angeboten, um Ihre Anpassungsanforderungen zu erf\u00fcllen.<\/p>","protected":false},"excerpt":{"rendered":"<p>Die <strong data-start=\"291\" data-end=\"337\">Gro\u00dfhandel anpassbare M\u00e4nner Crossbody Tasche<\/strong> von <strong data-start=\"341\" data-end=\"351\">RONEER<\/strong> wurde mit einem ausgewogenen Verh\u00e4ltnis von Mode, Praktikabilit\u00e4t und Langlebigkeit entworfen. Die aus hochwertigem PU-Leder gefertigte Tasche h\u00e4lt dem t\u00e4glichen Gebrauch stand und bietet gleichzeitig ein elegantes und modernes Aussehen. Das geringe Gewicht von 0,5 kg sorgt daf\u00fcr, dass der Tragekomfort auch bei langen Tragezeiten erhalten bleibt. Mit ihrem Business-Casual-Appeal eignet sich die Tasche f\u00fcr Reisen, Arbeit und den t\u00e4glichen urbanen Lebensstil.<\/p>","protected":false},"featured_media":2002,"comment_status":"open","ping_status":"closed","template":"","meta":{"site-sidebar-layout":"default","site-content-layout":"","ast-site-content-layout":"default","site-content-style":"default","site-sidebar-style":"default","ast-global-header-display":"","ast-banner-title-visibility":"","ast-main-header-display":"","ast-hfb-above-header-display":"","ast-hfb-below-header-display":"","ast-hfb-mobile-header-display":"","site-post-title":"","ast-breadcrumbs-content":"","ast-featured-img":"","footer-sml-layout":"","ast-disable-related-posts":"","theme-transparent-header-meta":"default","adv-header-id-meta":"","stick-header-meta":"","header-above-stick-meta":"","header-main-stick-meta":"","header-below-stick-meta":"","astra-migrate-meta-layouts":"set","ast-page-background-enabled":"default","ast-page-background-meta":{"desktop":{"background-color":"var(--ast-global-color-5)","background-image":"","background-repeat":"repeat","background-position":"center center","background-size":"auto","background-attachment":"scroll","background-type":"","background-media":"","overlay-type":"","overlay-color":"","overlay-opacity":"","overlay-gradient":""},"tablet":{"background-color":"","background-image":"","background-repeat":"repeat","background-position":"center center","background-size":"auto","background-attachment":"scroll","background-type":"","background-media":"","overlay-type":"","overlay-color":"","overlay-opacity":"","overlay-gradient":""},"mobile":{"background-color":"","background-image":"","background-repeat":"repeat","background-position":"center center","background-size":"auto","background-attachment":"scroll","background-type":"","background-media":"","overlay-type":"","overlay-color":"","overlay-opacity":"","overlay-gradient":""}},"ast-content-background-meta":{"desktop":{"background-color":"var(--ast-global-color-4)","background-image":"","background-repeat":"repeat","background-position":"center center","background-size":"auto","background-attachment":"scroll","background-type":"","background-media":"","overlay-type":"","overlay-color":"","overlay-opacity":"","overlay-gradient":""},"tablet":{"background-color":"var(--ast-global-color-4)","background-image":"","background-repeat":"repeat","background-position":"center center","background-size":"auto","background-attachment":"scroll","background-type":"","background-media":"","overlay-type":"","overlay-color":"","overlay-opacity":"","overlay-gradient":""},"mobile":{"background-color":"var(--ast-global-color-4)","background-image":"","background-repeat":"repeat","background-position":"center center","background-size":"auto","background-attachment":"scroll","background-type":"","background-media":"","overlay-type":"","overlay-color":"","overlay-opacity":"","overlay-gradient":""}}},"product_brand":[],"product_cat":[51,53],"product_tag":[],"class_list":{"0":"post-1998","1":"product","2":"type-product","3":"status-publish","4":"has-post-thumbnail","6":"product_cat-chest-bag","7":"product_cat-mens-bag","8":"desktop-align-left","9":"tablet-align-left","10":"mobile-align-left","12":"first","13":"instock","14":"shipping-taxable","15":"product-type-simple"},"_links":{"self":[{"href":"https:\/\/baijiabags.com\/de\/wp-json\/wp\/v2\/product\/1998","targetHints":{"allow":["GET"]}}],"collection":[{"href":"https:\/\/baijiabags.com\/de\/wp-json\/wp\/v2\/product"}],"about":[{"href":"https:\/\/baijiabags.com\/de\/wp-json\/wp\/v2\/types\/product"}],"replies":[{"embeddable":true,"href":"https:\/\/baijiabags.com\/de\/wp-json\/wp\/v2\/comments?post=1998"}],"wp:featuredmedia":[{"embeddable":true,"href":"https:\/\/baijiabags.com\/de\/wp-json\/wp\/v2\/media\/2002"}],"wp:attachment":[{"href":"https:\/\/baijiabags.com\/de\/wp-json\/wp\/v2\/media?parent=1998"}],"wp:term":[{"taxonomy":"product_brand","embeddable":true,"href":"https:\/\/baijiabags.com\/de\/wp-json\/wp\/v2\/product_brand?post=1998"},{"taxonomy":"product_cat","embeddable":true,"href":"https:\/\/baijiabags.com\/de\/wp-json\/wp\/v2\/product_cat?post=1998"},{"taxonomy":"product_tag","embeddable":true,"href":"https:\/\/baijiabags.com\/de\/wp-json\/wp\/v2\/product_tag?post=1998"}],"curies":[{"name":"wp","href":"https:\/\/api.w.org\/{rel}","templated":true}]}}