{"id":1964,"date":"2025-09-20T07:43:00","date_gmt":"2025-09-20T07:43:00","guid":{"rendered":"https:\/\/baijiabags.com\/?post_type=product&#038;p=1964"},"modified":"2025-11-01T01:25:20","modified_gmt":"2025-11-01T01:25:20","slug":"custom-wholesale-pu-leather-mens-crossbody-bag-with-laptop-compartment-durable-business-office-travel-bag","status":"publish","type":"product","link":"https:\/\/baijiabags.com\/de\/produkt\/custom-wholesale-pu-leather-mens-crossbody-bag-with-laptop-compartment-durable-business-office-travel-bag\/","title":{"rendered":"Benutzerdefinierte Gro\u00dfhandel PU Leder Herren Crossbody Tasche mit Laptop-Fach Durable Business Office Travel Bag"},"content":{"rendered":"<h3 data-start=\"725\" data-end=\"741\">Wesentliche Merkmale<\/h3>\n<ol data-start=\"742\" data-end=\"1347\">\n<li data-start=\"742\" data-end=\"827\">\n<p data-start=\"744\" data-end=\"827\">Hergestellt aus strapazierf\u00e4higem PU-Leder, das Kratzern widersteht und einen polierten Look bewahrt<\/p>\n<\/li>\n<li data-start=\"828\" data-end=\"908\">\n<p data-start=\"830\" data-end=\"908\">Ausgestattet mit einer wasserdichten Beschichtung zum Schutz von Gegenst\u00e4nden vor Regen und Versch\u00fcttungen<\/p>\n<\/li>\n<li data-start=\"909\" data-end=\"984\">\n<p data-start=\"911\" data-end=\"984\">Ger\u00e4umiges Laptopfach f\u00fcr die meisten Laptops<\/p>\n<\/li>\n<li data-start=\"985\" data-end=\"1058\">\n<p data-start=\"987\" data-end=\"1058\">Mehrere Innen- und Au\u00dfentaschen f\u00fcr organisierte Aufbewahrung<\/p>\n<\/li>\n<li data-start=\"1059\" data-end=\"1131\">\n<p data-start=\"1061\" data-end=\"1131\">Gesichert mit einem hochwertigen Rei\u00dfverschluss, der bei Bedarf angepasst werden kann<\/p>\n<\/li>\n<li data-start=\"1132\" data-end=\"1199\">\n<p data-start=\"1134\" data-end=\"1199\">Das geringe Gewicht von 1,06 kg erm\u00f6glicht ein bequemes t\u00e4gliches Tragen<\/p>\n<\/li>\n<li data-start=\"1200\" data-end=\"1277\">\n<p data-start=\"1202\" data-end=\"1277\">Modischer Crossbody-Stil, geeignet f\u00fcr Business, Reisen und B\u00fcro<\/p>\n<\/li>\n<li data-start=\"1278\" data-end=\"1347\">\n<p data-start=\"1280\" data-end=\"1347\">Einfach zu pflegen und zu reinigen, damit die Tasche jahrelang wie neu aussieht<\/p>\n<\/li>\n<\/ol>\n<p><img fetchpriority=\"high\" decoding=\"async\" class=\"aligncenter wp-image-1969 size-full\" src=\"https:\/\/baijiabags.com\/wp-content\/uploads\/2025\/09\/1-5-4.png\" alt=\"Custom Wholesale PU Leather Men\u2019s Crossbody Bag with Laptop Compartment Durable Business Office Travel Bag\" width=\"800\" height=\"800\" srcset=\"https:\/\/baijiabags.com\/wp-content\/uploads\/2025\/09\/1-5-4.png 800w, https:\/\/baijiabags.com\/wp-content\/uploads\/2025\/09\/1-5-4-300x300.png 300w, https:\/\/baijiabags.com\/wp-content\/uploads\/2025\/09\/1-5-4-150x150.png 150w, https:\/\/baijiabags.com\/wp-content\/uploads\/2025\/09\/1-5-4-768x768.png 768w, https:\/\/baijiabags.com\/wp-content\/uploads\/2025\/09\/1-5-4-12x12.png 12w, https:\/\/baijiabags.com\/wp-content\/uploads\/2025\/09\/1-5-4-600x600.png 600w, https:\/\/baijiabags.com\/wp-content\/uploads\/2025\/09\/1-5-4-100x100.png 100w\" sizes=\"(max-width: 800px) 100vw, 800px\" \/><\/p>\n<h3 data-start=\"1349\" data-end=\"1367\">Spezifikationen<\/h3>\n<div class=\"_tableContainer_1rjym_1\">\n<div class=\"group _tableWrapper_1rjym_13 flex w-fit flex-col-reverse\" tabindex=\"-1\">\n<table class=\"w-fit min-w-(--thread-content-width)\" data-start=\"1368\" data-end=\"1726\">\n<thead data-start=\"1368\" data-end=\"1391\">\n<tr data-start=\"1368\" data-end=\"1391\">\n<th data-start=\"1368\" data-end=\"1380\" data-col-size=\"sm\">Parameter<\/th>\n<th data-start=\"1380\" data-end=\"1391\" data-col-size=\"sm\">Einzelheiten<\/th>\n<\/tr>\n<\/thead>\n<tbody data-start=\"1416\" data-end=\"1726\">\n<tr data-start=\"1416\" data-end=\"1454\">\n<td data-start=\"1416\" data-end=\"1431\" data-col-size=\"sm\">Produktname<\/td>\n<td data-start=\"1431\" data-end=\"1454\" data-col-size=\"sm\">Herren Crossbody Tasche<\/td>\n<\/tr>\n<tr data-start=\"1455\" data-end=\"1473\">\n<td data-start=\"1455\" data-end=\"1463\" data-col-size=\"sm\">Marke<\/td>\n<td data-start=\"1463\" data-end=\"1473\" data-col-size=\"sm\">RONEER<\/td>\n<\/tr>\n<tr data-start=\"1474\" data-end=\"1492\">\n<td data-start=\"1474\" data-end=\"1482\" data-col-size=\"sm\">Modell<\/td>\n<td data-start=\"1482\" data-end=\"1492\" data-col-size=\"sm\">BJ-093<\/td>\n<\/tr>\n<tr data-start=\"1493\" data-end=\"1518\">\n<td data-start=\"1493\" data-end=\"1504\" data-col-size=\"sm\">Material<\/td>\n<td data-start=\"1504\" data-end=\"1518\" data-col-size=\"sm\">PU-Leder<\/td>\n<\/tr>\n<tr data-start=\"1519\" data-end=\"1539\">\n<td data-start=\"1519\" data-end=\"1528\" data-col-size=\"sm\">Gewicht<\/td>\n<td data-start=\"1528\" data-end=\"1539\" data-col-size=\"sm\">1,06 kg<\/td>\n<\/tr>\n<tr data-start=\"1540\" data-end=\"1557\">\n<td data-start=\"1540\" data-end=\"1548\" data-col-size=\"sm\">Farbe<\/td>\n<td data-start=\"1548\" data-end=\"1557\" data-col-size=\"sm\">Schwarz<\/td>\n<\/tr>\n<tr data-start=\"1558\" data-end=\"1598\">\n<td data-start=\"1558\" data-end=\"1573\" data-col-size=\"sm\">Verschlussart<\/td>\n<td data-start=\"1573\" data-end=\"1598\" data-col-size=\"sm\">Rei\u00dfverschluss (anpassbar)<\/td>\n<\/tr>\n<tr data-start=\"1599\" data-end=\"1623\">\n<td data-start=\"1599\" data-end=\"1609\" data-col-size=\"sm\">Merkmal<\/td>\n<td data-start=\"1609\" data-end=\"1623\" data-col-size=\"sm\">Wasserdicht<\/td>\n<\/tr>\n<tr data-start=\"1624\" data-end=\"1658\">\n<td data-start=\"1624\" data-end=\"1635\" data-col-size=\"sm\">Kapazit\u00e4t<\/td>\n<td data-start=\"1635\" data-end=\"1658\" data-col-size=\"sm\">Day Laptop-Rucksack<\/td>\n<\/tr>\n<tr data-start=\"1659\" data-end=\"1676\">\n<td data-start=\"1659\" data-end=\"1665\" data-col-size=\"sm\">MOQ<\/td>\n<td data-start=\"1665\" data-end=\"1676\" data-col-size=\"sm\">300 St\u00fcck<\/td>\n<\/tr>\n<tr data-start=\"1677\" data-end=\"1706\">\n<td data-start=\"1677\" data-end=\"1686\" data-col-size=\"sm\">Herkunft<\/td>\n<td data-start=\"1686\" data-end=\"1706\" data-col-size=\"sm\">Guangdong, China<\/td>\n<\/tr>\n<tr data-start=\"1707\" data-end=\"1726\">\n<td data-start=\"1707\" data-end=\"1715\" data-col-size=\"sm\">Stil<\/td>\n<td data-start=\"1715\" data-end=\"1726\" data-col-size=\"sm\">Mode<\/td>\n<\/tr>\n<\/tbody>\n<\/table>\n<\/div>\n<\/div>\n<h3 data-start=\"1728\" data-end=\"1744\">Anwendungen<\/h3>\n<ul data-start=\"1745\" data-end=\"1935\">\n<li data-start=\"1745\" data-end=\"1790\">\n<p data-start=\"1747\" data-end=\"1790\">B\u00fcro- und Gesch\u00e4ftstreffen<\/p>\n<\/li>\n<li data-start=\"1791\" data-end=\"1822\">\n<p data-start=\"1793\" data-end=\"1822\">Reisen im Freien oder Tagesausfl\u00fcge<\/p>\n<\/li>\n<li data-start=\"1823\" data-end=\"1850\">\n<p data-start=\"1825\" data-end=\"1850\">Nutzung durch Hochschulen und Studenten<\/p>\n<\/li>\n<li data-start=\"1851\" data-end=\"1874\">\n<p data-start=\"1853\" data-end=\"1874\">Allt\u00e4glicher Freizeitgebrauch<\/p>\n<\/li>\n<li data-start=\"1875\" data-end=\"1935\">\n<p data-start=\"1877\" data-end=\"1935\">Leichter Transport f\u00fcr Laptops, Dokumente und andere wichtige Dinge<\/p>\n<\/li>\n<\/ul>\n<p data-start=\"1937\" data-end=\"2150\">Wenn Sie an dieser RONEER Crossbody Bag f\u00fcr Herren interessiert sind, kontaktieren Sie uns bitte, um ein Muster anzufordern. Wir bieten sowohl ODM- als auch OEM-Dienstleistungen an, die kundenspezifische Branding- und Designanpassungen erm\u00f6glichen, um Ihren gesch\u00e4ftlichen Anforderungen gerecht zu werden.<\/p>","protected":false},"excerpt":{"rendered":"<p>Die RONEER Men's Crossbody Bag wurde f\u00fcr moderne Berufst\u00e4tige entwickelt, die eine stilvolle und funktionelle Tasche f\u00fcr den t\u00e4glichen Gebrauch ben\u00f6tigen. Die aus hochwertigem PU-Leder gefertigte Tasche kombiniert Langlebigkeit mit einem eleganten, modischen Design. Ihr geringes Gewicht von nur 1,06 kg sorgt f\u00fcr bequemen Tragekomfort und bietet Platz f\u00fcr wichtige Gegenst\u00e4nde wie Laptops, Tablets und Dokumente. Die Tasche ist in klassischem Schwarz erh\u00e4ltlich und eignet sich sowohl f\u00fcr das B\u00fcro als auch f\u00fcr legere Outdoor-Aktivit\u00e4ten.<\/p>","protected":false},"featured_media":1967,"comment_status":"open","ping_status":"closed","template":"","meta":{"site-sidebar-layout":"default","site-content-layout":"","ast-site-content-layout":"default","site-content-style":"default","site-sidebar-style":"default","ast-global-header-display":"","ast-banner-title-visibility":"","ast-main-header-display":"","ast-hfb-above-header-display":"","ast-hfb-below-header-display":"","ast-hfb-mobile-header-display":"","site-post-title":"","ast-breadcrumbs-content":"","ast-featured-img":"","footer-sml-layout":"","ast-disable-related-posts":"","theme-transparent-header-meta":"default","adv-header-id-meta":"","stick-header-meta":"","header-above-stick-meta":"","header-main-stick-meta":"","header-below-stick-meta":"","astra-migrate-meta-layouts":"set","ast-page-background-enabled":"default","ast-page-background-meta":{"desktop":{"background-color":"var(--ast-global-color-5)","background-image":"","background-repeat":"repeat","background-position":"center center","background-size":"auto","background-attachment":"scroll","background-type":"","background-media":"","overlay-type":"","overlay-color":"","overlay-opacity":"","overlay-gradient":""},"tablet":{"background-color":"","background-image":"","background-repeat":"repeat","background-position":"center center","background-size":"auto","background-attachment":"scroll","background-type":"","background-media":"","overlay-type":"","overlay-color":"","overlay-opacity":"","overlay-gradient":""},"mobile":{"background-color":"","background-image":"","background-repeat":"repeat","background-position":"center center","background-size":"auto","background-attachment":"scroll","background-type":"","background-media":"","overlay-type":"","overlay-color":"","overlay-opacity":"","overlay-gradient":""}},"ast-content-background-meta":{"desktop":{"background-color":"var(--ast-global-color-4)","background-image":"","background-repeat":"repeat","background-position":"center center","background-size":"auto","background-attachment":"scroll","background-type":"","background-media":"","overlay-type":"","overlay-color":"","overlay-opacity":"","overlay-gradient":""},"tablet":{"background-color":"var(--ast-global-color-4)","background-image":"","background-repeat":"repeat","background-position":"center center","background-size":"auto","background-attachment":"scroll","background-type":"","background-media":"","overlay-type":"","overlay-color":"","overlay-opacity":"","overlay-gradient":""},"mobile":{"background-color":"var(--ast-global-color-4)","background-image":"","background-repeat":"repeat","background-position":"center center","background-size":"auto","background-attachment":"scroll","background-type":"","background-media":"","overlay-type":"","overlay-color":"","overlay-opacity":"","overlay-gradient":""}}},"product_brand":[],"product_cat":[40,53],"product_tag":[],"class_list":{"0":"post-1964","1":"product","2":"type-product","3":"status-publish","4":"has-post-thumbnail","6":"product_cat-briefcase-bag","7":"product_cat-mens-bag","8":"desktop-align-left","9":"tablet-align-left","10":"mobile-align-left","12":"first","13":"instock","14":"shipping-taxable","15":"product-type-simple"},"_links":{"self":[{"href":"https:\/\/baijiabags.com\/de\/wp-json\/wp\/v2\/product\/1964","targetHints":{"allow":["GET"]}}],"collection":[{"href":"https:\/\/baijiabags.com\/de\/wp-json\/wp\/v2\/product"}],"about":[{"href":"https:\/\/baijiabags.com\/de\/wp-json\/wp\/v2\/types\/product"}],"replies":[{"embeddable":true,"href":"https:\/\/baijiabags.com\/de\/wp-json\/wp\/v2\/comments?post=1964"}],"wp:featuredmedia":[{"embeddable":true,"href":"https:\/\/baijiabags.com\/de\/wp-json\/wp\/v2\/media\/1967"}],"wp:attachment":[{"href":"https:\/\/baijiabags.com\/de\/wp-json\/wp\/v2\/media?parent=1964"}],"wp:term":[{"taxonomy":"product_brand","embeddable":true,"href":"https:\/\/baijiabags.com\/de\/wp-json\/wp\/v2\/product_brand?post=1964"},{"taxonomy":"product_cat","embeddable":true,"href":"https:\/\/baijiabags.com\/de\/wp-json\/wp\/v2\/product_cat?post=1964"},{"taxonomy":"product_tag","embeddable":true,"href":"https:\/\/baijiabags.com\/de\/wp-json\/wp\/v2\/product_tag?post=1964"}],"curies":[{"name":"wp","href":"https:\/\/api.w.org\/{rel}","templated":true}]}}