{"id":1954,"date":"2025-09-20T07:12:41","date_gmt":"2025-09-20T07:12:41","guid":{"rendered":"https:\/\/baijiabags.com\/?post_type=product&#038;p=1954"},"modified":"2025-09-20T07:18:21","modified_gmt":"2025-09-20T07:18:21","slug":"womens-travel-makeup-bag-set-waterproof-zipper-organizer-cute-cosmetic-pouch-for-girls","status":"publish","type":"product","link":"https:\/\/baijiabags.com\/de\/produkt\/womens-travel-makeup-bag-set-waterproof-zipper-organizer-cute-cosmetic-pouch-for-girls\/","title":{"rendered":"Women's Travel Makeup Bag Set Wasserdicht Rei\u00dfverschluss Veranstalter Cute Cosmetic Pouch f\u00fcr M\u00e4dchen"},"content":{"rendered":"<h2 data-start=\"683\" data-end=\"700\">Wesentliche Merkmale<\/h2>\n<ol data-start=\"701\" data-end=\"1636\">\n<li data-start=\"701\" data-end=\"813\">\n<p data-start=\"704\" data-end=\"813\"><strong data-start=\"704\" data-end=\"729\">Hochwertiges Material<\/strong> - Das PVC-Gewebe sorgt f\u00fcr Langlebigkeit, Weichheit und leichtes Handling.<\/p>\n<\/li>\n<li data-start=\"814\" data-end=\"919\">\n<p data-start=\"817\" data-end=\"919\"><strong data-start=\"817\" data-end=\"843\">Wasserdichtes Design<\/strong> - Die Oberfl\u00e4che ist wasserabweisend behandelt, damit Kosmetika trocken und sicher bleiben.<\/p>\n<\/li>\n<li data-start=\"920\" data-end=\"1027\">\n<p data-start=\"923\" data-end=\"1027\"><strong data-start=\"923\" data-end=\"950\">Zuverl\u00e4ssiger Rei\u00dfverschluss<\/strong> - Ein stabiler Rei\u00dfverschluss sorgt f\u00fcr reibungsloses \u00d6ffnen und sicheren Verschluss.<\/p>\n<\/li>\n<li data-start=\"1028\" data-end=\"1133\">\n<p data-start=\"1031\" data-end=\"1133\"><strong data-start=\"1031\" data-end=\"1055\">Anpassbare Optionen<\/strong> - Farbe, Gr\u00f6\u00dfe und Logo k\u00f6nnen je nach Kundenwunsch angepasst werden.<\/p>\n<\/li>\n<li data-start=\"1134\" data-end=\"1269\">\n<p data-start=\"1137\" data-end=\"1269\"><strong data-start=\"1137\" data-end=\"1167\">Tragbar und reisefreundlich<\/strong> - Dank der kompakten Abmessungen l\u00e4sst sich die Tasche bequem in Handtaschen, Gep\u00e4ckst\u00fccken oder Rucks\u00e4cken transportieren.<\/p>\n<\/li>\n<li data-start=\"1270\" data-end=\"1400\">\n<p data-start=\"1273\" data-end=\"1400\"><strong data-start=\"1273\" data-end=\"1301\">Multifunktionale Lagerung<\/strong> - Kosmetika, Hautpflegeprodukte, kleine Accessoires oder Reiseutensilien lassen sich problemlos unterbringen.<\/p>\n<\/li>\n<li data-start=\"1401\" data-end=\"1520\">\n<p data-start=\"1404\" data-end=\"1520\"><strong data-start=\"1404\" data-end=\"1430\">Modische Erscheinung<\/strong> - Das schicke Design macht sie sowohl f\u00fcr den t\u00e4glichen Gebrauch als auch f\u00fcr Reisen geeignet.<\/p>\n<\/li>\n<li data-start=\"1521\" data-end=\"1636\">\n<p data-start=\"1524\" data-end=\"1636\"><strong data-start=\"1524\" data-end=\"1555\">OEM- und ODM-Service wird unterst\u00fctzt<\/strong> - Personalisiertes Branding und ma\u00dfgeschneiderte Designs k\u00f6nnen f\u00fcr Gro\u00dfauftr\u00e4ge angefordert werden.<\/p>\n<\/li>\n<\/ol>\n<p><img fetchpriority=\"high\" decoding=\"async\" class=\"aligncenter wp-image-1955 size-full\" src=\"https:\/\/baijiabags.com\/wp-content\/uploads\/2025\/09\/1-1-5.png\" alt=\"Women\u2019s Travel Makeup Bag Set Waterproof Zipper Organizer Cute Cosmetic Pouch for Girls\" width=\"800\" height=\"800\" srcset=\"https:\/\/baijiabags.com\/wp-content\/uploads\/2025\/09\/1-1-5.png 800w, https:\/\/baijiabags.com\/wp-content\/uploads\/2025\/09\/1-1-5-300x300.png 300w, https:\/\/baijiabags.com\/wp-content\/uploads\/2025\/09\/1-1-5-150x150.png 150w, https:\/\/baijiabags.com\/wp-content\/uploads\/2025\/09\/1-1-5-768x768.png 768w, https:\/\/baijiabags.com\/wp-content\/uploads\/2025\/09\/1-1-5-12x12.png 12w, https:\/\/baijiabags.com\/wp-content\/uploads\/2025\/09\/1-1-5-600x600.png 600w, https:\/\/baijiabags.com\/wp-content\/uploads\/2025\/09\/1-1-5-100x100.png 100w\" sizes=\"(max-width: 800px) 100vw, 800px\" \/><\/p>\n<h2 data-start=\"1643\" data-end=\"1662\">Spezifikationen<\/h2>\n<div class=\"_tableContainer_1rjym_1\">\n<div class=\"group _tableWrapper_1rjym_13 flex w-fit flex-col-reverse\" tabindex=\"-1\">\n<table class=\"w-fit min-w-(--thread-content-width)\" data-start=\"1664\" data-end=\"2671\">\n<thead data-start=\"1664\" data-end=\"1726\">\n<tr data-start=\"1664\" data-end=\"1726\">\n<th data-start=\"1664\" data-end=\"1686\" data-col-size=\"sm\">Parameter<\/th>\n<th data-start=\"1686\" data-end=\"1726\" data-col-size=\"sm\">Beschreibung<\/th>\n<\/tr>\n<\/thead>\n<tbody data-start=\"1790\" data-end=\"2671\">\n<tr data-start=\"1790\" data-end=\"1852\">\n<td data-start=\"1790\" data-end=\"1812\" data-col-size=\"sm\">Produktname<\/td>\n<td data-start=\"1812\" data-end=\"1852\" data-col-size=\"sm\">Kosmetiktaschen-Set f\u00fcr Frauen<\/td>\n<\/tr>\n<tr data-start=\"1853\" data-end=\"1915\">\n<td data-start=\"1853\" data-end=\"1875\" data-col-size=\"sm\">Marke<\/td>\n<td data-start=\"1875\" data-end=\"1915\" data-col-size=\"sm\">RONEER<\/td>\n<\/tr>\n<tr data-start=\"1916\" data-end=\"1978\">\n<td data-start=\"1916\" data-end=\"1938\" data-col-size=\"sm\">Modell Nr.<\/td>\n<td data-start=\"1938\" data-end=\"1978\" data-col-size=\"sm\">GB-4528<\/td>\n<\/tr>\n<tr data-start=\"1979\" data-end=\"2041\">\n<td data-start=\"1979\" data-end=\"2001\" data-col-size=\"sm\">Herkunft<\/td>\n<td data-start=\"2001\" data-end=\"2041\" data-col-size=\"sm\">Guangdong, China<\/td>\n<\/tr>\n<tr data-start=\"2042\" data-end=\"2104\">\n<td data-start=\"2042\" data-end=\"2064\" data-col-size=\"sm\">Stil<\/td>\n<td data-start=\"2064\" data-end=\"2104\" data-col-size=\"sm\">Mode<\/td>\n<\/tr>\n<tr data-start=\"2105\" data-end=\"2167\">\n<td data-start=\"2105\" data-end=\"2127\" data-col-size=\"sm\">Farbe<\/td>\n<td data-start=\"2127\" data-end=\"2167\" data-col-size=\"sm\">Kundenspezifische Farbe verf\u00fcgbar<\/td>\n<\/tr>\n<tr data-start=\"2168\" data-end=\"2230\">\n<td data-start=\"2168\" data-end=\"2190\" data-col-size=\"sm\">Gr\u00f6\u00dfe<\/td>\n<td data-start=\"2190\" data-end=\"2230\" data-col-size=\"sm\">Benutzerdefinierte Gr\u00f6\u00dfe akzeptiert<\/td>\n<\/tr>\n<tr data-start=\"2231\" data-end=\"2293\">\n<td data-start=\"2231\" data-end=\"2253\" data-col-size=\"sm\">Material<\/td>\n<td data-start=\"2253\" data-end=\"2293\" data-col-size=\"sm\">PVC<\/td>\n<\/tr>\n<tr data-start=\"2294\" data-end=\"2356\">\n<td data-start=\"2294\" data-end=\"2316\" data-col-size=\"sm\">Verschlussart<\/td>\n<td data-start=\"2316\" data-end=\"2356\" data-col-size=\"sm\">Rei\u00dfverschluss<\/td>\n<\/tr>\n<tr data-start=\"2357\" data-end=\"2419\">\n<td data-start=\"2357\" data-end=\"2379\" data-col-size=\"sm\">Logo<\/td>\n<td data-start=\"2379\" data-end=\"2419\" data-col-size=\"sm\">Anpassbar<\/td>\n<\/tr>\n<tr data-start=\"2420\" data-end=\"2482\">\n<td data-start=\"2420\" data-end=\"2442\" data-col-size=\"sm\">Merkmal<\/td>\n<td data-start=\"2442\" data-end=\"2482\" data-col-size=\"sm\">Langlebig, wasserbest\u00e4ndig<\/td>\n<\/tr>\n<tr data-start=\"2483\" data-end=\"2545\">\n<td data-start=\"2483\" data-end=\"2505\" data-col-size=\"sm\">Funktion<\/td>\n<td data-start=\"2505\" data-end=\"2545\" data-col-size=\"sm\">Multifunktions-Makeup-Organizer<\/td>\n<\/tr>\n<tr data-start=\"2546\" data-end=\"2608\">\n<td data-start=\"2546\" data-end=\"2568\" data-col-size=\"sm\">Verwendung<\/td>\n<td data-start=\"2568\" data-end=\"2608\" data-col-size=\"sm\">Kosmetik Convenience<\/td>\n<\/tr>\n<tr data-start=\"2609\" data-end=\"2671\">\n<td data-start=\"2609\" data-end=\"2631\" data-col-size=\"sm\">MOQ<\/td>\n<td data-start=\"2631\" data-end=\"2671\" data-col-size=\"sm\">300 St\u00fcck<\/td>\n<\/tr>\n<\/tbody>\n<\/table>\n<\/div>\n<\/div>\n<h2 data-start=\"2678\" data-end=\"2695\">Anwendungen<\/h2>\n<ul data-start=\"2696\" data-end=\"3148\">\n<li data-start=\"2696\" data-end=\"2769\">\n<p data-start=\"2698\" data-end=\"2769\"><strong data-start=\"2698\" data-end=\"2708\">Reisen<\/strong> - Ideal f\u00fcr die Organisation von Make-up und Toilettenartikeln auf Reisen.<\/p>\n<\/li>\n<li data-start=\"2770\" data-end=\"2857\">\n<p data-start=\"2772\" data-end=\"2857\"><strong data-start=\"2772\" data-end=\"2785\">T\u00e4glicher Gebrauch<\/strong> - Geeignet f\u00fcr den Transport wichtiger Kosmetika in Handtaschen oder Rucks\u00e4cken.<\/p>\n<\/li>\n<li data-start=\"2858\" data-end=\"2939\">\n<p data-start=\"2860\" data-end=\"2939\"><strong data-start=\"2860\" data-end=\"2875\">Geschenk-Option<\/strong> - Kann als stilvolles Geschenkset f\u00fcr Freunde oder Familie angeboten werden.<\/p>\n<\/li>\n<li data-start=\"2940\" data-end=\"3046\">\n<p data-start=\"2942\" data-end=\"3046\"><strong data-start=\"2942\" data-end=\"2969\">Werbemittel<\/strong> - Durch individuelle Logos eignet er sich f\u00fcr Firmengeschenke oder Werbeveranstaltungen.<\/p>\n<\/li>\n<li data-start=\"3047\" data-end=\"3148\">\n<p data-start=\"3049\" data-end=\"3148\"><strong data-start=\"3049\" data-end=\"3071\">Einzelhandel und Gro\u00dfhandel<\/strong> - Sowohl f\u00fcr kleine Boutique-Bestellungen als auch f\u00fcr gr\u00f6\u00dfere Einzelhandelslieferungen akzeptiert.<\/p>\n<\/li>\n<\/ul>\n<p data-start=\"3155\" data-end=\"3371\">Wenn Sie sich f\u00fcr die <strong data-start=\"3184\" data-end=\"3224\">RONEER Damen-Reise-Makeup-Taschen-Set<\/strong>k\u00f6nnen Sie uns gerne kontaktieren und Muster anfordern. <strong data-start=\"3277\" data-end=\"3313\">ODM- und OEM-Dienste werden unterst\u00fctzt<\/strong>die eine flexible Anpassung und eine Verbesserung der Marke gew\u00e4hrleisten.<\/p>","protected":false},"excerpt":{"rendered":"<p>Die <strong data-start=\"210\" data-end=\"243\">Damen-Reise-Kosmetiktaschen-Set<\/strong> von <strong data-start=\"247\" data-end=\"257\">RONEER<\/strong> wurde entwickelt, um Beauty-Essentials auf Reisen und im t\u00e4glichen Gebrauch organisiert und gesch\u00fctzt aufzubewahren. Gefertigt aus strapazierf\u00e4higem PVC-Gewebe und mit einem zuverl\u00e4ssigen Rei\u00dfverschluss versehen, ist das Set eine stilvolle und dennoch funktionale Wahl f\u00fcr M\u00e4dchen und Frauen. Mit anpassbaren Farboptionen, Logodruck und anpassbaren Gr\u00f6\u00dfen ist es ein vielseitiger Organizer, der f\u00fcr Kosmetika und andere pers\u00f6nliche Gegenst\u00e4nde geeignet ist.<\/p>","protected":false},"featured_media":1957,"comment_status":"open","ping_status":"closed","template":"","meta":{"site-sidebar-layout":"default","site-content-layout":"","ast-site-content-layout":"default","site-content-style":"default","site-sidebar-style":"default","ast-global-header-display":"","ast-banner-title-visibility":"","ast-main-header-display":"","ast-hfb-above-header-display":"","ast-hfb-below-header-display":"","ast-hfb-mobile-header-display":"","site-post-title":"","ast-breadcrumbs-content":"","ast-featured-img":"","footer-sml-layout":"","ast-disable-related-posts":"","theme-transparent-header-meta":"default","adv-header-id-meta":"","stick-header-meta":"","header-above-stick-meta":"","header-main-stick-meta":"","header-below-stick-meta":"","astra-migrate-meta-layouts":"set","ast-page-background-enabled":"default","ast-page-background-meta":{"desktop":{"background-color":"var(--ast-global-color-5)","background-image":"","background-repeat":"repeat","background-position":"center center","background-size":"auto","background-attachment":"scroll","background-type":"","background-media":"","overlay-type":"","overlay-color":"","overlay-opacity":"","overlay-gradient":""},"tablet":{"background-color":"","background-image":"","background-repeat":"repeat","background-position":"center center","background-size":"auto","background-attachment":"scroll","background-type":"","background-media":"","overlay-type":"","overlay-color":"","overlay-opacity":"","overlay-gradient":""},"mobile":{"background-color":"","background-image":"","background-repeat":"repeat","background-position":"center center","background-size":"auto","background-attachment":"scroll","background-type":"","background-media":"","overlay-type":"","overlay-color":"","overlay-opacity":"","overlay-gradient":""}},"ast-content-background-meta":{"desktop":{"background-color":"var(--ast-global-color-4)","background-image":"","background-repeat":"repeat","background-position":"center center","background-size":"auto","background-attachment":"scroll","background-type":"","background-media":"","overlay-type":"","overlay-color":"","overlay-opacity":"","overlay-gradient":""},"tablet":{"background-color":"var(--ast-global-color-4)","background-image":"","background-repeat":"repeat","background-position":"center center","background-size":"auto","background-attachment":"scroll","background-type":"","background-media":"","overlay-type":"","overlay-color":"","overlay-opacity":"","overlay-gradient":""},"mobile":{"background-color":"var(--ast-global-color-4)","background-image":"","background-repeat":"repeat","background-position":"center center","background-size":"auto","background-attachment":"scroll","background-type":"","background-media":"","overlay-type":"","overlay-color":"","overlay-opacity":"","overlay-gradient":""}}},"product_brand":[],"product_cat":[38],"product_tag":[],"class_list":{"0":"post-1954","1":"product","2":"type-product","3":"status-publish","4":"has-post-thumbnail","6":"product_cat-cosmetic-bags","7":"desktop-align-left","8":"tablet-align-left","9":"mobile-align-left","11":"first","12":"instock","13":"shipping-taxable","14":"product-type-simple"},"_links":{"self":[{"href":"https:\/\/baijiabags.com\/de\/wp-json\/wp\/v2\/product\/1954","targetHints":{"allow":["GET"]}}],"collection":[{"href":"https:\/\/baijiabags.com\/de\/wp-json\/wp\/v2\/product"}],"about":[{"href":"https:\/\/baijiabags.com\/de\/wp-json\/wp\/v2\/types\/product"}],"replies":[{"embeddable":true,"href":"https:\/\/baijiabags.com\/de\/wp-json\/wp\/v2\/comments?post=1954"}],"wp:featuredmedia":[{"embeddable":true,"href":"https:\/\/baijiabags.com\/de\/wp-json\/wp\/v2\/media\/1957"}],"wp:attachment":[{"href":"https:\/\/baijiabags.com\/de\/wp-json\/wp\/v2\/media?parent=1954"}],"wp:term":[{"taxonomy":"product_brand","embeddable":true,"href":"https:\/\/baijiabags.com\/de\/wp-json\/wp\/v2\/product_brand?post=1954"},{"taxonomy":"product_cat","embeddable":true,"href":"https:\/\/baijiabags.com\/de\/wp-json\/wp\/v2\/product_cat?post=1954"},{"taxonomy":"product_tag","embeddable":true,"href":"https:\/\/baijiabags.com\/de\/wp-json\/wp\/v2\/product_tag?post=1954"}],"curies":[{"name":"wp","href":"https:\/\/api.w.org\/{rel}","templated":true}]}}