{"id":1947,"date":"2025-09-20T06:59:36","date_gmt":"2025-09-20T06:59:36","guid":{"rendered":"https:\/\/baijiabags.com\/?post_type=product&#038;p=1947"},"modified":"2025-09-20T07:00:09","modified_gmt":"2025-09-20T07:00:09","slug":"floral-quilted-cotton-cosmetic-bag-large-capacity-portable-handheld-makeup-organizer","status":"publish","type":"product","link":"https:\/\/baijiabags.com\/de\/produkt\/floral-quilted-cotton-cosmetic-bag-large-capacity-portable-handheld-makeup-organizer\/","title":{"rendered":"Floral gesteppte Baumwolle Kosmetiktasche gro\u00dfe Kapazit\u00e4t tragbare Handheld Make-up Veranstalter"},"content":{"rendered":"<h2 data-start=\"707\" data-end=\"724\">Wesentliche Merkmale<\/h2>\n<ol data-start=\"726\" data-end=\"1792\">\n<li data-start=\"726\" data-end=\"880\">\n<p data-start=\"729\" data-end=\"756\"><strong data-start=\"729\" data-end=\"754\">Design mit gro\u00dfer Kapazit\u00e4t:<\/strong><span style=\"font-size: 16px;\">Der ger\u00e4umige Innenraum bietet Platz f\u00fcr zahlreiche Kosmetikartikel, Hautpflegeprodukte und Werkzeuge.<\/span><\/p>\n<\/li>\n<li data-start=\"882\" data-end=\"1018\">\n<p data-start=\"885\" data-end=\"912\"><strong data-start=\"885\" data-end=\"910\">Gesteppter Baumwoll-Stoff:<\/strong><span style=\"font-size: 16px;\">Das weiche Baumwollmaterial wurde ausgew\u00e4hlt und abgesteppt, um die Haltbarkeit zu erh\u00f6hen und eine elegante Textur zu erhalten.<\/span><\/p>\n<\/li>\n<li data-start=\"1020\" data-end=\"1156\">\n<p data-start=\"1023\" data-end=\"1052\"><strong data-start=\"1023\" data-end=\"1050\">Tragbares Handger\u00e4t Stil: <\/strong><span style=\"font-size: 16px;\">Ein leichtes, handliches Design wurde entwickelt, um den Transport auf Reisen oder im t\u00e4glichen Gebrauch zu erleichtern.<\/span><\/p>\n<\/li>\n<li data-start=\"1158\" data-end=\"1278\">\n<p data-start=\"1161\" data-end=\"1181\"><strong data-start=\"1161\" data-end=\"1179\">Verschluss mit Rei\u00dfverschluss:<\/strong><span style=\"font-size: 16px;\">F\u00fcr ein sicheres und reibungsloses \u00d6ffnen und Schlie\u00dfen wurde ein hochwertiger Rei\u00dfverschluss eingebaut.<\/span><\/p>\n<\/li>\n<li data-start=\"1280\" data-end=\"1416\">\n<p data-start=\"1283\" data-end=\"1306\"><strong data-start=\"1283\" data-end=\"1304\">Anpassbares Logo:<\/strong><span style=\"font-size: 16px;\">Die Personalisierung der Marke wird unterst\u00fctzt, da die Logos je nach Kundenwunsch angepasst werden k\u00f6nnen.<\/span><\/p>\n<\/li>\n<li data-start=\"1418\" data-end=\"1536\">\n<p data-start=\"1421\" data-end=\"1437\"><strong data-start=\"1421\" data-end=\"1435\">Langlebigkeit:<\/strong><span style=\"font-size: 16px;\">Die verst\u00e4rkten N\u00e4hte und die robuste Baumwollkonstruktion sorgen f\u00fcr eine lange Lebensdauer.<\/span><\/p>\n<\/li>\n<li data-start=\"1538\" data-end=\"1658\">\n<p data-start=\"1541\" data-end=\"1568\"><strong data-start=\"1541\" data-end=\"1566\">Umweltfreundliches Material:<\/strong><span style=\"font-size: 16px;\">Es wurde Baumwollstoff verwendet, der die Tasche umweltfreundlich und wiederverwendbar macht.<\/span><\/p>\n<\/li>\n<li data-start=\"1660\" data-end=\"1792\">\n<p data-start=\"1663\" data-end=\"1690\"><strong data-start=\"1663\" data-end=\"1688\">Vielseitige Anwendung:<\/strong><span style=\"font-size: 16px;\">Der Organizer wurde f\u00fcr Kosmetika, Toilettenartikel, Accessoires und Reiseutensilien entwickelt.<\/span><\/p>\n<\/li>\n<\/ol>\n<p><img fetchpriority=\"high\" decoding=\"async\" class=\"aligncenter wp-image-1948 size-full\" src=\"https:\/\/baijiabags.com\/wp-content\/uploads\/2025\/09\/1-2-4.png\" alt=\"Floral Quilted Cotton Cosmetic Bag Large Capacity Portable Handheld Makeup Organizer\" width=\"800\" height=\"800\" srcset=\"https:\/\/baijiabags.com\/wp-content\/uploads\/2025\/09\/1-2-4.png 800w, https:\/\/baijiabags.com\/wp-content\/uploads\/2025\/09\/1-2-4-300x300.png 300w, https:\/\/baijiabags.com\/wp-content\/uploads\/2025\/09\/1-2-4-150x150.png 150w, https:\/\/baijiabags.com\/wp-content\/uploads\/2025\/09\/1-2-4-768x768.png 768w, https:\/\/baijiabags.com\/wp-content\/uploads\/2025\/09\/1-2-4-12x12.png 12w, https:\/\/baijiabags.com\/wp-content\/uploads\/2025\/09\/1-2-4-600x600.png 600w, https:\/\/baijiabags.com\/wp-content\/uploads\/2025\/09\/1-2-4-100x100.png 100w\" sizes=\"(max-width: 800px) 100vw, 800px\" \/><\/p>\n<h2 data-start=\"1799\" data-end=\"1818\">Spezifikationen<\/h2>\n<div class=\"_tableContainer_1rjym_1\">\n<div class=\"group _tableWrapper_1rjym_13 flex w-fit flex-col-reverse\" tabindex=\"-1\">\n<table class=\"w-fit min-w-(--thread-content-width)\" data-start=\"1820\" data-end=\"2885\">\n<thead data-start=\"1820\" data-end=\"1889\">\n<tr data-start=\"1820\" data-end=\"1889\">\n<th data-start=\"1820\" data-end=\"1843\" data-col-size=\"sm\"><strong data-start=\"1822\" data-end=\"1835\">Parameter<\/strong><\/th>\n<th data-start=\"1843\" data-end=\"1889\" data-col-size=\"sm\"><strong data-start=\"1845\" data-end=\"1860\">Beschreibung<\/strong><\/th>\n<\/tr>\n<\/thead>\n<tbody data-start=\"1961\" data-end=\"2885\">\n<tr data-start=\"1961\" data-end=\"2031\">\n<td data-start=\"1961\" data-end=\"1985\" data-col-size=\"sm\">Produktname<\/td>\n<td data-start=\"1985\" data-end=\"2031\" data-col-size=\"sm\">Kosmetiktasche<\/td>\n<\/tr>\n<tr data-start=\"2032\" data-end=\"2102\">\n<td data-start=\"2032\" data-end=\"2056\" data-col-size=\"sm\">Marke<\/td>\n<td data-start=\"2056\" data-end=\"2102\" data-col-size=\"sm\">RONEER<\/td>\n<\/tr>\n<tr data-start=\"2103\" data-end=\"2173\">\n<td data-start=\"2103\" data-end=\"2127\" data-col-size=\"sm\">Modellnummer<\/td>\n<td data-start=\"2127\" data-end=\"2173\" data-col-size=\"sm\">GB-4947<\/td>\n<\/tr>\n<tr data-start=\"2174\" data-end=\"2244\">\n<td data-start=\"2174\" data-end=\"2198\" data-col-size=\"sm\">Herkunft<\/td>\n<td data-start=\"2198\" data-end=\"2244\" data-col-size=\"sm\">Guangdong, China<\/td>\n<\/tr>\n<tr data-start=\"2245\" data-end=\"2315\">\n<td data-start=\"2245\" data-end=\"2269\" data-col-size=\"sm\">Stil<\/td>\n<td data-start=\"2269\" data-end=\"2315\" data-col-size=\"sm\">Mode<\/td>\n<\/tr>\n<tr data-start=\"2316\" data-end=\"2386\">\n<td data-start=\"2316\" data-end=\"2340\" data-col-size=\"sm\">Material<\/td>\n<td data-start=\"2340\" data-end=\"2386\" data-col-size=\"sm\">Baumwolle<\/td>\n<\/tr>\n<tr data-start=\"2387\" data-end=\"2457\">\n<td data-start=\"2387\" data-end=\"2411\" data-col-size=\"sm\">Verschlussart<\/td>\n<td data-start=\"2411\" data-end=\"2457\" data-col-size=\"sm\">Rei\u00dfverschluss<\/td>\n<\/tr>\n<tr data-start=\"2458\" data-end=\"2528\">\n<td data-start=\"2458\" data-end=\"2482\" data-col-size=\"sm\">Logo<\/td>\n<td data-start=\"2482\" data-end=\"2528\" data-col-size=\"sm\">Anpassbar<\/td>\n<\/tr>\n<tr data-start=\"2529\" data-end=\"2599\">\n<td data-start=\"2529\" data-end=\"2553\" data-col-size=\"sm\">Merkmal<\/td>\n<td data-start=\"2553\" data-end=\"2599\" data-col-size=\"sm\">Langlebig, umweltvertr\u00e4glich<\/td>\n<\/tr>\n<tr data-start=\"2600\" data-end=\"2671\">\n<td data-start=\"2600\" data-end=\"2624\" data-col-size=\"sm\">Verwendung<\/td>\n<td data-start=\"2624\" data-end=\"2671\" data-col-size=\"sm\">Aufbewahrung von Kosmetika, Bequemlichkeit<\/td>\n<\/tr>\n<tr data-start=\"2672\" data-end=\"2742\">\n<td data-start=\"2672\" data-end=\"2696\" data-col-size=\"sm\">MOQ<\/td>\n<td data-start=\"2696\" data-end=\"2742\" data-col-size=\"sm\">300 St\u00fcck<\/td>\n<\/tr>\n<\/tbody>\n<\/table>\n<\/div>\n<\/div>\n<h2 data-start=\"2892\" data-end=\"2909\">Anwendungen<\/h2>\n<ul data-start=\"2911\" data-end=\"3224\">\n<li data-start=\"2911\" data-end=\"2957\">\n<p data-start=\"2913\" data-end=\"2957\">Die t\u00e4gliche Aufbewahrung von Kosmetika wurde unterst\u00fctzt.<\/p>\n<\/li>\n<li data-start=\"2958\" data-end=\"3013\">\n<p data-start=\"2960\" data-end=\"3013\">Die wichtigsten Reiseutensilien sind \u00fcbersichtlich angeordnet.<\/p>\n<\/li>\n<li data-start=\"3014\" data-end=\"3074\">\n<p data-start=\"3016\" data-end=\"3074\">Toilettenartikel und Hautpflegeprodukte sind ebenfalls vorhanden.<\/p>\n<\/li>\n<li data-start=\"3075\" data-end=\"3152\">\n<p data-start=\"3077\" data-end=\"3152\">Zubeh\u00f6r wie B\u00fcrsten, Schmuck oder pers\u00f6nliche Gegenst\u00e4nde wurden aufbewahrt.<\/p>\n<\/li>\n<li data-start=\"3153\" data-end=\"3224\">\n<p data-start=\"3155\" data-end=\"3224\">Die Geschenke und Werbeartikel wurden individuell gestaltet.<\/p>\n<\/li>\n<\/ul>\n<p data-start=\"3231\" data-end=\"3430\">Wenn Interesse an diesem Thema besteht <strong data-start=\"3266\" data-end=\"3311\">RONEER Kosmetiktasche aus gesteppter Baumwolle mit Blumenmuster<\/strong>k\u00f6nnen Muster angefordert werden. <strong data-start=\"3339\" data-end=\"3379\">ODM- und OEM-Dienstleistungen werden angeboten<\/strong> um die Anforderungen an Markenbildung und Anpassung zu erf\u00fcllen.<\/p>","protected":false},"excerpt":{"rendered":"<p>A <strong data-start=\"189\" data-end=\"227\">Kosmetiktasche aus gesteppter Baumwolle mit Blumenmuster<\/strong> mit gro\u00dfem Fassungsverm\u00f6gen wurde so konzipiert, dass sie bequem aufbewahrt und transportiert werden kann. Die Tasche wurde hergestellt von <strong data-start=\"352\" data-end=\"362\">RONEER<\/strong> Die Tasche ist aus hochwertigem Baumwollgewebe gefertigt und mit einem modischen Steppmuster versehen, das sowohl die Haltbarkeit als auch das Aussehen verbessert. Eine tragbare Handheld-Struktur wurde implementiert, so dass die Tasche im t\u00e4glichen Gebrauch oder auf Reisen leicht getragen werden kann. Zum Schutz von Kosmetika und Accessoires wurde ein sicherer Rei\u00dfverschluss integriert.<\/p>","protected":false},"featured_media":1951,"comment_status":"open","ping_status":"closed","template":"","meta":{"site-sidebar-layout":"default","site-content-layout":"","ast-site-content-layout":"default","site-content-style":"default","site-sidebar-style":"default","ast-global-header-display":"","ast-banner-title-visibility":"","ast-main-header-display":"","ast-hfb-above-header-display":"","ast-hfb-below-header-display":"","ast-hfb-mobile-header-display":"","site-post-title":"","ast-breadcrumbs-content":"","ast-featured-img":"","footer-sml-layout":"","ast-disable-related-posts":"","theme-transparent-header-meta":"default","adv-header-id-meta":"","stick-header-meta":"","header-above-stick-meta":"","header-main-stick-meta":"","header-below-stick-meta":"","astra-migrate-meta-layouts":"set","ast-page-background-enabled":"default","ast-page-background-meta":{"desktop":{"background-color":"var(--ast-global-color-5)","background-image":"","background-repeat":"repeat","background-position":"center center","background-size":"auto","background-attachment":"scroll","background-type":"","background-media":"","overlay-type":"","overlay-color":"","overlay-opacity":"","overlay-gradient":""},"tablet":{"background-color":"","background-image":"","background-repeat":"repeat","background-position":"center center","background-size":"auto","background-attachment":"scroll","background-type":"","background-media":"","overlay-type":"","overlay-color":"","overlay-opacity":"","overlay-gradient":""},"mobile":{"background-color":"","background-image":"","background-repeat":"repeat","background-position":"center center","background-size":"auto","background-attachment":"scroll","background-type":"","background-media":"","overlay-type":"","overlay-color":"","overlay-opacity":"","overlay-gradient":""}},"ast-content-background-meta":{"desktop":{"background-color":"var(--ast-global-color-4)","background-image":"","background-repeat":"repeat","background-position":"center center","background-size":"auto","background-attachment":"scroll","background-type":"","background-media":"","overlay-type":"","overlay-color":"","overlay-opacity":"","overlay-gradient":""},"tablet":{"background-color":"var(--ast-global-color-4)","background-image":"","background-repeat":"repeat","background-position":"center center","background-size":"auto","background-attachment":"scroll","background-type":"","background-media":"","overlay-type":"","overlay-color":"","overlay-opacity":"","overlay-gradient":""},"mobile":{"background-color":"var(--ast-global-color-4)","background-image":"","background-repeat":"repeat","background-position":"center center","background-size":"auto","background-attachment":"scroll","background-type":"","background-media":"","overlay-type":"","overlay-color":"","overlay-opacity":"","overlay-gradient":""}}},"product_brand":[],"product_cat":[38],"product_tag":[],"class_list":{"0":"post-1947","1":"product","2":"type-product","3":"status-publish","4":"has-post-thumbnail","6":"product_cat-cosmetic-bags","7":"desktop-align-left","8":"tablet-align-left","9":"mobile-align-left","11":"first","12":"instock","13":"shipping-taxable","14":"product-type-simple"},"_links":{"self":[{"href":"https:\/\/baijiabags.com\/de\/wp-json\/wp\/v2\/product\/1947","targetHints":{"allow":["GET"]}}],"collection":[{"href":"https:\/\/baijiabags.com\/de\/wp-json\/wp\/v2\/product"}],"about":[{"href":"https:\/\/baijiabags.com\/de\/wp-json\/wp\/v2\/types\/product"}],"replies":[{"embeddable":true,"href":"https:\/\/baijiabags.com\/de\/wp-json\/wp\/v2\/comments?post=1947"}],"wp:featuredmedia":[{"embeddable":true,"href":"https:\/\/baijiabags.com\/de\/wp-json\/wp\/v2\/media\/1951"}],"wp:attachment":[{"href":"https:\/\/baijiabags.com\/de\/wp-json\/wp\/v2\/media?parent=1947"}],"wp:term":[{"taxonomy":"product_brand","embeddable":true,"href":"https:\/\/baijiabags.com\/de\/wp-json\/wp\/v2\/product_brand?post=1947"},{"taxonomy":"product_cat","embeddable":true,"href":"https:\/\/baijiabags.com\/de\/wp-json\/wp\/v2\/product_cat?post=1947"},{"taxonomy":"product_tag","embeddable":true,"href":"https:\/\/baijiabags.com\/de\/wp-json\/wp\/v2\/product_tag?post=1947"}],"curies":[{"name":"wp","href":"https:\/\/api.w.org\/{rel}","templated":true}]}}