{"id":1934,"date":"2025-09-20T06:22:26","date_gmt":"2025-09-20T06:22:26","guid":{"rendered":"https:\/\/baijiabags.com\/?post_type=product&#038;p=1934"},"modified":"2025-09-20T06:23:52","modified_gmt":"2025-09-20T06:23:52","slug":"low-price-large-capacity-portable-handheld-makeup-bag-multifunctional-beauty-storage-pouch-factory-direct","status":"publish","type":"product","link":"https:\/\/baijiabags.com\/de\/produkt\/low-price-large-capacity-portable-handheld-makeup-bag-multifunctional-beauty-storage-pouch-factory-direct\/","title":{"rendered":"Niedriger Preis Gro\u00dfe Kapazit\u00e4t Tragbare Handheld Makeup Tasche Multifunktionale Beauty Storage Pouch Factory Direct"},"content":{"rendered":"<h2 data-start=\"862\" data-end=\"879\">Wesentliche Merkmale<\/h2>\n<ol data-start=\"880\" data-end=\"1640\">\n<li data-start=\"880\" data-end=\"991\">\n<p data-start=\"882\" data-end=\"991\"><strong data-start=\"882\" data-end=\"900\">Gro\u00dfe Kapazit\u00e4t<\/strong> - Der ger\u00e4umige Innenraum bietet Platz f\u00fcr Make-up-Produkte, Hautpflegeartikel und Zubeh\u00f6r.<\/p>\n<\/li>\n<li data-start=\"992\" data-end=\"1090\">\n<p data-start=\"994\" data-end=\"1090\"><strong data-start=\"994\" data-end=\"1013\">Tragbares Design<\/strong> - Leicht und einfach zu tragen mit einer Handschlaufe, perfekt f\u00fcr Reisen.<\/p>\n<\/li>\n<li data-start=\"1091\" data-end=\"1171\">\n<p data-start=\"1093\" data-end=\"1171\"><strong data-start=\"1093\" data-end=\"1113\">Langlebiges Material<\/strong> - Hergestellt aus hochwertigem Stoff, der dem t\u00e4glichen Gebrauch standh\u00e4lt.<\/p>\n<\/li>\n<li data-start=\"1172\" data-end=\"1266\">\n<p data-start=\"1174\" data-end=\"1266\"><strong data-start=\"1174\" data-end=\"1193\">Wasserbest\u00e4ndig<\/strong> - Sch\u00fctzt Kosmetika und pers\u00f6nliche Gegenst\u00e4nde vor Feuchtigkeit und Auslaufen.<\/p>\n<\/li>\n<li data-start=\"1267\" data-end=\"1364\">\n<p data-start=\"1269\" data-end=\"1364\"><strong data-start=\"1269\" data-end=\"1293\">Anpassbare Optionen<\/strong> - Gr\u00f6\u00dfe, Farbe und Logo k\u00f6nnen f\u00fcr das Branding oder als Geschenk personalisiert werden.<\/p>\n<\/li>\n<li data-start=\"1365\" data-end=\"1461\">\n<p data-start=\"1367\" data-end=\"1461\"><strong data-start=\"1367\" data-end=\"1383\">Umweltfreundlich<\/strong> - Es wurde nach nachhaltigen Gesichtspunkten entworfen und ist somit eine verantwortungsvolle Wahl.<\/p>\n<\/li>\n<li data-start=\"1462\" data-end=\"1553\">\n<p data-start=\"1464\" data-end=\"1553\"><strong data-start=\"1464\" data-end=\"1485\">Modischer Stil<\/strong> - Modernes und stilvolles Aussehen, geeignet f\u00fcr verschiedene Anl\u00e4sse.<\/p>\n<\/li>\n<li data-start=\"1554\" data-end=\"1640\">\n<p data-start=\"1556\" data-end=\"1640\"><strong data-start=\"1556\" data-end=\"1581\">Fabrikdirektlieferung<\/strong> - Wettbewerbsf\u00e4hige Preise mit ODM- und OEM-Diensten verf\u00fcgbar.<\/p>\n<\/li>\n<\/ol>\n<p><img fetchpriority=\"high\" decoding=\"async\" class=\"aligncenter wp-image-1938\" src=\"https:\/\/baijiabags.com\/wp-content\/uploads\/2025\/09\/1-1-2.png\" alt=\"Low Price Large Capacity Portable Handheld Makeup Bag Multifunctional Beauty Storage Pouch Factory Direct\" width=\"600\" height=\"600\" srcset=\"https:\/\/baijiabags.com\/wp-content\/uploads\/2025\/09\/1-1-2.png 256w, https:\/\/baijiabags.com\/wp-content\/uploads\/2025\/09\/1-1-2-150x150.png 150w, https:\/\/baijiabags.com\/wp-content\/uploads\/2025\/09\/1-1-2-12x12.png 12w, https:\/\/baijiabags.com\/wp-content\/uploads\/2025\/09\/1-1-2-100x100.png 100w\" sizes=\"(max-width: 600px) 100vw, 600px\" \/><\/p>\n<h2 data-start=\"1647\" data-end=\"1666\">Spezifikationen<\/h2>\n<div class=\"_tableContainer_1rjym_1\">\n<div class=\"group _tableWrapper_1rjym_13 flex w-fit flex-col-reverse\" tabindex=\"-1\">\n<table class=\"w-fit min-w-(--thread-content-width)\" data-start=\"1668\" data-end=\"2656\">\n<thead data-start=\"1668\" data-end=\"1732\">\n<tr data-start=\"1668\" data-end=\"1732\">\n<th data-start=\"1668\" data-end=\"1690\" data-col-size=\"sm\"><strong data-start=\"1670\" data-end=\"1678\">Artikel<\/strong><\/th>\n<th data-start=\"1690\" data-end=\"1732\" data-col-size=\"sm\"><strong data-start=\"1692\" data-end=\"1703\">Einzelheiten<\/strong><\/th>\n<\/tr>\n<\/thead>\n<tbody data-start=\"1799\" data-end=\"2656\">\n<tr data-start=\"1799\" data-end=\"1864\">\n<td data-start=\"1799\" data-end=\"1822\" data-col-size=\"sm\">Produktname<\/td>\n<td data-start=\"1822\" data-end=\"1864\" data-col-size=\"sm\">Kosmetiktasche<\/td>\n<\/tr>\n<tr data-start=\"1865\" data-end=\"1930\">\n<td data-start=\"1865\" data-end=\"1888\" data-col-size=\"sm\">Marke<\/td>\n<td data-start=\"1888\" data-end=\"1930\" data-col-size=\"sm\">RONEER<\/td>\n<\/tr>\n<tr data-start=\"1931\" data-end=\"1996\">\n<td data-start=\"1931\" data-end=\"1954\" data-col-size=\"sm\">Modellnummer<\/td>\n<td data-start=\"1954\" data-end=\"1996\" data-col-size=\"sm\">GB-4949<\/td>\n<\/tr>\n<tr data-start=\"1997\" data-end=\"2062\">\n<td data-start=\"1997\" data-end=\"2020\" data-col-size=\"sm\">Herkunft<\/td>\n<td data-start=\"2020\" data-end=\"2062\" data-col-size=\"sm\">Guangdong, China<\/td>\n<\/tr>\n<tr data-start=\"2063\" data-end=\"2128\">\n<td data-start=\"2063\" data-end=\"2086\" data-col-size=\"sm\">Stil<\/td>\n<td data-start=\"2086\" data-end=\"2128\" data-col-size=\"sm\">Mode<\/td>\n<\/tr>\n<tr data-start=\"2129\" data-end=\"2194\">\n<td data-start=\"2129\" data-end=\"2152\" data-col-size=\"sm\">Gr\u00f6\u00dfe<\/td>\n<td data-start=\"2152\" data-end=\"2194\" data-col-size=\"sm\">Ma\u00dfgeschneiderte Gr\u00f6\u00dfe<\/td>\n<\/tr>\n<tr data-start=\"2195\" data-end=\"2260\">\n<td data-start=\"2195\" data-end=\"2218\" data-col-size=\"sm\">Farbe<\/td>\n<td data-start=\"2218\" data-end=\"2260\" data-col-size=\"sm\">Anpassbar<\/td>\n<\/tr>\n<tr data-start=\"2261\" data-end=\"2326\">\n<td data-start=\"2261\" data-end=\"2284\" data-col-size=\"sm\">Logo<\/td>\n<td data-start=\"2284\" data-end=\"2326\" data-col-size=\"sm\">Anpassbar<\/td>\n<\/tr>\n<tr data-start=\"2327\" data-end=\"2392\">\n<td data-start=\"2327\" data-end=\"2350\" data-col-size=\"sm\">Eigenschaften<\/td>\n<td data-start=\"2350\" data-end=\"2392\" data-col-size=\"sm\">Langlebig, wasserbest\u00e4ndig<\/td>\n<\/tr>\n<tr data-start=\"2393\" data-end=\"2458\">\n<td data-start=\"2393\" data-end=\"2416\" data-col-size=\"sm\">Verwendung<\/td>\n<td data-start=\"2416\" data-end=\"2458\" data-col-size=\"sm\">Kosmetika, T\u00e4glicher Bedarf<\/td>\n<\/tr>\n<tr data-start=\"2459\" data-end=\"2524\">\n<td data-start=\"2459\" data-end=\"2482\" data-col-size=\"sm\">MOQ<\/td>\n<td data-start=\"2482\" data-end=\"2524\" data-col-size=\"sm\">300 St\u00fcck<\/td>\n<\/tr>\n<tr data-start=\"2525\" data-end=\"2590\">\n<td data-start=\"2525\" data-end=\"2548\" data-col-size=\"sm\">Anmeldung<\/td>\n<td data-start=\"2548\" data-end=\"2590\" data-col-size=\"sm\">Reisen, Berufliches, Pers\u00f6nlicher Gebrauch<\/td>\n<\/tr>\n<tr data-start=\"2591\" data-end=\"2656\">\n<td data-start=\"2591\" data-end=\"2614\" data-col-size=\"sm\">Umweltfreundlich<\/td>\n<td data-start=\"2614\" data-end=\"2656\" data-col-size=\"sm\">Ja<\/td>\n<\/tr>\n<\/tbody>\n<\/table>\n<\/div>\n<\/div>\n<h2 data-start=\"2663\" data-end=\"2680\">Anwendungen<\/h2>\n<ul data-start=\"2681\" data-end=\"3044\">\n<li data-start=\"2681\" data-end=\"2774\">\n<p data-start=\"2683\" data-end=\"2774\"><strong data-start=\"2683\" data-end=\"2703\">Reisebegleiter<\/strong> - Ideal f\u00fcr den Transport von Hautpflege- und Make-up-Artikeln f\u00fcr unterwegs.<\/p>\n<\/li>\n<li data-start=\"2775\" data-end=\"2855\">\n<p data-start=\"2777\" data-end=\"2855\"><strong data-start=\"2777\" data-end=\"2797\">Professioneller Einsatz<\/strong> - Geeignet f\u00fcr Visagisten und Kosmetikfachleute.<\/p>\n<\/li>\n<li data-start=\"2856\" data-end=\"2950\">\n<p data-start=\"2858\" data-end=\"2950\"><strong data-start=\"2858\" data-end=\"2875\">T\u00e4gliche Speicherung<\/strong> - H\u00e4lt Kosmetika und pers\u00f6nliche Gegenst\u00e4nde zu Hause oder im B\u00fcro in Ordnung.<\/p>\n<\/li>\n<li data-start=\"2951\" data-end=\"3044\">\n<p data-start=\"2953\" data-end=\"3044\"><strong data-start=\"2953\" data-end=\"2968\">Geschenk-Option<\/strong> - Das anpassbare Design macht ihn zu einem durchdachten Werbe- oder pers\u00f6nlichen Geschenk.<\/p>\n<\/li>\n<\/ul>\n<p data-start=\"3051\" data-end=\"3207\">Wenn Sie an dieser Kosmetiktasche interessiert sind, k\u00f6nnen Sie uns gerne f\u00fcr Muster kontaktieren. <strong data-start=\"3137\" data-end=\"3173\">ODM- und OEM-Dienste sind verf\u00fcgbar<\/strong> zur Unterst\u00fctzung Ihrer gesch\u00e4ftlichen Anforderungen.<\/p>","protected":false},"excerpt":{"rendered":"<p>Die <strong data-start=\"387\" data-end=\"432\">RONEER gro\u00dfe Kapazit\u00e4t tragbare Kosmetiktasche<\/strong> wurde entwickelt, um Funktionalit\u00e4t mit moderner Mode zu verbinden. Diese in Guangdong, China, gefertigte, multifunktionale Kosmetiktasche ist ideal f\u00fcr den t\u00e4glichen Gebrauch, f\u00fcr Reisen und f\u00fcr den professionellen Einsatz. Die robuste Konstruktion und das wasserabweisende Material sorgen daf\u00fcr, dass Kosmetika und pers\u00f6nliche Gegenst\u00e4nde sicher und geordnet bleiben. Dank der anpassbaren Gr\u00f6\u00dfe, Farbe und Logo-Optionen kann die Tasche an individuelle oder Markenanforderungen angepasst werden.<\/p>","protected":false},"featured_media":1937,"comment_status":"open","ping_status":"closed","template":"","meta":{"site-sidebar-layout":"default","site-content-layout":"","ast-site-content-layout":"default","site-content-style":"default","site-sidebar-style":"default","ast-global-header-display":"","ast-banner-title-visibility":"","ast-main-header-display":"","ast-hfb-above-header-display":"","ast-hfb-below-header-display":"","ast-hfb-mobile-header-display":"","site-post-title":"","ast-breadcrumbs-content":"","ast-featured-img":"","footer-sml-layout":"","ast-disable-related-posts":"","theme-transparent-header-meta":"default","adv-header-id-meta":"","stick-header-meta":"","header-above-stick-meta":"","header-main-stick-meta":"","header-below-stick-meta":"","astra-migrate-meta-layouts":"set","ast-page-background-enabled":"default","ast-page-background-meta":{"desktop":{"background-color":"var(--ast-global-color-5)","background-image":"","background-repeat":"repeat","background-position":"center center","background-size":"auto","background-attachment":"scroll","background-type":"","background-media":"","overlay-type":"","overlay-color":"","overlay-opacity":"","overlay-gradient":""},"tablet":{"background-color":"","background-image":"","background-repeat":"repeat","background-position":"center center","background-size":"auto","background-attachment":"scroll","background-type":"","background-media":"","overlay-type":"","overlay-color":"","overlay-opacity":"","overlay-gradient":""},"mobile":{"background-color":"","background-image":"","background-repeat":"repeat","background-position":"center center","background-size":"auto","background-attachment":"scroll","background-type":"","background-media":"","overlay-type":"","overlay-color":"","overlay-opacity":"","overlay-gradient":""}},"ast-content-background-meta":{"desktop":{"background-color":"var(--ast-global-color-4)","background-image":"","background-repeat":"repeat","background-position":"center center","background-size":"auto","background-attachment":"scroll","background-type":"","background-media":"","overlay-type":"","overlay-color":"","overlay-opacity":"","overlay-gradient":""},"tablet":{"background-color":"var(--ast-global-color-4)","background-image":"","background-repeat":"repeat","background-position":"center center","background-size":"auto","background-attachment":"scroll","background-type":"","background-media":"","overlay-type":"","overlay-color":"","overlay-opacity":"","overlay-gradient":""},"mobile":{"background-color":"var(--ast-global-color-4)","background-image":"","background-repeat":"repeat","background-position":"center center","background-size":"auto","background-attachment":"scroll","background-type":"","background-media":"","overlay-type":"","overlay-color":"","overlay-opacity":"","overlay-gradient":""}}},"product_brand":[],"product_cat":[38],"product_tag":[],"class_list":{"0":"post-1934","1":"product","2":"type-product","3":"status-publish","4":"has-post-thumbnail","6":"product_cat-cosmetic-bags","7":"desktop-align-left","8":"tablet-align-left","9":"mobile-align-left","11":"first","12":"instock","13":"shipping-taxable","14":"product-type-simple"},"_links":{"self":[{"href":"https:\/\/baijiabags.com\/de\/wp-json\/wp\/v2\/product\/1934","targetHints":{"allow":["GET"]}}],"collection":[{"href":"https:\/\/baijiabags.com\/de\/wp-json\/wp\/v2\/product"}],"about":[{"href":"https:\/\/baijiabags.com\/de\/wp-json\/wp\/v2\/types\/product"}],"replies":[{"embeddable":true,"href":"https:\/\/baijiabags.com\/de\/wp-json\/wp\/v2\/comments?post=1934"}],"wp:featuredmedia":[{"embeddable":true,"href":"https:\/\/baijiabags.com\/de\/wp-json\/wp\/v2\/media\/1937"}],"wp:attachment":[{"href":"https:\/\/baijiabags.com\/de\/wp-json\/wp\/v2\/media?parent=1934"}],"wp:term":[{"taxonomy":"product_brand","embeddable":true,"href":"https:\/\/baijiabags.com\/de\/wp-json\/wp\/v2\/product_brand?post=1934"},{"taxonomy":"product_cat","embeddable":true,"href":"https:\/\/baijiabags.com\/de\/wp-json\/wp\/v2\/product_cat?post=1934"},{"taxonomy":"product_tag","embeddable":true,"href":"https:\/\/baijiabags.com\/de\/wp-json\/wp\/v2\/product_tag?post=1934"}],"curies":[{"name":"wp","href":"https:\/\/api.w.org\/{rel}","templated":true}]}}