{"id":1775,"date":"2025-09-19T02:26:31","date_gmt":"2025-09-19T02:26:31","guid":{"rendered":"https:\/\/baijiabags.com\/?post_type=product&#038;p=1775"},"modified":"2025-11-01T01:21:58","modified_gmt":"2025-11-01T01:21:58","slug":"bag-factory-wholesale-elegant-brown-leather-hand-bag-for-women-premium-quality","status":"publish","type":"product","link":"https:\/\/baijiabags.com\/de\/produkt\/bag-factory-wholesale-elegant-brown-leather-hand-bag-for-women-premium-quality\/","title":{"rendered":"Tasche Fabrik Gro\u00dfhandel elegante braune Lederhandtasche f\u00fcr Frauen - Premium Qualit\u00e4t"},"content":{"rendered":"<h2 data-start=\"1008\" data-end=\"1025\">Wesentliche Merkmale<\/h2>\n<ol data-start=\"1027\" data-end=\"1987\">\n<li data-start=\"1027\" data-end=\"1150\">\n<p data-start=\"1030\" data-end=\"1150\"><strong data-start=\"1030\" data-end=\"1050\">Hochwertiges Material<\/strong> - Das zweischichtige echte Rindsleder wurde ausgew\u00e4hlt, um eine lange Lebensdauer und eine luxuri\u00f6se Textur zu gew\u00e4hrleisten.<\/p>\n<\/li>\n<li data-start=\"1151\" data-end=\"1258\">\n<p data-start=\"1154\" data-end=\"1258\"><strong data-start=\"1154\" data-end=\"1175\">Ger\u00e4umige Kapazit\u00e4t<\/strong> - Ein A4-Magazin, ein Tablet und die Dinge des t\u00e4glichen Bedarfs k\u00f6nnen problemlos untergebracht werden.<\/p>\n<\/li>\n<li data-start=\"1259\" data-end=\"1349\">\n<p data-start=\"1262\" data-end=\"1349\"><strong data-start=\"1262\" data-end=\"1284\">Leichte Konstruktion<\/strong> - Mit nur 0,62 kg ist ein m\u00fcheloses Tragen m\u00f6glich.<\/p>\n<\/li>\n<li data-start=\"1350\" data-end=\"1488\">\n<p data-start=\"1353\" data-end=\"1488\"><strong data-start=\"1353\" data-end=\"1383\">Multifunktionale Struktur<\/strong> - Eine Innentasche mit Rei\u00dfverschluss, ein Hauptfach und eine Innentasche sorgen f\u00fcr Ordnung.<\/p>\n<\/li>\n<li data-start=\"1489\" data-end=\"1625\">\n<p data-start=\"1492\" data-end=\"1625\"><strong data-start=\"1492\" data-end=\"1519\">Wasserabweisende Oberfl\u00e4che<\/strong> - Das Material wurde wasserabweisend behandelt, um Schutz vor leichtem Regen oder Versch\u00fctten zu gew\u00e4hrleisten.<\/p>\n<\/li>\n<li data-start=\"1626\" data-end=\"1740\">\n<p data-start=\"1629\" data-end=\"1740\"><strong data-start=\"1629\" data-end=\"1648\">Vielseitige Verwendung<\/strong> - Die Tasche ist so konzipiert, dass sie sowohl als Umh\u00e4ngetasche als auch als Handtasche getragen werden kann.<\/p>\n<\/li>\n<li data-start=\"1741\" data-end=\"1856\">\n<p data-start=\"1744\" data-end=\"1856\"><strong data-start=\"1744\" data-end=\"1768\">Anpassbare Optionen<\/strong> - Mehrere Farben k\u00f6nnen je nach Vorliebe oder Branding-Anforderungen angepasst werden.<\/p>\n<\/li>\n<li data-start=\"1857\" data-end=\"1987\">\n<p data-start=\"1860\" data-end=\"1987\"><strong data-start=\"1860\" data-end=\"1886\">ODM &amp; OEM Verf\u00fcgbarkeit<\/strong> - F\u00fcr den Gro\u00dfhandels- und Unternehmensbedarf werden ma\u00dfgeschneiderte Branding- und Eigenmarkendienste angeboten.<\/p>\n<\/li>\n<\/ol>\n<figure id=\"attachment_1776\" aria-describedby=\"caption-attachment-1776\" style=\"width: 750px\" class=\"wp-caption aligncenter\"><img fetchpriority=\"high\" decoding=\"async\" class=\"wp-image-1776 size-full\" src=\"https:\/\/baijiabags.com\/wp-content\/uploads\/2025\/09\/GB-0428.png\" alt=\"GB 0428\" width=\"750\" height=\"626\" srcset=\"https:\/\/baijiabags.com\/wp-content\/uploads\/2025\/09\/GB-0428.png 750w, https:\/\/baijiabags.com\/wp-content\/uploads\/2025\/09\/GB-0428-300x250.png 300w, https:\/\/baijiabags.com\/wp-content\/uploads\/2025\/09\/GB-0428-14x12.png 14w, https:\/\/baijiabags.com\/wp-content\/uploads\/2025\/09\/GB-0428-600x501.png 600w\" sizes=\"(max-width: 750px) 100vw, 750px\" \/><figcaption id=\"caption-attachment-1776\" class=\"wp-caption-text\">GB 0428<\/figcaption><\/figure>\n<h2 data-start=\"1994\" data-end=\"2013\">Spezifikationen<\/h2>\n<div class=\"_tableContainer_1rjym_1\">\n<div class=\"group _tableWrapper_1rjym_13 flex w-fit flex-col-reverse\" tabindex=\"-1\">\n<table class=\"w-fit min-w-(--thread-content-width)\" data-start=\"2015\" data-end=\"2780\">\n<thead data-start=\"2015\" data-end=\"2052\">\n<tr data-start=\"2015\" data-end=\"2052\">\n<th data-start=\"2015\" data-end=\"2035\" data-col-size=\"sm\"><strong data-start=\"2017\" data-end=\"2034\">Spezifikation<\/strong><\/th>\n<th data-start=\"2035\" data-end=\"2052\" data-col-size=\"md\"><strong data-start=\"2037\" data-end=\"2048\">Einzelheiten<\/strong><\/th>\n<\/tr>\n<\/thead>\n<tbody data-start=\"2092\" data-end=\"2780\">\n<tr data-start=\"2092\" data-end=\"2144\">\n<td data-start=\"2092\" data-end=\"2113\" data-col-size=\"sm\">Produktname<\/td>\n<td data-start=\"2113\" data-end=\"2144\" data-col-size=\"md\">Damenhandtasche<\/td>\n<\/tr>\n<tr data-start=\"2145\" data-end=\"2178\">\n<td data-start=\"2145\" data-end=\"2166\" data-col-size=\"sm\">Marke<\/td>\n<td data-start=\"2166\" data-end=\"2178\" data-col-size=\"md\">RONEER<\/td>\n<\/tr>\n<tr data-start=\"2179\" data-end=\"2213\">\n<td data-start=\"2179\" data-end=\"2200\" data-col-size=\"sm\">Modell<\/td>\n<td data-start=\"2200\" data-end=\"2213\" data-col-size=\"md\">GB-0428<\/td>\n<\/tr>\n<tr data-start=\"2214\" data-end=\"2257\">\n<td data-start=\"2214\" data-end=\"2235\" data-col-size=\"sm\">Herkunft<\/td>\n<td data-start=\"2235\" data-end=\"2257\" data-col-size=\"md\">Guangdong, China<\/td>\n<\/tr>\n<tr data-start=\"2258\" data-end=\"2309\">\n<td data-start=\"2258\" data-end=\"2279\" data-col-size=\"sm\">Stil<\/td>\n<td data-start=\"2279\" data-end=\"2309\" data-col-size=\"md\">Modisch &amp; Minimalistisch<\/td>\n<\/tr>\n<tr data-start=\"2310\" data-end=\"2362\">\n<td data-start=\"2310\" data-end=\"2331\" data-col-size=\"sm\">Material<\/td>\n<td data-start=\"2331\" data-end=\"2362\" data-col-size=\"md\">Zweilagiges Rindsleder<\/td>\n<\/tr>\n<tr data-start=\"2363\" data-end=\"2397\">\n<td data-start=\"2363\" data-end=\"2384\" data-col-size=\"sm\">Gewicht<\/td>\n<td data-start=\"2384\" data-end=\"2397\" data-col-size=\"md\">0,62 kg<\/td>\n<\/tr>\n<tr data-start=\"2398\" data-end=\"2478\">\n<td data-start=\"2398\" data-end=\"2419\" data-col-size=\"sm\">Struktur<\/td>\n<td data-start=\"2419\" data-end=\"2478\" data-col-size=\"md\">Innentasche mit Rei\u00dfverschluss \/ Hauptfach \/ Innentasche<\/td>\n<\/tr>\n<tr data-start=\"2479\" data-end=\"2526\">\n<td data-start=\"2479\" data-end=\"2500\" data-col-size=\"sm\">Farbe<\/td>\n<td data-start=\"2500\" data-end=\"2526\" data-col-size=\"md\">Braun (anpassbar)<\/td>\n<\/tr>\n<tr data-start=\"2527\" data-end=\"2576\">\n<td data-start=\"2527\" data-end=\"2548\" data-col-size=\"sm\">Methode der Bef\u00f6rderung<\/td>\n<td data-start=\"2548\" data-end=\"2576\" data-col-size=\"md\">Crossbody \/ Handtrage<\/td>\n<\/tr>\n<tr data-start=\"2577\" data-end=\"2680\">\n<td data-start=\"2577\" data-end=\"2598\" data-col-size=\"sm\">Kapazit\u00e4t<\/td>\n<td data-start=\"2598\" data-end=\"2680\" data-col-size=\"md\">Platz f\u00fcr A4-Magazin, iPad, Telefon, Regenschirm, Kosmetika und andere Dinge des t\u00e4glichen Bedarfs<\/td>\n<\/tr>\n<tr data-start=\"2681\" data-end=\"2742\">\n<td data-start=\"2681\" data-end=\"2702\" data-col-size=\"sm\">Eigenschaften<\/td>\n<td data-start=\"2702\" data-end=\"2742\" data-col-size=\"md\">Wasserfest, tragbar, langlebig<\/td>\n<\/tr>\n<tr data-start=\"2743\" data-end=\"2780\">\n<td data-start=\"2743\" data-end=\"2764\" data-col-size=\"sm\">MOQ<\/td>\n<td data-start=\"2764\" data-end=\"2780\" data-col-size=\"md\">300 St\u00fcck<\/td>\n<\/tr>\n<\/tbody>\n<\/table>\n<\/div>\n<\/div>\n<h2 data-start=\"2787\" data-end=\"2804\">Anwendungen<\/h2>\n<ul data-start=\"2894\" data-end=\"3265\">\n<li data-start=\"2894\" data-end=\"2994\">\n<p data-start=\"2896\" data-end=\"2994\"><strong data-start=\"2896\" data-end=\"2906\">Reisen<\/strong> - Dank des gro\u00dfen Fassungsverm\u00f6gens und des geringen Gewichts k\u00f6nnen die t\u00e4glichen Reiseanforderungen erf\u00fcllt werden.<\/p>\n<\/li>\n<li data-start=\"2995\" data-end=\"3077\">\n<p data-start=\"2997\" data-end=\"3077\"><strong data-start=\"2997\" data-end=\"3005\">Arbeit<\/strong> - B\u00fcrodokumente, Tablets und pers\u00f6nliche Gegenst\u00e4nde k\u00f6nnen \u00fcbersichtlich verstaut werden.<\/p>\n<\/li>\n<li data-start=\"3078\" data-end=\"3183\">\n<p data-start=\"3080\" data-end=\"3183\"><strong data-start=\"3080\" data-end=\"3098\">Freizeitausfl\u00fcge<\/strong> - T\u00e4gliches Einkaufen, Essen gehen und Freizeitaktivit\u00e4ten k\u00f6nnen bequem erg\u00e4nzt werden.<\/p>\n<\/li>\n<li data-start=\"3184\" data-end=\"3265\">\n<p data-start=\"3186\" data-end=\"3265\"><strong data-start=\"3186\" data-end=\"3200\">Das t\u00e4gliche Leben<\/strong> - Die wichtigsten Dinge des t\u00e4glichen Lebens lassen sich leicht transportieren und praktisch einsetzen.<\/p>\n<\/li>\n<\/ul>\n<p data-start=\"3272\" data-end=\"3467\">Wenn Sie an dieser Handtasche interessiert sind, nehmen Sie bitte Kontakt mit uns auf, um weitere Einzelheiten zu erfahren oder ein Muster anzufordern. <strong data-start=\"3371\" data-end=\"3406\">ODM- und OEM-Dienste werden angeboten<\/strong> zur Unterst\u00fctzung von kundenspezifischem Branding und Gro\u00dfhandelsanforderungen.<\/p>","protected":false},"excerpt":{"rendered":"<p>Die <strong data-start=\"185\" data-end=\"251\">Tasche Fabrik Gro\u00dfhandel Elegante braune Lederhandtasche f\u00fcr Frauen<\/strong> von <strong data-start=\"255\" data-end=\"265\">RONEER<\/strong> wurde entworfen, um Eleganz mit Alltagstauglichkeit zu verbinden. Die Handtasche aus hochwertigem, zweilagigem Rindsleder wurde sorgf\u00e4ltig verarbeitet, um Haltbarkeit, Komfort und Stil zu gew\u00e4hrleisten. Feine N\u00e4hte und ein modernes, minimalistisches Design sorgen f\u00fcr ein erstklassiges Finish, so dass sich die Tasche sowohl f\u00fcr Freizeitausfl\u00fcge als auch f\u00fcr den professionellen Einsatz eignet.<\/p>","protected":false},"featured_media":1778,"comment_status":"open","ping_status":"closed","template":"","meta":{"site-sidebar-layout":"default","site-content-layout":"","ast-site-content-layout":"default","site-content-style":"default","site-sidebar-style":"default","ast-global-header-display":"","ast-banner-title-visibility":"","ast-main-header-display":"","ast-hfb-above-header-display":"","ast-hfb-below-header-display":"","ast-hfb-mobile-header-display":"","site-post-title":"","ast-breadcrumbs-content":"","ast-featured-img":"","footer-sml-layout":"","ast-disable-related-posts":"","theme-transparent-header-meta":"default","adv-header-id-meta":"","stick-header-meta":"","header-above-stick-meta":"","header-main-stick-meta":"","header-below-stick-meta":"","astra-migrate-meta-layouts":"set","ast-page-background-enabled":"default","ast-page-background-meta":{"desktop":{"background-color":"var(--ast-global-color-5)","background-image":"","background-repeat":"repeat","background-position":"center center","background-size":"auto","background-attachment":"scroll","background-type":"","background-media":"","overlay-type":"","overlay-color":"","overlay-opacity":"","overlay-gradient":""},"tablet":{"background-color":"","background-image":"","background-repeat":"repeat","background-position":"center center","background-size":"auto","background-attachment":"scroll","background-type":"","background-media":"","overlay-type":"","overlay-color":"","overlay-opacity":"","overlay-gradient":""},"mobile":{"background-color":"","background-image":"","background-repeat":"repeat","background-position":"center center","background-size":"auto","background-attachment":"scroll","background-type":"","background-media":"","overlay-type":"","overlay-color":"","overlay-opacity":"","overlay-gradient":""}},"ast-content-background-meta":{"desktop":{"background-color":"var(--ast-global-color-4)","background-image":"","background-repeat":"repeat","background-position":"center center","background-size":"auto","background-attachment":"scroll","background-type":"","background-media":"","overlay-type":"","overlay-color":"","overlay-opacity":"","overlay-gradient":""},"tablet":{"background-color":"var(--ast-global-color-4)","background-image":"","background-repeat":"repeat","background-position":"center center","background-size":"auto","background-attachment":"scroll","background-type":"","background-media":"","overlay-type":"","overlay-color":"","overlay-opacity":"","overlay-gradient":""},"mobile":{"background-color":"var(--ast-global-color-4)","background-image":"","background-repeat":"repeat","background-position":"center center","background-size":"auto","background-attachment":"scroll","background-type":"","background-media":"","overlay-type":"","overlay-color":"","overlay-opacity":"","overlay-gradient":""}}},"product_brand":[],"product_cat":[42,54],"product_tag":[],"class_list":{"0":"post-1775","1":"product","2":"type-product","3":"status-publish","4":"has-post-thumbnail","6":"product_cat-hand-bag","7":"product_cat-womens-bag","8":"desktop-align-left","9":"tablet-align-left","10":"mobile-align-left","12":"first","13":"instock","14":"shipping-taxable","15":"product-type-simple"},"_links":{"self":[{"href":"https:\/\/baijiabags.com\/de\/wp-json\/wp\/v2\/product\/1775","targetHints":{"allow":["GET"]}}],"collection":[{"href":"https:\/\/baijiabags.com\/de\/wp-json\/wp\/v2\/product"}],"about":[{"href":"https:\/\/baijiabags.com\/de\/wp-json\/wp\/v2\/types\/product"}],"replies":[{"embeddable":true,"href":"https:\/\/baijiabags.com\/de\/wp-json\/wp\/v2\/comments?post=1775"}],"wp:featuredmedia":[{"embeddable":true,"href":"https:\/\/baijiabags.com\/de\/wp-json\/wp\/v2\/media\/1778"}],"wp:attachment":[{"href":"https:\/\/baijiabags.com\/de\/wp-json\/wp\/v2\/media?parent=1775"}],"wp:term":[{"taxonomy":"product_brand","embeddable":true,"href":"https:\/\/baijiabags.com\/de\/wp-json\/wp\/v2\/product_brand?post=1775"},{"taxonomy":"product_cat","embeddable":true,"href":"https:\/\/baijiabags.com\/de\/wp-json\/wp\/v2\/product_cat?post=1775"},{"taxonomy":"product_tag","embeddable":true,"href":"https:\/\/baijiabags.com\/de\/wp-json\/wp\/v2\/product_tag?post=1775"}],"curies":[{"name":"wp","href":"https:\/\/api.w.org\/{rel}","templated":true}]}}