{"id":1658,"date":"2025-09-18T01:23:37","date_gmt":"2025-09-18T01:23:37","guid":{"rendered":"https:\/\/baijiabags.com\/?post_type=product&#038;p=1658"},"modified":"2025-11-01T01:21:58","modified_gmt":"2025-11-01T01:21:58","slug":"factory-wholesale-womens-luxury-small-pu-leather-tote-bag-customizable-logo-crossbody-strap-suitable-for-daily-use","status":"publish","type":"product","link":"https:\/\/baijiabags.com\/de\/produkt\/factory-wholesale-womens-luxury-small-pu-leather-tote-bag-customizable-logo-crossbody-strap-suitable-for-daily-use\/","title":{"rendered":"Fabrik Gro\u00dfhandel Frauen Luxus kleine PU-Leder-Tasche anpassbare Logo Crossbody Strap geeignet f\u00fcr den t\u00e4glichen Gebrauch"},"content":{"rendered":"<h2 data-start=\"644\" data-end=\"661\">Wesentliche Merkmale<\/h2>\n<ol data-start=\"663\" data-end=\"1773\">\n<li data-start=\"663\" data-end=\"802\">\n<p data-start=\"666\" data-end=\"802\"><strong data-start=\"666\" data-end=\"697\">Hochwertiges PU-Leder-Material<\/strong> - Die Oberfl\u00e4che aus strapazierf\u00e4higem PU-Leder sorgt f\u00fcr ein edles Aussehen und eine lange Lebensdauer.<\/p>\n<\/li>\n<li data-start=\"803\" data-end=\"917\">\n<p data-start=\"806\" data-end=\"917\"><strong data-start=\"806\" data-end=\"828\">Leichte Konstruktion<\/strong> - Ein Nettogewicht von nur <strong data-start=\"852\" data-end=\"863\">0,48 kg<\/strong> wurde f\u00fcr ein bequemes t\u00e4gliches Tragen gepflegt.<\/p>\n<\/li>\n<li data-start=\"918\" data-end=\"1076\">\n<p data-start=\"921\" data-end=\"1076\"><strong data-start=\"921\" data-end=\"946\">Mehrere F\u00e4cher<\/strong> - Ein Hauptfach, zwei Rei\u00dfverschluss-Innentaschen und eine zus\u00e4tzliche Innentasche sorgen f\u00fcr Ordnung.<\/p>\n<\/li>\n<li data-start=\"1077\" data-end=\"1206\">\n<p data-start=\"1080\" data-end=\"1206\"><strong data-start=\"1080\" data-end=\"1101\">Anpassbares Logo<\/strong> - Ein Logodesign kann auf die Anforderungen der Marke zugeschnitten werden und die Verwendung als Werbemittel oder Eigenmarke unterst\u00fctzen.<\/p>\n<\/li>\n<li data-start=\"1207\" data-end=\"1345\">\n<p data-start=\"1210\" data-end=\"1345\"><strong data-start=\"1210\" data-end=\"1240\">Verstellbarer Umh\u00e4ngeriemen<\/strong> - Ein verstellbarer Riemen erm\u00f6glicht den flexiblen Einsatz als Crossbody Bag oder Handgep\u00e4ckst\u00fcck.<\/p>\n<\/li>\n<li data-start=\"1346\" data-end=\"1461\">\n<p data-start=\"1349\" data-end=\"1461\"><strong data-start=\"1349\" data-end=\"1371\">Wasserdichte Oberfl\u00e4che<\/strong> - Eine wasserfeste Beschichtung sch\u00fctzt pers\u00f6nliche Gegenst\u00e4nde in der t\u00e4glichen Umgebung.<\/p>\n<\/li>\n<li data-start=\"1462\" data-end=\"1623\">\n<p data-start=\"1465\" data-end=\"1623\"><strong data-start=\"1465\" data-end=\"1487\">Praktische Kapazit\u00e4t<\/strong> - Es ist Platz f\u00fcr wichtige Dinge wie ein iPad, ein Mobiltelefon, einen faltbaren Regenschirm, Kosmetika und andere Gegenst\u00e4nde, die regelm\u00e4\u00dfig benutzt werden.<\/p>\n<\/li>\n<li data-start=\"1624\" data-end=\"1773\">\n<p data-start=\"1627\" data-end=\"1773\"><strong data-start=\"1627\" data-end=\"1652\">Modebewusster Stil<\/strong> - Der von England inspirierte Stil sorgt f\u00fcr einen modischen Auftritt auf Reisen und im Alltag.<\/p>\n<\/li>\n<\/ol>\n<figure id=\"attachment_1659\" aria-describedby=\"caption-attachment-1659\" style=\"width: 750px\" class=\"wp-caption aligncenter\"><img fetchpriority=\"high\" decoding=\"async\" class=\"wp-image-1659 size-full\" src=\"https:\/\/baijiabags.com\/wp-content\/uploads\/2025\/09\/GB-0423.png\" alt=\"GB 0423\" width=\"750\" height=\"579\" srcset=\"https:\/\/baijiabags.com\/wp-content\/uploads\/2025\/09\/GB-0423.png 750w, https:\/\/baijiabags.com\/wp-content\/uploads\/2025\/09\/GB-0423-300x232.png 300w, https:\/\/baijiabags.com\/wp-content\/uploads\/2025\/09\/GB-0423-600x463.png 600w\" sizes=\"(max-width: 750px) 100vw, 750px\" \/><figcaption id=\"caption-attachment-1659\" class=\"wp-caption-text\">GB 0423<\/figcaption><\/figure>\n<h2 data-start=\"1775\" data-end=\"1794\">Spezifikationen<\/h2>\n<div class=\"_tableContainer_1rjym_1\">\n<div class=\"group _tableWrapper_1rjym_13 flex w-fit flex-col-reverse\" tabindex=\"-1\">\n<table class=\"w-fit min-w-(--thread-content-width)\" data-start=\"1796\" data-end=\"3549\">\n<thead data-start=\"1796\" data-end=\"1898\">\n<tr data-start=\"1796\" data-end=\"1898\">\n<th data-start=\"1796\" data-end=\"1819\" data-col-size=\"sm\"><strong data-start=\"1798\" data-end=\"1806\">Artikel<\/strong><\/th>\n<th data-start=\"1819\" data-end=\"1898\" data-col-size=\"md\"><strong data-start=\"1821\" data-end=\"1832\">Einzelheiten<\/strong><\/th>\n<\/tr>\n<\/thead>\n<tbody data-start=\"2003\" data-end=\"3549\">\n<tr data-start=\"2003\" data-end=\"2105\">\n<td data-start=\"2003\" data-end=\"2027\" data-col-size=\"sm\">Produktname<\/td>\n<td data-start=\"2027\" data-end=\"2105\" data-col-size=\"md\">Damenhandtasche<\/td>\n<\/tr>\n<tr data-start=\"2106\" data-end=\"2208\">\n<td data-start=\"2106\" data-end=\"2130\" data-col-size=\"sm\">Marke<\/td>\n<td data-start=\"2130\" data-end=\"2208\" data-col-size=\"md\">RONEER<\/td>\n<\/tr>\n<tr data-start=\"2209\" data-end=\"2311\">\n<td data-start=\"2209\" data-end=\"2233\" data-col-size=\"sm\">Modell<\/td>\n<td data-start=\"2233\" data-end=\"2311\" data-col-size=\"md\">GB-0423<\/td>\n<\/tr>\n<tr data-start=\"2312\" data-end=\"2414\">\n<td data-start=\"2312\" data-end=\"2336\" data-col-size=\"sm\">Herkunft<\/td>\n<td data-start=\"2336\" data-end=\"2414\" data-col-size=\"md\">Guangdong, China<\/td>\n<\/tr>\n<tr data-start=\"2415\" data-end=\"2517\">\n<td data-start=\"2415\" data-end=\"2439\" data-col-size=\"sm\">Stil<\/td>\n<td data-start=\"2439\" data-end=\"2517\" data-col-size=\"md\">Mode, Dame, England Stil<\/td>\n<\/tr>\n<tr data-start=\"2518\" data-end=\"2620\">\n<td data-start=\"2518\" data-end=\"2542\" data-col-size=\"sm\">Hauptmaterial<\/td>\n<td data-start=\"2542\" data-end=\"2620\" data-col-size=\"md\">PU-Leder<\/td>\n<\/tr>\n<tr data-start=\"2621\" data-end=\"2723\">\n<td data-start=\"2621\" data-end=\"2645\" data-col-size=\"sm\">Gewicht<\/td>\n<td data-start=\"2645\" data-end=\"2723\" data-col-size=\"md\">0,48 kg<\/td>\n<\/tr>\n<tr data-start=\"2724\" data-end=\"2827\">\n<td data-start=\"2724\" data-end=\"2748\" data-col-size=\"sm\">Struktur<\/td>\n<td data-start=\"2748\" data-end=\"2827\" data-col-size=\"md\">Hauptfach \/ 2 Innentaschen mit Rei\u00dfverschluss \/ 1 Innentasche<\/td>\n<\/tr>\n<tr data-start=\"2828\" data-end=\"2930\">\n<td data-start=\"2828\" data-end=\"2852\" data-col-size=\"sm\">Farboptionen<\/td>\n<td data-start=\"2852\" data-end=\"2930\" data-col-size=\"md\">Anpassbar<\/td>\n<\/tr>\n<tr data-start=\"2931\" data-end=\"3033\">\n<td data-start=\"2931\" data-end=\"2955\" data-col-size=\"sm\">Muster<\/td>\n<td data-start=\"2955\" data-end=\"3033\" data-col-size=\"md\">Anpassbares Logo<\/td>\n<\/tr>\n<tr data-start=\"3034\" data-end=\"3136\">\n<td data-start=\"3034\" data-end=\"3058\" data-col-size=\"sm\">Verwendungsmethoden<\/td>\n<td data-start=\"3058\" data-end=\"3136\" data-col-size=\"md\">Crossbody \/ Handtrage<\/td>\n<\/tr>\n<tr data-start=\"3137\" data-end=\"3239\">\n<td data-start=\"3137\" data-end=\"3161\" data-col-size=\"sm\">Merkmal<\/td>\n<td data-start=\"3161\" data-end=\"3239\" data-col-size=\"md\">Wasserdicht<\/td>\n<\/tr>\n<tr data-start=\"3240\" data-end=\"3343\">\n<td data-start=\"3240\" data-end=\"3264\" data-col-size=\"sm\">Kapazit\u00e4t<\/td>\n<td data-start=\"3264\" data-end=\"3343\" data-col-size=\"md\">iPad, Mobiltelefon, faltbarer Regenschirm, Kosmetika und andere Alltagsgegenst\u00e4nde<\/td>\n<\/tr>\n<tr data-start=\"3344\" data-end=\"3446\">\n<td data-start=\"3344\" data-end=\"3368\" data-col-size=\"sm\">MOQ<\/td>\n<td data-start=\"3368\" data-end=\"3446\" data-col-size=\"md\">300 St\u00fcck<\/td>\n<\/tr>\n<tr data-start=\"3447\" data-end=\"3549\">\n<td data-start=\"3447\" data-end=\"3471\" data-col-size=\"sm\">Anwendungsbereich<\/td>\n<td data-start=\"3471\" data-end=\"3549\" data-col-size=\"md\">Reisen, T\u00e4gliches Leben<\/td>\n<\/tr>\n<\/tbody>\n<\/table>\n<\/div>\n<\/div>\n<h2 data-start=\"3551\" data-end=\"3568\">Anwendungen<\/h2>\n<ul data-start=\"3570\" data-end=\"4120\">\n<li data-start=\"3570\" data-end=\"3664\">\n<p data-start=\"3572\" data-end=\"3664\">Die Tragetasche wurde verwendet f\u00fcr <strong data-start=\"3603\" data-end=\"3622\">t\u00e4gliches Pendeln<\/strong>und bietet sowohl Mode als auch Komfort.<\/p>\n<\/li>\n<li data-start=\"3665\" data-end=\"3748\">\n<p data-start=\"3667\" data-end=\"3748\">Es wurde bef\u00f6rdert w\u00e4hrend <strong data-start=\"3694\" data-end=\"3704\">Reisen<\/strong> um das Wesentliche sicher und zug\u00e4nglich zu halten.<\/p>\n<\/li>\n<li data-start=\"3749\" data-end=\"3832\">\n<p data-start=\"3751\" data-end=\"3832\">Es wurde ausgew\u00e4hlt f\u00fcr <strong data-start=\"3774\" data-end=\"3792\">Einkaufstouren<\/strong>dank seiner leichten Struktur.<\/p>\n<\/li>\n<li data-start=\"3833\" data-end=\"3948\">\n<p data-start=\"3835\" data-end=\"3948\">Die anpassbare Branding-Option wird von Unternehmen bereits seit <strong data-start=\"3904\" data-end=\"3925\">Firmengeschenke<\/strong> und zu Werbezwecken.<\/p>\n<\/li>\n<li data-start=\"3949\" data-end=\"4018\">\n<p data-start=\"3951\" data-end=\"4018\">Es wurde gestaltet f\u00fcr <strong data-start=\"3974\" data-end=\"3995\">gesellschaftliche Zusammenk\u00fcnfte<\/strong> als schickes Accessoire.<\/p>\n<\/li>\n<li data-start=\"4019\" data-end=\"4120\">\n<p data-start=\"4021\" data-end=\"4120\">Sie wurde angewandt in <strong data-start=\"4044\" data-end=\"4074\">Studenten oder B\u00fcroeinrichtungen<\/strong>, die Dokumente und elektronische Ger\u00e4te mit sich f\u00fchren.<\/p>\n<\/li>\n<\/ul>\n<p data-start=\"4127\" data-end=\"4304\">Wenn Sie Interesse an dieser Handtasche haben, k\u00f6nnen Sie uns gerne kontaktieren und Muster anfordern. Beide <strong data-start=\"4227\" data-end=\"4249\">ODM- und OEM-Dienstleistungen<\/strong> sind verf\u00fcgbar, um verschiedene Anpassungsanforderungen zu erf\u00fcllen.<\/p>","protected":false},"excerpt":{"rendered":"<p data-pm-slice=\"0 0 []\">Die Factory Wholesale Women's Luxury Small PU Leather Tote Bag wurde sorgf\u00e4ltig hergestellt, um Eleganz und Praktikabilit\u00e4t f\u00fcr den t\u00e4glichen Gebrauch zu bieten. Entworfen unter der Marke RONEER, wurde die Handtasche mit Liebe zum Detail hergestellt, um sicherzustellen, dass sowohl Funktionalit\u00e4t als auch Stil geboten werden. Das Design ist vielseitig, so dass die Tasche als Crossbody oder in der Hand getragen werden kann, was sie f\u00fcr viele Gelegenheiten geeignet macht.<\/p>","protected":false},"featured_media":1670,"comment_status":"open","ping_status":"closed","template":"","meta":{"site-sidebar-layout":"default","site-content-layout":"","ast-site-content-layout":"default","site-content-style":"default","site-sidebar-style":"default","ast-global-header-display":"","ast-banner-title-visibility":"","ast-main-header-display":"","ast-hfb-above-header-display":"","ast-hfb-below-header-display":"","ast-hfb-mobile-header-display":"","site-post-title":"","ast-breadcrumbs-content":"","ast-featured-img":"","footer-sml-layout":"","ast-disable-related-posts":"","theme-transparent-header-meta":"default","adv-header-id-meta":"","stick-header-meta":"","header-above-stick-meta":"","header-main-stick-meta":"","header-below-stick-meta":"","astra-migrate-meta-layouts":"set","ast-page-background-enabled":"default","ast-page-background-meta":{"desktop":{"background-color":"var(--ast-global-color-5)","background-image":"","background-repeat":"repeat","background-position":"center center","background-size":"auto","background-attachment":"scroll","background-type":"","background-media":"","overlay-type":"","overlay-color":"","overlay-opacity":"","overlay-gradient":""},"tablet":{"background-color":"","background-image":"","background-repeat":"repeat","background-position":"center center","background-size":"auto","background-attachment":"scroll","background-type":"","background-media":"","overlay-type":"","overlay-color":"","overlay-opacity":"","overlay-gradient":""},"mobile":{"background-color":"","background-image":"","background-repeat":"repeat","background-position":"center center","background-size":"auto","background-attachment":"scroll","background-type":"","background-media":"","overlay-type":"","overlay-color":"","overlay-opacity":"","overlay-gradient":""}},"ast-content-background-meta":{"desktop":{"background-color":"var(--ast-global-color-4)","background-image":"","background-repeat":"repeat","background-position":"center center","background-size":"auto","background-attachment":"scroll","background-type":"","background-media":"","overlay-type":"","overlay-color":"","overlay-opacity":"","overlay-gradient":""},"tablet":{"background-color":"var(--ast-global-color-4)","background-image":"","background-repeat":"repeat","background-position":"center center","background-size":"auto","background-attachment":"scroll","background-type":"","background-media":"","overlay-type":"","overlay-color":"","overlay-opacity":"","overlay-gradient":""},"mobile":{"background-color":"var(--ast-global-color-4)","background-image":"","background-repeat":"repeat","background-position":"center center","background-size":"auto","background-attachment":"scroll","background-type":"","background-media":"","overlay-type":"","overlay-color":"","overlay-opacity":"","overlay-gradient":""}}},"product_brand":[],"product_cat":[42,54],"product_tag":[],"class_list":{"0":"post-1658","1":"product","2":"type-product","3":"status-publish","4":"has-post-thumbnail","6":"product_cat-hand-bag","7":"product_cat-womens-bag","8":"desktop-align-left","9":"tablet-align-left","10":"mobile-align-left","12":"first","13":"instock","14":"shipping-taxable","15":"product-type-simple"},"_links":{"self":[{"href":"https:\/\/baijiabags.com\/de\/wp-json\/wp\/v2\/product\/1658","targetHints":{"allow":["GET"]}}],"collection":[{"href":"https:\/\/baijiabags.com\/de\/wp-json\/wp\/v2\/product"}],"about":[{"href":"https:\/\/baijiabags.com\/de\/wp-json\/wp\/v2\/types\/product"}],"replies":[{"embeddable":true,"href":"https:\/\/baijiabags.com\/de\/wp-json\/wp\/v2\/comments?post=1658"}],"wp:featuredmedia":[{"embeddable":true,"href":"https:\/\/baijiabags.com\/de\/wp-json\/wp\/v2\/media\/1670"}],"wp:attachment":[{"href":"https:\/\/baijiabags.com\/de\/wp-json\/wp\/v2\/media?parent=1658"}],"wp:term":[{"taxonomy":"product_brand","embeddable":true,"href":"https:\/\/baijiabags.com\/de\/wp-json\/wp\/v2\/product_brand?post=1658"},{"taxonomy":"product_cat","embeddable":true,"href":"https:\/\/baijiabags.com\/de\/wp-json\/wp\/v2\/product_cat?post=1658"},{"taxonomy":"product_tag","embeddable":true,"href":"https:\/\/baijiabags.com\/de\/wp-json\/wp\/v2\/product_tag?post=1658"}],"curies":[{"name":"wp","href":"https:\/\/api.w.org\/{rel}","templated":true}]}}