{"id":1533,"date":"2025-09-16T06:35:23","date_gmt":"2025-09-16T06:35:23","guid":{"rendered":"https:\/\/baijiabags.com\/?post_type=product&#038;p=1533"},"modified":"2025-11-01T01:21:59","modified_gmt":"2025-11-01T01:21:59","slug":"china-bag-manufacturer-wholesale-multipurpose-lightweight-pu-leather-travel-work-daily-commuter-custom-logo","status":"publish","type":"product","link":"https:\/\/baijiabags.com\/de\/produkt\/china-bag-manufacturer-wholesale-multipurpose-lightweight-pu-leather-travel-work-daily-commuter-custom-logo\/","title":{"rendered":"China Tasche Hersteller Gro\u00dfhandel Mehrzweck-leichte PU-Leder Reise Arbeit t\u00e4glich Pendler benutzerdefinierte Logo"},"content":{"rendered":"<h2 data-start=\"559\" data-end=\"576\">Wesentliche Merkmale<\/h2>\n<ol data-start=\"578\" data-end=\"1797\">\n<li data-start=\"578\" data-end=\"742\">\n<p data-start=\"581\" data-end=\"742\"><strong data-start=\"581\" data-end=\"601\">Hochwertiges Material:<\/strong>Das PU-Leder wurde so ausgew\u00e4hlt, dass es leicht und dennoch strapazierf\u00e4hig ist, so dass die Tasche bequem zu tragen und widerstandsf\u00e4hig ist.<\/p>\n<\/li>\n<li data-start=\"744\" data-end=\"882\">\n<p data-start=\"747\" data-end=\"882\"><strong data-start=\"747\" data-end=\"767\">Wasserbest\u00e4ndigkeit:<\/strong>Die Handtasche ist mit einer wasserabweisenden Beschichtung versehen, die Schutz vor Regen und Spritzwasser bietet.<\/p>\n<\/li>\n<li data-start=\"884\" data-end=\"1002\">\n<p data-start=\"887\" data-end=\"1002\"><strong data-start=\"887\" data-end=\"907\">Mehrzwecknutzung:<\/strong>Das Produkt wurde f\u00fcr das Pendeln, Einkaufen, Reisen und den gelegentlichen t\u00e4glichen Gebrauch entwickelt.<\/p>\n<\/li>\n<li data-start=\"1004\" data-end=\"1129\">\n<p data-start=\"1007\" data-end=\"1129\"><strong data-start=\"1007\" data-end=\"1034\">Anpassbares Erscheinungsbild:<\/strong>Farben und Logos k\u00f6nnen individuell angepasst werden, um verschiedene Marken oder pers\u00f6nliche Anforderungen zu erf\u00fcllen.<\/p>\n<\/li>\n<li data-start=\"1131\" data-end=\"1326\">\n<p data-start=\"1134\" data-end=\"1326\"><strong data-start=\"1134\" data-end=\"1167\">Kompaktes, aber ger\u00e4umiges Fassungsverm\u00f6gen:<\/strong>Trotz des geringen Gewichts (0,32 kg) lassen sich iPad, Handy, Faltschirm, Kosmetika und andere Kleinigkeiten sicher unterbringen.<\/p>\n<\/li>\n<li data-start=\"1328\" data-end=\"1468\">\n<p data-start=\"1331\" data-end=\"1468\"><strong data-start=\"1331\" data-end=\"1361\">Vielseitige Tragem\u00f6glichkeiten:<\/strong>Sie kann sowohl als Crossbody als auch in der Hand getragen werden und eignet sich somit f\u00fcr verschiedene Anl\u00e4sse.<\/p>\n<\/li>\n<li data-start=\"1470\" data-end=\"1635\">\n<p data-start=\"1473\" data-end=\"1635\"><strong data-start=\"1473\" data-end=\"1500\">Gut organisierter Innenraum:<\/strong>Eine Innentasche mit Rei\u00dfverschluss, zwei kleine Innentaschen und ein Hauptfach wurden integriert, um die Organisation zu verbessern.<\/p>\n<\/li>\n<li data-start=\"1637\" data-end=\"1797\">\n<p data-start=\"1640\" data-end=\"1797\"><strong data-start=\"1640\" data-end=\"1662\">OEM &amp; ODM-freundlich:<\/strong>Die Gro\u00dfserienproduktion wird mit einer Mindestbestellmenge von 300 St\u00fcck unterst\u00fctzt, w\u00e4hrend OEM- und ODM-Anpassungen akzeptiert werden.<\/p>\n<\/li>\n<\/ol>\n<figure id=\"attachment_1534\" aria-describedby=\"caption-attachment-1534\" style=\"width: 750px\" class=\"wp-caption aligncenter\"><img fetchpriority=\"high\" decoding=\"async\" class=\"wp-image-1534 size-full\" src=\"https:\/\/baijiabags.com\/wp-content\/uploads\/2025\/09\/GB-0421.png\" alt=\"GB 0421\" width=\"750\" height=\"639\" srcset=\"https:\/\/baijiabags.com\/wp-content\/uploads\/2025\/09\/GB-0421.png 750w, https:\/\/baijiabags.com\/wp-content\/uploads\/2025\/09\/GB-0421-300x256.png 300w, https:\/\/baijiabags.com\/wp-content\/uploads\/2025\/09\/GB-0421-600x511.png 600w\" sizes=\"(max-width: 750px) 100vw, 750px\" \/><figcaption id=\"caption-attachment-1534\" class=\"wp-caption-text\">GB 0421<\/figcaption><\/figure>\n<h2 data-start=\"1804\" data-end=\"1823\">Spezifikationen<\/h2>\n<div class=\"_tableContainer_1rjym_1\">\n<div class=\"group _tableWrapper_1rjym_13 flex w-fit flex-col-reverse\" tabindex=\"-1\">\n<table class=\"w-fit min-w-(--thread-content-width)\" data-start=\"1825\" data-end=\"3112\">\n<thead data-start=\"1825\" data-end=\"1903\">\n<tr data-start=\"1825\" data-end=\"1903\">\n<th data-start=\"1825\" data-end=\"1851\" data-col-size=\"sm\"><strong data-start=\"1827\" data-end=\"1840\">Parameter<\/strong><\/th>\n<th data-start=\"1851\" data-end=\"1903\" data-col-size=\"md\"><strong data-start=\"1853\" data-end=\"1868\">Beschreibung<\/strong><\/th>\n<\/tr>\n<\/thead>\n<tbody data-start=\"1983\" data-end=\"3112\">\n<tr data-start=\"1983\" data-end=\"2061\">\n<td data-start=\"1983\" data-end=\"2010\" data-col-size=\"sm\">Produktname<\/td>\n<td data-start=\"2010\" data-end=\"2061\" data-col-size=\"md\">Damenhandtasche<\/td>\n<\/tr>\n<tr data-start=\"2062\" data-end=\"2140\">\n<td data-start=\"2062\" data-end=\"2089\" data-col-size=\"sm\">Marke<\/td>\n<td data-start=\"2089\" data-end=\"2140\" data-col-size=\"md\">RONEER<\/td>\n<\/tr>\n<tr data-start=\"2141\" data-end=\"2219\">\n<td data-start=\"2141\" data-end=\"2168\" data-col-size=\"sm\">Modellnummer<\/td>\n<td data-start=\"2168\" data-end=\"2219\" data-col-size=\"md\">GB-0421<\/td>\n<\/tr>\n<tr data-start=\"2220\" data-end=\"2298\">\n<td data-start=\"2220\" data-end=\"2247\" data-col-size=\"sm\">Herkunft<\/td>\n<td data-start=\"2247\" data-end=\"2298\" data-col-size=\"md\">Guangdong, China<\/td>\n<\/tr>\n<tr data-start=\"2299\" data-end=\"2377\">\n<td data-start=\"2299\" data-end=\"2326\" data-col-size=\"sm\">Stil<\/td>\n<td data-start=\"2326\" data-end=\"2377\" data-col-size=\"md\">Modisch &amp; Minimalistisch<\/td>\n<\/tr>\n<tr data-start=\"2378\" data-end=\"2456\">\n<td data-start=\"2378\" data-end=\"2405\" data-col-size=\"sm\">Hauptmaterial<\/td>\n<td data-start=\"2405\" data-end=\"2456\" data-col-size=\"md\">PU-Leder<\/td>\n<\/tr>\n<tr data-start=\"2457\" data-end=\"2535\">\n<td data-start=\"2457\" data-end=\"2484\" data-col-size=\"sm\">Gewicht<\/td>\n<td data-start=\"2484\" data-end=\"2535\" data-col-size=\"md\">0,32 kg<\/td>\n<\/tr>\n<tr data-start=\"2536\" data-end=\"2623\">\n<td data-start=\"2536\" data-end=\"2563\" data-col-size=\"sm\">Struktur<\/td>\n<td data-start=\"2563\" data-end=\"2623\" data-col-size=\"md\">Innentasche mit Rei\u00dfverschluss, Hauptfach, 2 Innentaschen<\/td>\n<\/tr>\n<tr data-start=\"2624\" data-end=\"2702\">\n<td data-start=\"2624\" data-end=\"2651\" data-col-size=\"sm\">Farboptionen<\/td>\n<td data-start=\"2651\" data-end=\"2702\" data-col-size=\"md\">Anpassbar<\/td>\n<\/tr>\n<tr data-start=\"2703\" data-end=\"2781\">\n<td data-start=\"2703\" data-end=\"2730\" data-col-size=\"sm\">Methode der Bef\u00f6rderung<\/td>\n<td data-start=\"2730\" data-end=\"2781\" data-col-size=\"md\">Crossbody \/ Handtrage<\/td>\n<\/tr>\n<tr data-start=\"2782\" data-end=\"2860\">\n<td data-start=\"2782\" data-end=\"2809\" data-col-size=\"sm\">Eigenschaften<\/td>\n<td data-start=\"2809\" data-end=\"2860\" data-col-size=\"md\">Wasserbest\u00e4ndig, tragbar, leicht<\/td>\n<\/tr>\n<tr data-start=\"2861\" data-end=\"2954\">\n<td data-start=\"2861\" data-end=\"2888\" data-col-size=\"sm\">Kapazit\u00e4t<\/td>\n<td data-start=\"2888\" data-end=\"2954\" data-col-size=\"md\">iPad, Mobiltelefon, faltbarer Regenschirm, Kosmetika, Essentials<\/td>\n<\/tr>\n<tr data-start=\"2955\" data-end=\"3033\">\n<td data-start=\"2955\" data-end=\"2982\" data-col-size=\"sm\">MOQ<\/td>\n<td data-start=\"2982\" data-end=\"3033\" data-col-size=\"md\">300 Einheiten<\/td>\n<\/tr>\n<tr data-start=\"3034\" data-end=\"3112\">\n<td data-start=\"3034\" data-end=\"3061\" data-col-size=\"sm\">Anmeldung<\/td>\n<td data-start=\"3061\" data-end=\"3112\" data-col-size=\"md\">Reisen, T\u00e4gliches Leben, Einkaufen, Freizeithandtasche<\/td>\n<\/tr>\n<\/tbody>\n<\/table>\n<\/div>\n<\/div>\n<h2 data-start=\"3119\" data-end=\"3136\">Anwendungen<\/h2>\n<ul data-start=\"3138\" data-end=\"3574\">\n<li data-start=\"3138\" data-end=\"3238\">\n<p data-start=\"3140\" data-end=\"3238\"><strong data-start=\"3140\" data-end=\"3160\">Reisebegleiter<\/strong>: Notwendige Dinge wie Handys, Regenschirme und Kosmetika k\u00f6nnen sicher transportiert werden.<\/p>\n<\/li>\n<li data-start=\"3239\" data-end=\"3329\">\n<p data-start=\"3241\" data-end=\"3329\"><strong data-start=\"3241\" data-end=\"3261\">Arbeit &amp; Pendeln<\/strong>: Ein leichtes Design wurde f\u00fcr einen komfortablen t\u00e4glichen Gebrauch gew\u00e4hrleistet.<\/p>\n<\/li>\n<li data-start=\"3330\" data-end=\"3441\">\n<p data-start=\"3332\" data-end=\"3441\"><strong data-start=\"3332\" data-end=\"3351\">Casual Shopping<\/strong>: Die kompakte und dennoch ger\u00e4umige Struktur wurde f\u00fcr die einfache Aufbewahrung unterwegs konzipiert.<\/p>\n<\/li>\n<li data-start=\"3442\" data-end=\"3574\">\n<p data-start=\"3444\" data-end=\"3574\"><strong data-start=\"3444\" data-end=\"3469\">Personalisiertes Branding<\/strong>: Der individuelle Logodruck wurde f\u00fcr Firmengeschenke, Werbeaktionen und die Expansion des Einzelhandels zur Verf\u00fcgung gestellt.<\/p>\n<\/li>\n<\/ul>\n<p data-start=\"3581\" data-end=\"3762\">Wenn Sie Interesse an dieser Handtasche haben, kontaktieren Sie uns bitte f\u00fcr <strong data-start=\"3664\" data-end=\"3675\">Proben<\/strong>. Beide <strong data-start=\"3682\" data-end=\"3704\">ODM- und OEM-Dienstleistungen<\/strong> sind verf\u00fcgbar, um die Anforderungen Ihrer Marke zu erf\u00fcllen.<\/p>","protected":false},"excerpt":{"rendered":"<p>Die <strong data-start=\"110\" data-end=\"128\">Damenhandtasche<\/strong> von <strong data-start=\"134\" data-end=\"144\">RONEER<\/strong> wurde als vielseitige und leichte Option f\u00fcr Reisen, Arbeit und das t\u00e4gliche Pendeln entwickelt. Sie wurde mit einem minimalistischen und dennoch modischen Stil entworfen und aus hochwertigem PU-Leder gefertigt, das Haltbarkeit, Wasserbest\u00e4ndigkeit und einen weichen Griff gew\u00e4hrleistet. Die Tasche wurde entwickelt, um allt\u00e4gliche Utensilien mit Leichtigkeit zu transportieren, und erm\u00f6glicht die individuelle Gestaltung von Farben und Logos f\u00fcr Gro\u00dfhandelsbestellungen.<\/p>","protected":false},"featured_media":1535,"comment_status":"open","ping_status":"closed","template":"","meta":{"site-sidebar-layout":"default","site-content-layout":"","ast-site-content-layout":"default","site-content-style":"default","site-sidebar-style":"default","ast-global-header-display":"","ast-banner-title-visibility":"","ast-main-header-display":"","ast-hfb-above-header-display":"","ast-hfb-below-header-display":"","ast-hfb-mobile-header-display":"","site-post-title":"","ast-breadcrumbs-content":"","ast-featured-img":"","footer-sml-layout":"","ast-disable-related-posts":"","theme-transparent-header-meta":"default","adv-header-id-meta":"","stick-header-meta":"","header-above-stick-meta":"","header-main-stick-meta":"","header-below-stick-meta":"","astra-migrate-meta-layouts":"set","ast-page-background-enabled":"default","ast-page-background-meta":{"desktop":{"background-color":"var(--ast-global-color-5)","background-image":"","background-repeat":"repeat","background-position":"center center","background-size":"auto","background-attachment":"scroll","background-type":"","background-media":"","overlay-type":"","overlay-color":"","overlay-opacity":"","overlay-gradient":""},"tablet":{"background-color":"","background-image":"","background-repeat":"repeat","background-position":"center center","background-size":"auto","background-attachment":"scroll","background-type":"","background-media":"","overlay-type":"","overlay-color":"","overlay-opacity":"","overlay-gradient":""},"mobile":{"background-color":"","background-image":"","background-repeat":"repeat","background-position":"center center","background-size":"auto","background-attachment":"scroll","background-type":"","background-media":"","overlay-type":"","overlay-color":"","overlay-opacity":"","overlay-gradient":""}},"ast-content-background-meta":{"desktop":{"background-color":"var(--ast-global-color-4)","background-image":"","background-repeat":"repeat","background-position":"center center","background-size":"auto","background-attachment":"scroll","background-type":"","background-media":"","overlay-type":"","overlay-color":"","overlay-opacity":"","overlay-gradient":""},"tablet":{"background-color":"var(--ast-global-color-4)","background-image":"","background-repeat":"repeat","background-position":"center center","background-size":"auto","background-attachment":"scroll","background-type":"","background-media":"","overlay-type":"","overlay-color":"","overlay-opacity":"","overlay-gradient":""},"mobile":{"background-color":"var(--ast-global-color-4)","background-image":"","background-repeat":"repeat","background-position":"center center","background-size":"auto","background-attachment":"scroll","background-type":"","background-media":"","overlay-type":"","overlay-color":"","overlay-opacity":"","overlay-gradient":""}}},"product_brand":[],"product_cat":[42,54],"product_tag":[],"class_list":{"0":"post-1533","1":"product","2":"type-product","3":"status-publish","4":"has-post-thumbnail","6":"product_cat-hand-bag","7":"product_cat-womens-bag","8":"desktop-align-left","9":"tablet-align-left","10":"mobile-align-left","12":"first","13":"instock","14":"shipping-taxable","15":"product-type-simple"},"_links":{"self":[{"href":"https:\/\/baijiabags.com\/de\/wp-json\/wp\/v2\/product\/1533","targetHints":{"allow":["GET"]}}],"collection":[{"href":"https:\/\/baijiabags.com\/de\/wp-json\/wp\/v2\/product"}],"about":[{"href":"https:\/\/baijiabags.com\/de\/wp-json\/wp\/v2\/types\/product"}],"replies":[{"embeddable":true,"href":"https:\/\/baijiabags.com\/de\/wp-json\/wp\/v2\/comments?post=1533"}],"wp:featuredmedia":[{"embeddable":true,"href":"https:\/\/baijiabags.com\/de\/wp-json\/wp\/v2\/media\/1535"}],"wp:attachment":[{"href":"https:\/\/baijiabags.com\/de\/wp-json\/wp\/v2\/media?parent=1533"}],"wp:term":[{"taxonomy":"product_brand","embeddable":true,"href":"https:\/\/baijiabags.com\/de\/wp-json\/wp\/v2\/product_brand?post=1533"},{"taxonomy":"product_cat","embeddable":true,"href":"https:\/\/baijiabags.com\/de\/wp-json\/wp\/v2\/product_cat?post=1533"},{"taxonomy":"product_tag","embeddable":true,"href":"https:\/\/baijiabags.com\/de\/wp-json\/wp\/v2\/product_tag?post=1533"}],"curies":[{"name":"wp","href":"https:\/\/api.w.org\/{rel}","templated":true}]}}