{"id":1512,"date":"2025-09-15T08:18:25","date_gmt":"2025-09-15T08:18:25","guid":{"rendered":"https:\/\/baijiabags.com\/?post_type=product&#038;p=1512"},"modified":"2025-11-01T01:21:59","modified_gmt":"2025-11-01T01:21:59","slug":"wholesale-custom-pu-leather-womens-tote-bag-multi-functional-lightweight-commuter-handbag-from-factory","status":"publish","type":"product","link":"https:\/\/baijiabags.com\/de\/produkt\/wholesale-custom-pu-leather-womens-tote-bag-multi-functional-lightweight-commuter-handbag-from-factory\/","title":{"rendered":"Gro\u00dfhandel benutzerdefinierte PU Leder Frauen Tote Tasche multifunktionale leichte Pendler Handtasche aus der Fabrik"},"content":{"rendered":"<h2 data-start=\"745\" data-end=\"762\">Wesentliche Merkmale<\/h2>\n<ol data-start=\"764\" data-end=\"1786\">\n<li data-start=\"764\" data-end=\"888\">\n<p data-start=\"767\" data-end=\"888\"><strong data-start=\"767\" data-end=\"789\">Hochwertiges PU-Leder<\/strong> - Hochwertiges PU-Material wurde verwendet, um eine weiche Textur mit erh\u00f6hter Verschlei\u00dffestigkeit zu gew\u00e4hrleisten.<\/p>\n<\/li>\n<li data-start=\"889\" data-end=\"1040\">\n<p data-start=\"892\" data-end=\"1040\"><strong data-start=\"892\" data-end=\"919\">Multifunktionales Design<\/strong> - Die Tasche ist mit einem Hauptfach, einer Innentasche mit Rei\u00dfverschluss und einer Innentasche f\u00fcr eine bessere Organisation ausgestattet.<\/p>\n<\/li>\n<li data-start=\"1041\" data-end=\"1150\">\n<p data-start=\"1044\" data-end=\"1150\"><strong data-start=\"1044\" data-end=\"1069\">Leichte Struktur<\/strong> - Das Gewicht von nur 0,58 kg erm\u00f6glicht ein bequemes t\u00e4gliches Tragen.<\/p>\n<\/li>\n<li data-start=\"1151\" data-end=\"1285\">\n<p data-start=\"1154\" data-end=\"1285\"><strong data-start=\"1154\" data-end=\"1172\">Gro\u00dfe Kapazit\u00e4t<\/strong> - Das Design bietet Platz f\u00fcr <strong data-start=\"1203\" data-end=\"1282\">A4-Zeitschriften, iPad, Smartphone, Regenschirm, Kosmetika und andere wichtige Dinge<\/strong>.<\/p>\n<\/li>\n<li data-start=\"1286\" data-end=\"1412\">\n<p data-start=\"1289\" data-end=\"1412\"><strong data-start=\"1289\" data-end=\"1314\">Anpassbare Elemente<\/strong> - Farben, Logos und Dekorationsdetails k\u00f6nnen individuell gestaltet werden, um Marken- oder Werbeanforderungen zu erf\u00fcllen.<\/p>\n<\/li>\n<li data-start=\"1413\" data-end=\"1536\">\n<p data-start=\"1416\" data-end=\"1536\"><strong data-start=\"1416\" data-end=\"1441\">Wasserdichter Schutz<\/strong> - Zum Schutz vor leichtem Regen und versch\u00fctteten Fl\u00fcssigkeiten wurde eine wasserdichte Funktion integriert.<\/p>\n<\/li>\n<li data-start=\"1537\" data-end=\"1654\">\n<p data-start=\"1540\" data-end=\"1654\"><strong data-start=\"1540\" data-end=\"1566\">Sichere Verschlussoptionen<\/strong> - Sowohl der offene Stil als auch der Rei\u00dfverschluss sorgen f\u00fcr Komfort und Sicherheit.<\/p>\n<\/li>\n<li data-start=\"1655\" data-end=\"1786\">\n<p data-start=\"1658\" data-end=\"1786\"><strong data-start=\"1658\" data-end=\"1683\">ODM- und OEM-Flexibilit\u00e4t<\/strong> - Kundenspezifische Produktionsanforderungen werden unterst\u00fctzt, mit einer Mindestbestellmenge von <strong data-start=\"1769\" data-end=\"1783\">300 St\u00fcck<\/strong>.<\/p>\n<\/li>\n<\/ol>\n<figure id=\"attachment_1513\" aria-describedby=\"caption-attachment-1513\" style=\"width: 750px\" class=\"wp-caption aligncenter\"><img fetchpriority=\"high\" decoding=\"async\" class=\"wp-image-1513 size-full\" src=\"https:\/\/baijiabags.com\/wp-content\/uploads\/2025\/09\/EBG19741-3.png\" alt=\"EBG19741 \" width=\"750\" height=\"600\" srcset=\"https:\/\/baijiabags.com\/wp-content\/uploads\/2025\/09\/EBG19741-3.png 750w, https:\/\/baijiabags.com\/wp-content\/uploads\/2025\/09\/EBG19741-3-300x240.png 300w, https:\/\/baijiabags.com\/wp-content\/uploads\/2025\/09\/EBG19741-3-600x480.png 600w\" sizes=\"(max-width: 750px) 100vw, 750px\" \/><figcaption id=\"caption-attachment-1513\" class=\"wp-caption-text\">EBG19741<\/figcaption><\/figure>\n<h2 data-start=\"1793\" data-end=\"1812\">Spezifikationen<\/h2>\n<div class=\"_tableContainer_1rjym_1\">\n<div class=\"group w-fit _tableWrapper_1rjym_13 flex flex-col-reverse\" tabindex=\"-1\">\n<table class=\"w-fit min-w-(--thread-content-width)\" data-start=\"1814\" data-end=\"3346\">\n<thead data-start=\"1814\" data-end=\"1893\">\n<tr data-start=\"1814\" data-end=\"1893\">\n<th data-start=\"1814\" data-end=\"1841\" data-col-size=\"sm\"><strong data-start=\"1816\" data-end=\"1824\">Artikel<\/strong><\/th>\n<th data-start=\"1841\" data-end=\"1893\" data-col-size=\"md\"><strong data-start=\"1843\" data-end=\"1854\">Einzelheiten<\/strong><\/th>\n<\/tr>\n<\/thead>\n<tbody data-start=\"1974\" data-end=\"3346\">\n<tr data-start=\"1974\" data-end=\"2053\">\n<td data-start=\"1974\" data-end=\"2002\" data-col-size=\"sm\">Produktname<\/td>\n<td data-start=\"2002\" data-end=\"2053\" data-col-size=\"md\">Damenhandtasche<\/td>\n<\/tr>\n<tr data-start=\"2054\" data-end=\"2133\">\n<td data-start=\"2054\" data-end=\"2082\" data-col-size=\"sm\">Marke<\/td>\n<td data-start=\"2082\" data-end=\"2133\" data-col-size=\"md\">RONEER<\/td>\n<\/tr>\n<tr data-start=\"2134\" data-end=\"2213\">\n<td data-start=\"2134\" data-end=\"2162\" data-col-size=\"sm\">Modellnummer<\/td>\n<td data-start=\"2162\" data-end=\"2213\" data-col-size=\"md\">EBG19741<\/td>\n<\/tr>\n<tr data-start=\"2214\" data-end=\"2293\">\n<td data-start=\"2214\" data-end=\"2242\" data-col-size=\"sm\">Herkunft<\/td>\n<td data-start=\"2242\" data-end=\"2293\" data-col-size=\"md\">Guangdong, China<\/td>\n<\/tr>\n<tr data-start=\"2294\" data-end=\"2373\">\n<td data-start=\"2294\" data-end=\"2322\" data-col-size=\"sm\">Stil<\/td>\n<td data-start=\"2322\" data-end=\"2373\" data-col-size=\"md\">Mode &amp; Minimalistisch<\/td>\n<\/tr>\n<tr data-start=\"2374\" data-end=\"2453\">\n<td data-start=\"2374\" data-end=\"2402\" data-col-size=\"sm\">Hauptmaterial<\/td>\n<td data-start=\"2402\" data-end=\"2453\" data-col-size=\"md\">PU<\/td>\n<\/tr>\n<tr data-start=\"2454\" data-end=\"2533\">\n<td data-start=\"2454\" data-end=\"2482\" data-col-size=\"sm\">Gewicht<\/td>\n<td data-start=\"2482\" data-end=\"2533\" data-col-size=\"md\">0,58 kg<\/td>\n<\/tr>\n<tr data-start=\"2534\" data-end=\"2613\">\n<td data-start=\"2534\" data-end=\"2562\" data-col-size=\"sm\">Dekoration<\/td>\n<td data-start=\"2562\" data-end=\"2613\" data-col-size=\"md\">Kundenspezifische Optionen verf\u00fcgbar<\/td>\n<\/tr>\n<tr data-start=\"2614\" data-end=\"2693\">\n<td data-start=\"2614\" data-end=\"2642\" data-col-size=\"sm\">Verschlussart<\/td>\n<td data-start=\"2642\" data-end=\"2693\" data-col-size=\"md\">Offen\/Rei\u00dfverschluss<\/td>\n<\/tr>\n<tr data-start=\"2694\" data-end=\"2781\">\n<td data-start=\"2694\" data-end=\"2722\" data-col-size=\"sm\">Struktur<\/td>\n<td data-start=\"2722\" data-end=\"2781\" data-col-size=\"md\">Hauptfach \/ Innere Rei\u00dfverschlusstasche \/ Innentasche<\/td>\n<\/tr>\n<tr data-start=\"2782\" data-end=\"2861\">\n<td data-start=\"2782\" data-end=\"2810\" data-col-size=\"sm\">Muster<\/td>\n<td data-start=\"2810\" data-end=\"2861\" data-col-size=\"md\">Individuelles Logo<\/td>\n<\/tr>\n<tr data-start=\"2862\" data-end=\"2941\">\n<td data-start=\"2862\" data-end=\"2890\" data-col-size=\"sm\">Farbe<\/td>\n<td data-start=\"2890\" data-end=\"2941\" data-col-size=\"md\">Anpassbar<\/td>\n<\/tr>\n<tr data-start=\"2942\" data-end=\"3021\">\n<td data-start=\"2942\" data-end=\"2970\" data-col-size=\"sm\">Methode der Bef\u00f6rderung<\/td>\n<td data-start=\"2970\" data-end=\"3021\" data-col-size=\"md\">Tragen am Griff \/ Tragen in der Hand<\/td>\n<\/tr>\n<tr data-start=\"3022\" data-end=\"3101\">\n<td data-start=\"3022\" data-end=\"3050\" data-col-size=\"sm\">Merkmal<\/td>\n<td data-start=\"3050\" data-end=\"3101\" data-col-size=\"md\">Wasserdicht<\/td>\n<\/tr>\n<tr data-start=\"3102\" data-end=\"3186\">\n<td data-start=\"3102\" data-end=\"3130\" data-col-size=\"sm\">Kapazit\u00e4t<\/td>\n<td data-start=\"3130\" data-end=\"3186\" data-col-size=\"md\">Passt f\u00fcr A4-Magazin, iPad, Telefon, Regenschirm, Kosmetika<\/td>\n<\/tr>\n<tr data-start=\"3187\" data-end=\"3266\">\n<td data-start=\"3187\" data-end=\"3215\" data-col-size=\"sm\">MOQ<\/td>\n<td data-start=\"3215\" data-end=\"3266\" data-col-size=\"md\">300 St\u00fcck<\/td>\n<\/tr>\n<tr data-start=\"3267\" data-end=\"3346\">\n<td data-start=\"3267\" data-end=\"3295\" data-col-size=\"sm\">Anwendungen<\/td>\n<td data-start=\"3295\" data-end=\"3346\" data-col-size=\"md\">Reisen, Pendeln, t\u00e4gliches Leben<\/td>\n<\/tr>\n<\/tbody>\n<\/table>\n<\/div>\n<\/div>\n<h2 data-start=\"3353\" data-end=\"3370\">Anwendungen<\/h2>\n<ul data-start=\"3372\" data-end=\"3833\">\n<li data-start=\"3372\" data-end=\"3468\">\n<p data-start=\"3374\" data-end=\"3468\"><strong data-start=\"3374\" data-end=\"3384\">Reisen<\/strong> - Die Tasche wurde so konzipiert, dass sie die wichtigsten Reiseutensilien aufnehmen kann, ohne dass sie zu gro\u00df wird.<\/p>\n<\/li>\n<li data-start=\"3469\" data-end=\"3571\">\n<p data-start=\"3471\" data-end=\"3571\"><strong data-start=\"3471\" data-end=\"3488\">Arbeit &amp; B\u00fcro<\/strong> - F\u00fcr die professionelle Nutzung wurde Platz f\u00fcr Dokumente und digitale Ger\u00e4te geschaffen.<\/p>\n<\/li>\n<li data-start=\"3572\" data-end=\"3700\">\n<p data-start=\"3574\" data-end=\"3700\"><strong data-start=\"3574\" data-end=\"3588\">Das t\u00e4gliche Leben<\/strong> - Die leichte Struktur und der vielseitige Stil machen ihn zum idealen Begleiter beim Einkaufen, bei Besorgungen und bei gesellschaftlichen Anl\u00e4ssen.<\/p>\n<\/li>\n<li data-start=\"3701\" data-end=\"3833\">\n<p data-start=\"3703\" data-end=\"3833\"><strong data-start=\"3703\" data-end=\"3727\">Branding zu Werbezwecken<\/strong> - Der individuelle Logodruck wurde f\u00fcr Firmengeschenke, Verkaufsf\u00f6rderungsma\u00dfnahmen oder die Markenentwicklung unterst\u00fctzt.<\/p>\n<\/li>\n<\/ul>\n<p>Wenn Sie sich f\u00fcr dieses Thema interessieren <strong data-start=\"3870\" data-end=\"3900\">RONEER PU-Leder Tote Bag<\/strong>Bitte kontaktieren Sie uns, um ein Muster anzufordern. <strong data-start=\"3954\" data-end=\"3976\">ODM- und OEM-Dienstleistungen<\/strong> werden zur Verf\u00fcgung gestellt, um verschiedene Anforderungen an das Branding und die Anpassung zu erf\u00fcllen.<\/p>","protected":false},"excerpt":{"rendered":"<p>Die <strong data-start=\"213\" data-end=\"261\">Gro\u00dfhandel benutzerdefinierte PU-Leder Frauen Tote Tasche<\/strong> wurde als leichte und multifunktionale Pendlerhandtasche konzipiert, die sowohl praktisch als auch elegant ist. Hergestellt von <strong data-start=\"395\" data-end=\"405\">RONEER<\/strong> Die in Guangdong, China, hergestellte Tasche ist auf die t\u00e4glichen Bed\u00fcrfnisse moderner Frauen abgestimmt. Der modische und dennoch minimalistische Stil macht die Tasche sowohl f\u00fcr berufliche als auch f\u00fcr private Anl\u00e4sse geeignet. Mit einem Nettogewicht von <strong data-start=\"642\" data-end=\"653\">0,58 kg<\/strong>Bei der Konstruktion der Tasche wurde darauf geachtet, dass sie leicht und gleichzeitig robust ist.<\/p>","protected":false},"featured_media":1514,"comment_status":"open","ping_status":"closed","template":"","meta":{"site-sidebar-layout":"default","site-content-layout":"","ast-site-content-layout":"default","site-content-style":"default","site-sidebar-style":"default","ast-global-header-display":"","ast-banner-title-visibility":"","ast-main-header-display":"","ast-hfb-above-header-display":"","ast-hfb-below-header-display":"","ast-hfb-mobile-header-display":"","site-post-title":"","ast-breadcrumbs-content":"","ast-featured-img":"","footer-sml-layout":"","ast-disable-related-posts":"","theme-transparent-header-meta":"default","adv-header-id-meta":"","stick-header-meta":"","header-above-stick-meta":"","header-main-stick-meta":"","header-below-stick-meta":"","astra-migrate-meta-layouts":"set","ast-page-background-enabled":"default","ast-page-background-meta":{"desktop":{"background-color":"var(--ast-global-color-5)","background-image":"","background-repeat":"repeat","background-position":"center center","background-size":"auto","background-attachment":"scroll","background-type":"","background-media":"","overlay-type":"","overlay-color":"","overlay-opacity":"","overlay-gradient":""},"tablet":{"background-color":"","background-image":"","background-repeat":"repeat","background-position":"center center","background-size":"auto","background-attachment":"scroll","background-type":"","background-media":"","overlay-type":"","overlay-color":"","overlay-opacity":"","overlay-gradient":""},"mobile":{"background-color":"","background-image":"","background-repeat":"repeat","background-position":"center center","background-size":"auto","background-attachment":"scroll","background-type":"","background-media":"","overlay-type":"","overlay-color":"","overlay-opacity":"","overlay-gradient":""}},"ast-content-background-meta":{"desktop":{"background-color":"var(--ast-global-color-4)","background-image":"","background-repeat":"repeat","background-position":"center center","background-size":"auto","background-attachment":"scroll","background-type":"","background-media":"","overlay-type":"","overlay-color":"","overlay-opacity":"","overlay-gradient":""},"tablet":{"background-color":"var(--ast-global-color-4)","background-image":"","background-repeat":"repeat","background-position":"center center","background-size":"auto","background-attachment":"scroll","background-type":"","background-media":"","overlay-type":"","overlay-color":"","overlay-opacity":"","overlay-gradient":""},"mobile":{"background-color":"var(--ast-global-color-4)","background-image":"","background-repeat":"repeat","background-position":"center center","background-size":"auto","background-attachment":"scroll","background-type":"","background-media":"","overlay-type":"","overlay-color":"","overlay-opacity":"","overlay-gradient":""}}},"product_brand":[],"product_cat":[42,54],"product_tag":[],"class_list":{"0":"post-1512","1":"product","2":"type-product","3":"status-publish","4":"has-post-thumbnail","6":"product_cat-hand-bag","7":"product_cat-womens-bag","8":"desktop-align-left","9":"tablet-align-left","10":"mobile-align-left","12":"first","13":"instock","14":"shipping-taxable","15":"product-type-simple"},"_links":{"self":[{"href":"https:\/\/baijiabags.com\/de\/wp-json\/wp\/v2\/product\/1512","targetHints":{"allow":["GET"]}}],"collection":[{"href":"https:\/\/baijiabags.com\/de\/wp-json\/wp\/v2\/product"}],"about":[{"href":"https:\/\/baijiabags.com\/de\/wp-json\/wp\/v2\/types\/product"}],"replies":[{"embeddable":true,"href":"https:\/\/baijiabags.com\/de\/wp-json\/wp\/v2\/comments?post=1512"}],"wp:featuredmedia":[{"embeddable":true,"href":"https:\/\/baijiabags.com\/de\/wp-json\/wp\/v2\/media\/1514"}],"wp:attachment":[{"href":"https:\/\/baijiabags.com\/de\/wp-json\/wp\/v2\/media?parent=1512"}],"wp:term":[{"taxonomy":"product_brand","embeddable":true,"href":"https:\/\/baijiabags.com\/de\/wp-json\/wp\/v2\/product_brand?post=1512"},{"taxonomy":"product_cat","embeddable":true,"href":"https:\/\/baijiabags.com\/de\/wp-json\/wp\/v2\/product_cat?post=1512"},{"taxonomy":"product_tag","embeddable":true,"href":"https:\/\/baijiabags.com\/de\/wp-json\/wp\/v2\/product_tag?post=1512"}],"curies":[{"name":"wp","href":"https:\/\/api.w.org\/{rel}","templated":true}]}}