{"id":1396,"date":"2025-09-12T07:19:03","date_gmt":"2025-09-12T07:19:03","guid":{"rendered":"https:\/\/baijiabags.com\/?post_type=product&#038;p=1396"},"modified":"2025-11-01T01:21:59","modified_gmt":"2025-11-01T01:21:59","slug":"bag-factory-wholesaler-elegant-pu-leather-tote-bag-with-knurled-zippers-versatile-womens-shoulder-crossbody-handbag","status":"publish","type":"product","link":"https:\/\/baijiabags.com\/de\/produkt\/bag-factory-wholesaler-elegant-pu-leather-tote-bag-with-knurled-zippers-versatile-womens-shoulder-crossbody-handbag\/","title":{"rendered":"Tasche Fabrik Gro\u00dfh\u00e4ndler Elegante PU-Leder-Tasche mit ger\u00e4ndelten Rei\u00dfverschl\u00fcssen - Vielseitige Damen-Schulter- &amp; Crossbody-Handtasche"},"content":{"rendered":"<h2 data-start=\"950\" data-end=\"967\">Wesentliche Merkmale<\/h2>\n<ol data-start=\"969\" data-end=\"1987\">\n<li data-start=\"969\" data-end=\"1084\">\n<p data-start=\"972\" data-end=\"1084\"><strong data-start=\"972\" data-end=\"992\">Hochwertiges Material<\/strong> - Hochwertiges PU-Leder wurde aufgrund seiner Strapazierf\u00e4higkeit und wasserfesten Eigenschaften ausgew\u00e4hlt.<\/p>\n<\/li>\n<li data-start=\"1085\" data-end=\"1222\">\n<p data-start=\"1088\" data-end=\"1222\"><strong data-start=\"1088\" data-end=\"1110\">Leichte Konstruktion<\/strong> - Die Tasche ist so konstruiert, dass sie nur 0,64 kg wiegt und somit auch \u00fcber l\u00e4ngere Zeitr\u00e4ume bequem getragen werden kann.<\/p>\n<\/li>\n<li data-start=\"1223\" data-end=\"1345\">\n<p data-start=\"1226\" data-end=\"1345\"><strong data-start=\"1226\" data-end=\"1245\">Ger\u00e4ndelte Rei\u00dfverschl\u00fcsse<\/strong> - Robuste Rei\u00dfverschl\u00fcsse mit ger\u00e4ndelten Details sorgen f\u00fcr erh\u00f6hte Haltbarkeit und Benutzerfreundlichkeit.<\/p>\n<\/li>\n<li data-start=\"1346\" data-end=\"1486\">\n<p data-start=\"1349\" data-end=\"1486\"><strong data-start=\"1349\" data-end=\"1370\">Ger\u00e4umige Kapazit\u00e4t<\/strong> - Ein A4-Magazin, ein iPad, ein Faltschirm, Kosmetika, ein Smartphone und andere Dinge des t\u00e4glichen Bedarfs k\u00f6nnen problemlos untergebracht werden.<\/p>\n<\/li>\n<li data-start=\"1487\" data-end=\"1613\">\n<p data-start=\"1490\" data-end=\"1613\"><strong data-start=\"1490\" data-end=\"1517\">Funktionale F\u00e4cher<\/strong> - Eine Innentasche mit Rei\u00dfverschluss und zwei Innentaschen zum Einstecken sorgen f\u00fcr Ordnung.<\/p>\n<\/li>\n<li data-start=\"1614\" data-end=\"1740\">\n<p data-start=\"1617\" data-end=\"1740\"><strong data-start=\"1617\" data-end=\"1646\">Mehrere Tragem\u00f6glichkeiten<\/strong> - Die Handtasche ist so konzipiert, dass sie sowohl als Crossbody als auch in der Hand getragen werden kann, was ein vielseitiges Styling erm\u00f6glicht.<\/p>\n<\/li>\n<li data-start=\"1741\" data-end=\"1851\">\n<p data-start=\"1744\" data-end=\"1851\"><strong data-start=\"1744\" data-end=\"1767\">Anpassbare Farben<\/strong> - Eine breite Palette von Farben kann je nach Marke oder pers\u00f6nlichen Vorlieben angepasst werden.<\/p>\n<\/li>\n<li data-start=\"1852\" data-end=\"1987\">\n<p data-start=\"1855\" data-end=\"1987\"><strong data-start=\"1855\" data-end=\"1874\">Reisefreundlich<\/strong> - Die wasserdichte Oberfl\u00e4che und die robuste Bauweise wurden so konzipiert, dass sie den t\u00e4glichen Anforderungen beim Pendeln und auf Reisen standhalten.<\/p>\n<\/li>\n<\/ol>\n<h2 data-start=\"1994\" data-end=\"2013\">Spezifikationen<\/h2>\n<div class=\"_tableContainer_1rjym_1\">\n<div class=\"group w-fit _tableWrapper_1rjym_13 flex flex-col-reverse\" tabindex=\"-1\">\n<table class=\"w-fit min-w-(--thread-content-width)\" data-start=\"2015\" data-end=\"2623\">\n<thead data-start=\"2015\" data-end=\"2050\">\n<tr data-start=\"2015\" data-end=\"2050\">\n<th data-start=\"2015\" data-end=\"2035\" data-col-size=\"sm\"><strong data-start=\"2017\" data-end=\"2034\">Spezifikation<\/strong><\/th>\n<th data-start=\"2035\" data-end=\"2050\" data-col-size=\"md\"><strong data-start=\"2037\" data-end=\"2048\">Einzelheiten<\/strong><\/th>\n<\/tr>\n<\/thead>\n<tbody data-start=\"2087\" data-end=\"2623\">\n<tr data-start=\"2087\" data-end=\"2105\">\n<td data-start=\"2087\" data-end=\"2095\" data-col-size=\"sm\">Marke<\/td>\n<td data-start=\"2095\" data-end=\"2105\" data-col-size=\"md\">RONEER<\/td>\n<\/tr>\n<tr data-start=\"2106\" data-end=\"2139\">\n<td data-start=\"2106\" data-end=\"2121\" data-col-size=\"sm\">Produktname<\/td>\n<td data-start=\"2121\" data-end=\"2139\" data-col-size=\"md\">Damenhandtasche<\/td>\n<\/tr>\n<tr data-start=\"2140\" data-end=\"2167\">\n<td data-start=\"2140\" data-end=\"2155\" data-col-size=\"sm\">Modellnummer<\/td>\n<td data-start=\"2155\" data-end=\"2167\" data-col-size=\"md\">EBG19732<\/td>\n<\/tr>\n<tr data-start=\"2168\" data-end=\"2197\">\n<td data-start=\"2168\" data-end=\"2177\" data-col-size=\"sm\">Herkunft<\/td>\n<td data-start=\"2177\" data-end=\"2197\" data-col-size=\"md\">Guangdong, China<\/td>\n<\/tr>\n<tr data-start=\"2198\" data-end=\"2229\">\n<td data-start=\"2198\" data-end=\"2206\" data-col-size=\"sm\">Stil<\/td>\n<td data-start=\"2206\" data-end=\"2229\" data-col-size=\"md\">Mode, Minimalistisch<\/td>\n<\/tr>\n<tr data-start=\"2230\" data-end=\"2260\">\n<td data-start=\"2230\" data-end=\"2246\" data-col-size=\"sm\">Hauptmaterial<\/td>\n<td data-start=\"2246\" data-end=\"2260\" data-col-size=\"md\">PU-Leder<\/td>\n<\/tr>\n<tr data-start=\"2261\" data-end=\"2281\">\n<td data-start=\"2261\" data-end=\"2270\" data-col-size=\"sm\">Gewicht<\/td>\n<td data-start=\"2270\" data-end=\"2281\" data-col-size=\"md\">0,64 kg<\/td>\n<\/tr>\n<tr data-start=\"2282\" data-end=\"2306\">\n<td data-start=\"2282\" data-end=\"2290\" data-col-size=\"sm\">Farbe<\/td>\n<td data-start=\"2290\" data-end=\"2306\" data-col-size=\"md\">Anpassbar<\/td>\n<\/tr>\n<tr data-start=\"2307\" data-end=\"2336\">\n<td data-start=\"2307\" data-end=\"2315\" data-col-size=\"sm\">Form<\/td>\n<td data-start=\"2315\" data-end=\"2336\" data-col-size=\"md\">Waagerechtes Quadrat<\/td>\n<\/tr>\n<tr data-start=\"2337\" data-end=\"2381\">\n<td data-start=\"2337\" data-end=\"2355\" data-col-size=\"sm\">Methode der Bef\u00f6rderung<\/td>\n<td data-start=\"2355\" data-end=\"2381\" data-col-size=\"md\">Crossbody \/ Handtrage<\/td>\n<\/tr>\n<tr data-start=\"2382\" data-end=\"2454\">\n<td data-start=\"2382\" data-end=\"2394\" data-col-size=\"sm\">Struktur<\/td>\n<td data-start=\"2394\" data-end=\"2454\" data-col-size=\"md\">Hauptfach \/ Innentasche mit Rei\u00dfverschluss \/ 2 Innentaschen<\/td>\n<\/tr>\n<tr data-start=\"2455\" data-end=\"2489\">\n<td data-start=\"2455\" data-end=\"2466\" data-col-size=\"sm\">Eigenschaften<\/td>\n<td data-start=\"2466\" data-end=\"2489\" data-col-size=\"md\">Wasserdicht, langlebig<\/td>\n<\/tr>\n<tr data-start=\"2490\" data-end=\"2555\">\n<td data-start=\"2490\" data-end=\"2501\" data-col-size=\"sm\">Kapazit\u00e4t<\/td>\n<td data-start=\"2501\" data-end=\"2555\" data-col-size=\"md\">Passt f\u00fcr A4-Magazin, iPad, Telefon, Regenschirm, Kosmetika<\/td>\n<\/tr>\n<tr data-start=\"2556\" data-end=\"2576\">\n<td data-start=\"2556\" data-end=\"2562\" data-col-size=\"sm\">MOQ<\/td>\n<td data-start=\"2562\" data-end=\"2576\" data-col-size=\"md\">300 St\u00fcck<\/td>\n<\/tr>\n<tr data-start=\"2577\" data-end=\"2623\">\n<td data-start=\"2577\" data-end=\"2592\" data-col-size=\"sm\">Anwendungen<\/td>\n<td data-start=\"2592\" data-end=\"2623\" data-col-size=\"md\">Reisen, Business, t\u00e4glicher Gebrauch<\/td>\n<\/tr>\n<\/tbody>\n<\/table>\n<\/div>\n<\/div>\n<h2 data-start=\"2630\" data-end=\"2647\">Anwendungen<\/h2>\n<ul data-start=\"2649\" data-end=\"3101\">\n<li data-start=\"2649\" data-end=\"2769\">\n<p data-start=\"2651\" data-end=\"2769\">Die Handtasche ist weit verbreitet in <strong data-start=\"2690\" data-end=\"2711\">gesch\u00e4ftliche Einstellungen<\/strong>und bietet ein professionelles Erscheinungsbild mit reichlich Stauraum.<\/p>\n<\/li>\n<li data-start=\"2770\" data-end=\"2883\">\n<p data-start=\"2772\" data-end=\"2883\">Es wurde verwendet f\u00fcr <strong data-start=\"2793\" data-end=\"2812\">t\u00e4gliches Pendeln<\/strong>wo pers\u00f6nliche und berufliche Dinge bequem transportiert werden m\u00fcssen.<\/p>\n<\/li>\n<li data-start=\"2884\" data-end=\"3009\">\n<p data-start=\"2886\" data-end=\"3009\">Die Tragetasche wurde ausgew\u00e4hlt f\u00fcr <strong data-start=\"2919\" data-end=\"2938\">Reisezwecke<\/strong>Sie k\u00f6nnen darin Dokumente, elektronische Ger\u00e4te und pers\u00f6nliche Gegenst\u00e4nde sicher aufbewahren.<\/p>\n<\/li>\n<li data-start=\"3010\" data-end=\"3101\">\n<p data-start=\"3012\" data-end=\"3101\">Es wurde auch verwendet f\u00fcr <strong data-start=\"3042\" data-end=\"3060\">Gelegenheitsausfl\u00fcge<\/strong>und verbindet Mode mit Funktionalit\u00e4t.<\/p>\n<\/li>\n<\/ul>\n<p data-start=\"3108\" data-end=\"3293\">Wenn Sie an dieser Handtasche interessiert sind, nehmen Sie bitte Kontakt mit uns auf, um ein <strong data-start=\"3178\" data-end=\"3188\">Muster<\/strong>. <strong data-start=\"3190\" data-end=\"3212\">ODM- und OEM-Dienstleistungen<\/strong> sind f\u00fcr individuelle Gestaltung, Farbauswahl und Designanpassungen vorgesehen.<\/p>","protected":false},"excerpt":{"rendered":"<p>Die <strong data-start=\"209\" data-end=\"261\">Elegante PU-Leder-Tasche mit ger\u00e4ndelten Rei\u00dfverschl\u00fcssen<\/strong> von <strong data-start=\"265\" data-end=\"275\">RONEER<\/strong> wurde als vielseitige Handtasche entworfen, die sowohl als Umh\u00e4ngetasche als auch als Crossbody Bag verwendet werden kann. Die Tasche wurde in Guangdong, China, hergestellt und besticht durch ihr stilvolles und dennoch minimalistisches Design, das f\u00fcr Funktionalit\u00e4t und Eleganz im t\u00e4glichen Gebrauch sorgt. Als Hauptmaterial wurde hochwertiges PU-Leder verwendet, das die Handtasche langlebig, wasserdicht und leicht macht, bei nur <strong data-start=\"643\" data-end=\"654\">0,64 kg<\/strong>.<\/p>","protected":false},"featured_media":1399,"comment_status":"open","ping_status":"closed","template":"","meta":{"site-sidebar-layout":"default","site-content-layout":"","ast-site-content-layout":"default","site-content-style":"default","site-sidebar-style":"default","ast-global-header-display":"","ast-banner-title-visibility":"","ast-main-header-display":"","ast-hfb-above-header-display":"","ast-hfb-below-header-display":"","ast-hfb-mobile-header-display":"","site-post-title":"","ast-breadcrumbs-content":"","ast-featured-img":"","footer-sml-layout":"","ast-disable-related-posts":"","theme-transparent-header-meta":"default","adv-header-id-meta":"","stick-header-meta":"","header-above-stick-meta":"","header-main-stick-meta":"","header-below-stick-meta":"","astra-migrate-meta-layouts":"set","ast-page-background-enabled":"default","ast-page-background-meta":{"desktop":{"background-color":"var(--ast-global-color-5)","background-image":"","background-repeat":"repeat","background-position":"center center","background-size":"auto","background-attachment":"scroll","background-type":"","background-media":"","overlay-type":"","overlay-color":"","overlay-opacity":"","overlay-gradient":""},"tablet":{"background-color":"","background-image":"","background-repeat":"repeat","background-position":"center center","background-size":"auto","background-attachment":"scroll","background-type":"","background-media":"","overlay-type":"","overlay-color":"","overlay-opacity":"","overlay-gradient":""},"mobile":{"background-color":"","background-image":"","background-repeat":"repeat","background-position":"center center","background-size":"auto","background-attachment":"scroll","background-type":"","background-media":"","overlay-type":"","overlay-color":"","overlay-opacity":"","overlay-gradient":""}},"ast-content-background-meta":{"desktop":{"background-color":"var(--ast-global-color-4)","background-image":"","background-repeat":"repeat","background-position":"center center","background-size":"auto","background-attachment":"scroll","background-type":"","background-media":"","overlay-type":"","overlay-color":"","overlay-opacity":"","overlay-gradient":""},"tablet":{"background-color":"var(--ast-global-color-4)","background-image":"","background-repeat":"repeat","background-position":"center center","background-size":"auto","background-attachment":"scroll","background-type":"","background-media":"","overlay-type":"","overlay-color":"","overlay-opacity":"","overlay-gradient":""},"mobile":{"background-color":"var(--ast-global-color-4)","background-image":"","background-repeat":"repeat","background-position":"center center","background-size":"auto","background-attachment":"scroll","background-type":"","background-media":"","overlay-type":"","overlay-color":"","overlay-opacity":"","overlay-gradient":""}}},"product_brand":[],"product_cat":[42,54],"product_tag":[],"class_list":{"0":"post-1396","1":"product","2":"type-product","3":"status-publish","4":"has-post-thumbnail","6":"product_cat-hand-bag","7":"product_cat-womens-bag","8":"desktop-align-left","9":"tablet-align-left","10":"mobile-align-left","12":"first","13":"instock","14":"shipping-taxable","15":"product-type-simple"},"_links":{"self":[{"href":"https:\/\/baijiabags.com\/de\/wp-json\/wp\/v2\/product\/1396","targetHints":{"allow":["GET"]}}],"collection":[{"href":"https:\/\/baijiabags.com\/de\/wp-json\/wp\/v2\/product"}],"about":[{"href":"https:\/\/baijiabags.com\/de\/wp-json\/wp\/v2\/types\/product"}],"replies":[{"embeddable":true,"href":"https:\/\/baijiabags.com\/de\/wp-json\/wp\/v2\/comments?post=1396"}],"wp:featuredmedia":[{"embeddable":true,"href":"https:\/\/baijiabags.com\/de\/wp-json\/wp\/v2\/media\/1399"}],"wp:attachment":[{"href":"https:\/\/baijiabags.com\/de\/wp-json\/wp\/v2\/media?parent=1396"}],"wp:term":[{"taxonomy":"product_brand","embeddable":true,"href":"https:\/\/baijiabags.com\/de\/wp-json\/wp\/v2\/product_brand?post=1396"},{"taxonomy":"product_cat","embeddable":true,"href":"https:\/\/baijiabags.com\/de\/wp-json\/wp\/v2\/product_cat?post=1396"},{"taxonomy":"product_tag","embeddable":true,"href":"https:\/\/baijiabags.com\/de\/wp-json\/wp\/v2\/product_tag?post=1396"}],"curies":[{"name":"wp","href":"https:\/\/api.w.org\/{rel}","templated":true}]}}