{"id":1138,"date":"2025-09-10T06:20:57","date_gmt":"2025-09-10T06:20:57","guid":{"rendered":"https:\/\/baijiabags.com\/?post_type=product&#038;p=1138"},"modified":"2025-11-01T01:21:59","modified_gmt":"2025-11-01T01:21:59","slug":"vegan-leather-handbag-set-for-women-2025","status":"publish","type":"product","link":"https:\/\/baijiabags.com\/de\/produkt\/vegan-leather-handbag-set-for-women-2025\/","title":{"rendered":"Vegan Leder Handtasche Set Clutch Wallet Satchel Schulter Crossbody Tote Luxus Geldb\u00f6rsen f\u00fcr Frauen 2025"},"content":{"rendered":"<h2 data-start=\"683\" data-end=\"700\">Wesentliche Merkmale<\/h2>\n<ol data-start=\"702\" data-end=\"1579\">\n<li data-start=\"702\" data-end=\"827\">\n<p data-start=\"705\" data-end=\"827\"><strong data-start=\"705\" data-end=\"725\">Hochwertiges Material<\/strong>: Hergestellt aus umweltfreundlichem PU-Leder, das langlebig ist und eine tierfreundliche Alternative darstellt.<\/p>\n<\/li>\n<li data-start=\"828\" data-end=\"921\">\n<p data-start=\"831\" data-end=\"921\"><strong data-start=\"831\" data-end=\"852\">Wasserdichtes Design<\/strong>: Mit wasserabweisender Beschichtung, die daf\u00fcr sorgt, dass die Gegenst\u00e4nde im Inneren trocken bleiben.<\/p>\n<\/li>\n<li data-start=\"922\" data-end=\"1028\">\n<p data-start=\"925\" data-end=\"1028\"><strong data-start=\"925\" data-end=\"953\">Leicht und tragbar<\/strong>: Mit einem Gewicht von nur 0,66 kg ist er ideal f\u00fcr den t\u00e4glichen Gebrauch im B\u00fcro oder auf Reisen.<\/p>\n<\/li>\n<li data-start=\"1029\" data-end=\"1130\">\n<p data-start=\"1032\" data-end=\"1130\"><strong data-start=\"1032\" data-end=\"1056\">Multifunktionaler Einsatz<\/strong>: Entworfen f\u00fcr das Tragen am Griff, in der Hand, \u00fcber der Schulter und als Crossbody.<\/p>\n<\/li>\n<li data-start=\"1131\" data-end=\"1278\">\n<p data-start=\"1134\" data-end=\"1278\"><strong data-start=\"1134\" data-end=\"1160\">Reichlich Speicherkapazit\u00e4t<\/strong>: Bietet Platz f\u00fcr ein A4-Magazin, ein iPad, ein Mobiltelefon, einen faltbaren Regenschirm, Kosmetika und andere h\u00e4ufig verwendete Gegenst\u00e4nde.<\/p>\n<\/li>\n<li data-start=\"1279\" data-end=\"1377\">\n<p data-start=\"1282\" data-end=\"1377\"><strong data-start=\"1282\" data-end=\"1306\">Anpassbare Optionen<\/strong>: Erh\u00e4ltlich in mehreren Farben und unterst\u00fctzt individuelle Logomuster.<\/p>\n<\/li>\n<li data-start=\"1378\" data-end=\"1470\">\n<p data-start=\"1381\" data-end=\"1470\"><strong data-start=\"1381\" data-end=\"1407\">Modische Erscheinung<\/strong>: Eine Mischung aus modernem, Damen- und Vintage-Stil f\u00fcr vielseitige Kleidung.<\/p>\n<\/li>\n<li data-start=\"1471\" data-end=\"1579\">\n<p data-start=\"1474\" data-end=\"1579\"><strong data-start=\"1474\" data-end=\"1498\">Langlebige Konstruktion<\/strong>: Verst\u00e4rkte N\u00e4hte und hochwertige Beschl\u00e4ge sorgen f\u00fcr eine lange Lebensdauer.<\/p>\n<\/li>\n<\/ol>\n<p><img fetchpriority=\"high\" decoding=\"async\" class=\"aligncenter wp-image-1145 size-full\" src=\"https:\/\/baijiabags.com\/wp-content\/uploads\/2025\/09\/03.png\" alt=\"Vegan Leather Handbag Set Clutch Wallet Satchel Shoulder Crossbody Tote Luxury Purses for Women 2025\" width=\"750\" height=\"665\" srcset=\"https:\/\/baijiabags.com\/wp-content\/uploads\/2025\/09\/03.png 750w, https:\/\/baijiabags.com\/wp-content\/uploads\/2025\/09\/03-300x266.png 300w, https:\/\/baijiabags.com\/wp-content\/uploads\/2025\/09\/03-600x532.png 600w\" sizes=\"(max-width: 750px) 100vw, 750px\" \/><\/p>\n<h2 data-start=\"1581\" data-end=\"1600\">Spezifikationen<\/h2>\n<div class=\"_tableContainer_1rjym_1\">\n<div class=\"_tableWrapper_1rjym_13 group flex w-fit flex-col-reverse\" tabindex=\"-1\">\n<table class=\"w-fit min-w-(--thread-content-width)\" data-start=\"1602\" data-end=\"2892\">\n<thead data-start=\"1602\" data-end=\"1687\">\n<tr data-start=\"1602\" data-end=\"1687\">\n<th data-start=\"1602\" data-end=\"1624\" data-col-size=\"sm\">Spezifikation<\/th>\n<th data-start=\"1624\" data-end=\"1687\" data-col-size=\"md\">Einzelheiten<\/th>\n<\/tr>\n<\/thead>\n<tbody data-start=\"1773\" data-end=\"2892\">\n<tr data-start=\"1773\" data-end=\"1858\">\n<td data-start=\"1773\" data-end=\"1795\" data-col-size=\"sm\">Produktname<\/td>\n<td data-start=\"1795\" data-end=\"1858\" data-col-size=\"md\">Damenhandtasche<\/td>\n<\/tr>\n<tr data-start=\"1859\" data-end=\"1944\">\n<td data-start=\"1859\" data-end=\"1881\" data-col-size=\"sm\">Marke<\/td>\n<td data-start=\"1881\" data-end=\"1944\" data-col-size=\"md\">RONEER<\/td>\n<\/tr>\n<tr data-start=\"1945\" data-end=\"2029\">\n<td data-start=\"1945\" data-end=\"1967\" data-col-size=\"sm\">Herkunft<\/td>\n<td data-start=\"1967\" data-end=\"2029\" data-col-size=\"md\">Guangdong, China<\/td>\n<\/tr>\n<tr data-start=\"2030\" data-end=\"2115\">\n<td data-start=\"2030\" data-end=\"2052\" data-col-size=\"sm\">Modell<\/td>\n<td data-start=\"2052\" data-end=\"2115\" data-col-size=\"md\">EBG19729<\/td>\n<\/tr>\n<tr data-start=\"2116\" data-end=\"2201\">\n<td data-start=\"2116\" data-end=\"2138\" data-col-size=\"sm\">Stil<\/td>\n<td data-start=\"2138\" data-end=\"2201\" data-col-size=\"md\">Mode, Dame, Vintage<\/td>\n<\/tr>\n<tr data-start=\"2202\" data-end=\"2287\">\n<td data-start=\"2202\" data-end=\"2224\" data-col-size=\"sm\">Hauptmaterial<\/td>\n<td data-start=\"2224\" data-end=\"2287\" data-col-size=\"md\">PU<\/td>\n<\/tr>\n<tr data-start=\"2288\" data-end=\"2373\">\n<td data-start=\"2288\" data-end=\"2310\" data-col-size=\"sm\">Muster<\/td>\n<td data-start=\"2310\" data-end=\"2373\" data-col-size=\"md\">Individuelles Logo<\/td>\n<\/tr>\n<tr data-start=\"2374\" data-end=\"2459\">\n<td data-start=\"2374\" data-end=\"2396\" data-col-size=\"sm\">Gewicht<\/td>\n<td data-start=\"2396\" data-end=\"2459\" data-col-size=\"md\">0,66 kg<\/td>\n<\/tr>\n<tr data-start=\"2460\" data-end=\"2545\">\n<td data-start=\"2460\" data-end=\"2482\" data-col-size=\"sm\">Farbe<\/td>\n<td data-start=\"2482\" data-end=\"2545\" data-col-size=\"md\">Anpassbar<\/td>\n<\/tr>\n<tr data-start=\"2546\" data-end=\"2630\">\n<td data-start=\"2546\" data-end=\"2568\" data-col-size=\"sm\">Bef\u00f6rderungsmethoden<\/td>\n<td data-start=\"2568\" data-end=\"2630\" data-col-size=\"md\">Griff tragen \/ Hand tragen \/ Schulter \/ Crossbody<\/td>\n<\/tr>\n<tr data-start=\"2631\" data-end=\"2716\">\n<td data-start=\"2631\" data-end=\"2653\" data-col-size=\"sm\">Eigenschaften<\/td>\n<td data-start=\"2653\" data-end=\"2716\" data-col-size=\"md\">Wasserdicht, tragbar<\/td>\n<\/tr>\n<tr data-start=\"2717\" data-end=\"2806\">\n<td data-start=\"2717\" data-end=\"2739\" data-col-size=\"sm\">Kapazit\u00e4t<\/td>\n<td data-start=\"2739\" data-end=\"2806\" data-col-size=\"md\">A4-Magazin, iPad, Mobiltelefon, faltbarer Regenschirm, Kosmetika<\/td>\n<\/tr>\n<tr data-start=\"2807\" data-end=\"2892\">\n<td data-start=\"2807\" data-end=\"2829\" data-col-size=\"sm\">MOQ<\/td>\n<td data-start=\"2829\" data-end=\"2892\" data-col-size=\"md\">300<\/td>\n<\/tr>\n<\/tbody>\n<\/table>\n<\/div>\n<\/div>\n<h2>Anwendungen<\/h2>\n<ul data-start=\"2913\" data-end=\"3167\">\n<li data-start=\"2913\" data-end=\"2972\">\n<p data-start=\"2915\" data-end=\"2972\"><strong data-start=\"2915\" data-end=\"2925\">Reisen<\/strong>: Ideal f\u00fcr den Transport von wichtigen Dingen auf Reisen.<\/p>\n<\/li>\n<li data-start=\"2973\" data-end=\"3040\">\n<p data-start=\"2975\" data-end=\"3040\"><strong data-start=\"2975\" data-end=\"2988\">T\u00e4glicher Gebrauch<\/strong>: Perfekt f\u00fcr die Arbeit, den Arbeitsweg oder f\u00fcr Besorgungen.<\/p>\n<\/li>\n<li data-start=\"3041\" data-end=\"3101\">\n<p data-start=\"3043\" data-end=\"3101\"><strong data-start=\"3043\" data-end=\"3052\">Strand<\/strong>: Geeignet f\u00fcr die sichere Aufbewahrung pers\u00f6nlicher Gegenst\u00e4nde.<\/p>\n<\/li>\n<li data-start=\"3102\" data-end=\"3167\">\n<p data-start=\"3104\" data-end=\"3167\"><strong data-start=\"3104\" data-end=\"3116\">Einkaufen<\/strong>: Praktisch f\u00fcr die t\u00e4glichen Eink\u00e4ufe und Ausfl\u00fcge.<\/p>\n<\/li>\n<\/ul>\n<p data-start=\"3169\" data-end=\"3354\">Wenn Sie an diesem Handtaschenset interessiert sind, kontaktieren Sie uns bitte, um ein Muster anzufordern. RONEER bietet ODM- und OEM-Dienstleistungen an, damit Design und Branding auf Ihre Bed\u00fcrfnisse zugeschnitten werden k\u00f6nnen.<\/p>","protected":false},"excerpt":{"rendered":"<p>Das RONEER Vegan Leather Handbag Set, bestehend aus Clutch, Portemonnaie, Satchel, Schulter, Crossbody und Tote, wurde f\u00fcr moderne Frauen entwickelt, die sowohl Wert auf Stil als auch auf Funktionalit\u00e4t legen. Dieses Handtaschenset ist aus hochwertigem PU-Material gefertigt, das sich durch Langlebigkeit und ein geringes Gewicht von nur 0,66 kg auszeichnet. Das elegante, modische Vintage-Design macht es zu einem vielseitigen Accessoire, das sich f\u00fcr eine Vielzahl von Anl\u00e4ssen eignet. Die wasserfeste Oberfl\u00e4che bietet Schutz vor unerwartetem Versch\u00fctten oder leichtem Regen, w\u00e4hrend das kompakte und tragbare Design den t\u00e4glichen Gebrauch erleichtert.<\/p>","protected":false},"featured_media":1142,"comment_status":"open","ping_status":"closed","template":"","meta":{"site-sidebar-layout":"default","site-content-layout":"","ast-site-content-layout":"default","site-content-style":"default","site-sidebar-style":"default","ast-global-header-display":"","ast-banner-title-visibility":"","ast-main-header-display":"","ast-hfb-above-header-display":"","ast-hfb-below-header-display":"","ast-hfb-mobile-header-display":"","site-post-title":"","ast-breadcrumbs-content":"","ast-featured-img":"","footer-sml-layout":"","ast-disable-related-posts":"","theme-transparent-header-meta":"default","adv-header-id-meta":"","stick-header-meta":"","header-above-stick-meta":"","header-main-stick-meta":"","header-below-stick-meta":"","astra-migrate-meta-layouts":"set","ast-page-background-enabled":"default","ast-page-background-meta":{"desktop":{"background-color":"var(--ast-global-color-5)","background-image":"","background-repeat":"repeat","background-position":"center center","background-size":"auto","background-attachment":"scroll","background-type":"","background-media":"","overlay-type":"","overlay-color":"","overlay-opacity":"","overlay-gradient":""},"tablet":{"background-color":"","background-image":"","background-repeat":"repeat","background-position":"center center","background-size":"auto","background-attachment":"scroll","background-type":"","background-media":"","overlay-type":"","overlay-color":"","overlay-opacity":"","overlay-gradient":""},"mobile":{"background-color":"","background-image":"","background-repeat":"repeat","background-position":"center center","background-size":"auto","background-attachment":"scroll","background-type":"","background-media":"","overlay-type":"","overlay-color":"","overlay-opacity":"","overlay-gradient":""}},"ast-content-background-meta":{"desktop":{"background-color":"var(--ast-global-color-4)","background-image":"","background-repeat":"repeat","background-position":"center center","background-size":"auto","background-attachment":"scroll","background-type":"","background-media":"","overlay-type":"","overlay-color":"","overlay-opacity":"","overlay-gradient":""},"tablet":{"background-color":"var(--ast-global-color-4)","background-image":"","background-repeat":"repeat","background-position":"center center","background-size":"auto","background-attachment":"scroll","background-type":"","background-media":"","overlay-type":"","overlay-color":"","overlay-opacity":"","overlay-gradient":""},"mobile":{"background-color":"var(--ast-global-color-4)","background-image":"","background-repeat":"repeat","background-position":"center center","background-size":"auto","background-attachment":"scroll","background-type":"","background-media":"","overlay-type":"","overlay-color":"","overlay-opacity":"","overlay-gradient":""}}},"product_brand":[],"product_cat":[42,54],"product_tag":[],"class_list":{"0":"post-1138","1":"product","2":"type-product","3":"status-publish","4":"has-post-thumbnail","6":"product_cat-hand-bag","7":"product_cat-womens-bag","8":"desktop-align-left","9":"tablet-align-left","10":"mobile-align-left","12":"first","13":"instock","14":"shipping-taxable","15":"product-type-simple"},"_links":{"self":[{"href":"https:\/\/baijiabags.com\/de\/wp-json\/wp\/v2\/product\/1138","targetHints":{"allow":["GET"]}}],"collection":[{"href":"https:\/\/baijiabags.com\/de\/wp-json\/wp\/v2\/product"}],"about":[{"href":"https:\/\/baijiabags.com\/de\/wp-json\/wp\/v2\/types\/product"}],"replies":[{"embeddable":true,"href":"https:\/\/baijiabags.com\/de\/wp-json\/wp\/v2\/comments?post=1138"}],"wp:featuredmedia":[{"embeddable":true,"href":"https:\/\/baijiabags.com\/de\/wp-json\/wp\/v2\/media\/1142"}],"wp:attachment":[{"href":"https:\/\/baijiabags.com\/de\/wp-json\/wp\/v2\/media?parent=1138"}],"wp:term":[{"taxonomy":"product_brand","embeddable":true,"href":"https:\/\/baijiabags.com\/de\/wp-json\/wp\/v2\/product_brand?post=1138"},{"taxonomy":"product_cat","embeddable":true,"href":"https:\/\/baijiabags.com\/de\/wp-json\/wp\/v2\/product_cat?post=1138"},{"taxonomy":"product_tag","embeddable":true,"href":"https:\/\/baijiabags.com\/de\/wp-json\/wp\/v2\/product_tag?post=1138"}],"curies":[{"name":"wp","href":"https:\/\/api.w.org\/{rel}","templated":true}]}}