{"id":1129,"date":"2025-09-10T06:04:08","date_gmt":"2025-09-10T06:04:08","guid":{"rendered":"https:\/\/baijiabags.com\/?post_type=product&#038;p=1129"},"modified":"2025-11-01T01:22:00","modified_gmt":"2025-11-01T01:22:00","slug":"womens-pu-leather-tote-bag-waterproof-linen-summer","status":"publish","type":"product","link":"https:\/\/baijiabags.com\/de\/produkt\/womens-pu-leather-tote-bag-waterproof-linen-summer\/","title":{"rendered":"Womens Lightweight PU Leather Tote Handbag Custom Multi Purpose Waterproof Linen Summer Bag for Daily Commute and Travel"},"content":{"rendered":"<h2 data-start=\"1003\" data-end=\"1019\">Wesentliche Merkmale<\/h2>\n<ol data-start=\"1021\" data-end=\"1704\">\n<li data-start=\"1021\" data-end=\"1093\">\n<p data-start=\"1024\" data-end=\"1093\">Leichtes Design f\u00fcr bequemes Tragen w\u00e4hrend des ganzen Tages.<\/p>\n<\/li>\n<li data-start=\"1094\" data-end=\"1168\">\n<p data-start=\"1097\" data-end=\"1168\">Hergestellt aus langlebigem <strong data-start=\"1115\" data-end=\"1129\">PU-Leder<\/strong>und bietet eine weiche und geschmeidige Textur.<\/p>\n<\/li>\n<li data-start=\"1169\" data-end=\"1278\">\n<p data-start=\"1172\" data-end=\"1278\">Mehrzweck-Innenraum f\u00fcr die Aufbewahrung <strong data-start=\"1216\" data-end=\"1275\">A4-Zeitschriften, Tablets, Telefone, Regenschirme und Kosmetika<\/strong>.<\/p>\n<\/li>\n<li data-start=\"1279\" data-end=\"1356\">\n<p data-start=\"1282\" data-end=\"1356\"><strong data-start=\"1282\" data-end=\"1308\">Wasserabweisendes Futter<\/strong> sch\u00fctzt den Inhalt vor Versch\u00fctten und leichtem Regen.<\/p>\n<\/li>\n<li data-start=\"1357\" data-end=\"1442\">\n<p data-start=\"1360\" data-end=\"1442\"><strong data-start=\"1360\" data-end=\"1390\">Anpassbare Farboptionen<\/strong> erm\u00f6glichen eine individuelle Anpassung an den bevorzugten Stil.<\/p>\n<\/li>\n<li data-start=\"1443\" data-end=\"1526\">\n<p data-start=\"1446\" data-end=\"1526\">Griffe konzipiert f\u00fcr <strong data-start=\"1467\" data-end=\"1497\">mit der Hand oder am Griff tragen<\/strong>und erm\u00f6glicht eine flexible Nutzung.<\/p>\n<\/li>\n<li data-start=\"1527\" data-end=\"1606\">\n<p data-start=\"1530\" data-end=\"1606\">Modernes Design im Vintage-Stil, geeignet f\u00fcr eine Vielzahl von Anl\u00e4ssen.<\/p>\n<\/li>\n<li data-start=\"1607\" data-end=\"1704\">\n<p data-start=\"1610\" data-end=\"1704\">Logo-Anpassung m\u00f6glich, Unterst\u00fctzung <strong data-start=\"1651\" data-end=\"1675\">ODM- und OEM-Dienstleistungen<\/strong> f\u00fcr die Personalisierung der Marke.<\/p>\n<\/li>\n<\/ol>\n<p><img fetchpriority=\"high\" decoding=\"async\" class=\"aligncenter wp-image-1136\" src=\"https:\/\/baijiabags.com\/wp-content\/uploads\/2025\/09\/\u8be6\u60c5\u9875\u6a21\u7248-03-2-300x271.png\" alt=\"EBG19728\" width=\"750\" height=\"677\" srcset=\"https:\/\/baijiabags.com\/wp-content\/uploads\/2025\/09\/\u8be6\u60c5\u9875\u6a21\u7248-03-2-300x271.png 300w, https:\/\/baijiabags.com\/wp-content\/uploads\/2025\/09\/\u8be6\u60c5\u9875\u6a21\u7248-03-2-1024x925.png 1024w, https:\/\/baijiabags.com\/wp-content\/uploads\/2025\/09\/\u8be6\u60c5\u9875\u6a21\u7248-03-2-768x694.png 768w, https:\/\/baijiabags.com\/wp-content\/uploads\/2025\/09\/\u8be6\u60c5\u9875\u6a21\u7248-03-2-600x542.png 600w, https:\/\/baijiabags.com\/wp-content\/uploads\/2025\/09\/\u8be6\u60c5\u9875\u6a21\u7248-03-2.png 1031w\" sizes=\"(max-width: 750px) 100vw, 750px\" \/><\/p>\n<h2 data-start=\"1711\" data-end=\"1728\">Spezifikationen<\/h2>\n<div class=\"_tableContainer_1rjym_1\">\n<div class=\"_tableWrapper_1rjym_13 group flex w-fit flex-col-reverse\" tabindex=\"-1\">\n<table class=\"w-fit min-w-(--thread-content-width)\" data-start=\"1730\" data-end=\"2177\">\n<thead data-start=\"1730\" data-end=\"1753\">\n<tr data-start=\"1730\" data-end=\"1753\">\n<th data-start=\"1730\" data-end=\"1742\" data-col-size=\"sm\">Parameter<\/th>\n<th data-start=\"1742\" data-end=\"1753\" data-col-size=\"md\">Einzelheiten<\/th>\n<\/tr>\n<\/thead>\n<tbody data-start=\"1778\" data-end=\"2177\">\n<tr data-start=\"1778\" data-end=\"1811\">\n<td data-start=\"1778\" data-end=\"1793\" data-col-size=\"sm\">Produktname<\/td>\n<td data-start=\"1793\" data-end=\"1811\" data-col-size=\"md\">Damenhandtasche<\/td>\n<\/tr>\n<tr data-start=\"1812\" data-end=\"1830\">\n<td data-start=\"1812\" data-end=\"1820\" data-col-size=\"sm\">Marke<\/td>\n<td data-start=\"1820\" data-end=\"1830\" data-col-size=\"md\">RONEER<\/td>\n<\/tr>\n<tr data-start=\"1831\" data-end=\"1851\">\n<td data-start=\"1831\" data-end=\"1839\" data-col-size=\"sm\">Modell<\/td>\n<td data-start=\"1839\" data-end=\"1851\" data-col-size=\"md\">EBG19728<\/td>\n<\/tr>\n<tr data-start=\"1852\" data-end=\"1886\">\n<td data-start=\"1852\" data-end=\"1860\" data-col-size=\"sm\">Stil<\/td>\n<td data-start=\"1860\" data-end=\"1886\" data-col-size=\"md\">Mode, Dame, Vintage<\/td>\n<\/tr>\n<tr data-start=\"1887\" data-end=\"1912\">\n<td data-start=\"1887\" data-end=\"1898\" data-col-size=\"sm\">Material<\/td>\n<td data-start=\"1898\" data-end=\"1912\" data-col-size=\"md\">PU<\/td>\n<\/tr>\n<tr data-start=\"1913\" data-end=\"1942\">\n<td data-start=\"1913\" data-end=\"1923\" data-col-size=\"sm\">Muster<\/td>\n<td data-start=\"1923\" data-end=\"1942\" data-col-size=\"md\">Individuelles Logo<\/td>\n<\/tr>\n<tr data-start=\"1943\" data-end=\"1963\">\n<td data-start=\"1943\" data-end=\"1952\" data-col-size=\"sm\">Gewicht<\/td>\n<td data-start=\"1952\" data-end=\"1963\" data-col-size=\"md\">0,38 kg<\/td>\n<\/tr>\n<tr data-start=\"1964\" data-end=\"1988\">\n<td data-start=\"1964\" data-end=\"1972\" data-col-size=\"sm\">Farbe<\/td>\n<td data-start=\"1972\" data-end=\"1988\" data-col-size=\"md\">Anpassbar<\/td>\n<\/tr>\n<tr data-start=\"1989\" data-end=\"2036\">\n<td data-start=\"1989\" data-end=\"2007\" data-col-size=\"sm\">Methode der Bef\u00f6rderung<\/td>\n<td data-start=\"2007\" data-end=\"2036\" data-col-size=\"md\">Tragen am Griff \/ Tragen in der Hand<\/td>\n<\/tr>\n<tr data-start=\"2037\" data-end=\"2117\">\n<td data-start=\"2037\" data-end=\"2048\" data-col-size=\"sm\">Kapazit\u00e4t<\/td>\n<td data-start=\"2048\" data-end=\"2117\" data-col-size=\"md\">A4 Magazin \/ iPad \/ Mobiltelefon \/ Faltbarer Regenschirm \/ Kosmetik<\/td>\n<\/tr>\n<tr data-start=\"2118\" data-end=\"2138\">\n<td data-start=\"2118\" data-end=\"2124\" data-col-size=\"sm\">MOQ<\/td>\n<td data-start=\"2124\" data-end=\"2138\" data-col-size=\"md\">300 St\u00fcck<\/td>\n<\/tr>\n<tr data-start=\"2139\" data-end=\"2177\">\n<td data-start=\"2139\" data-end=\"2157\" data-col-size=\"sm\">Ort der Herkunft<\/td>\n<td data-start=\"2157\" data-end=\"2177\" data-col-size=\"md\">Guangdong, China<\/td>\n<\/tr>\n<\/tbody>\n<\/table>\n<\/div>\n<\/div>\n<h2>Anwendungen<\/h2>\n<ul data-start=\"2201\" data-end=\"2558\">\n<li data-start=\"2201\" data-end=\"2267\">\n<p data-start=\"2203\" data-end=\"2267\"><strong data-start=\"2203\" data-end=\"2216\">T\u00e4glicher Gebrauch<\/strong>: Perfekt f\u00fcr B\u00fcro, Schule und Freizeit.<\/p>\n<\/li>\n<li data-start=\"2268\" data-end=\"2353\">\n<p data-start=\"2270\" data-end=\"2353\"><strong data-start=\"2270\" data-end=\"2280\">Reisen<\/strong>: Leicht und ger\u00e4umig, ideal f\u00fcr den Transport von wichtigen Dingen auf Reisen.<\/p>\n<\/li>\n<li data-start=\"2354\" data-end=\"2450\">\n<p data-start=\"2356\" data-end=\"2450\"><strong data-start=\"2356\" data-end=\"2368\">Einkaufen<\/strong>: Das bequeme Design erm\u00f6glicht das einfache Tragen von pers\u00f6nlichen Gegenst\u00e4nden und kleinen Eink\u00e4ufen.<\/p>\n<\/li>\n<li data-start=\"2451\" data-end=\"2558\">\n<p data-start=\"2453\" data-end=\"2558\"><strong data-start=\"2453\" data-end=\"2484\">Strand oder Freizeitaktivit\u00e4ten<\/strong>: Zur praktischen Aufbewahrung von Sonnencreme, Sonnenbrille und anderen pers\u00f6nlichen Gegenst\u00e4nden.<\/p>\n<\/li>\n<\/ul>\n<p data-start=\"2565\" data-end=\"2748\">Wenn Sie an dieser Tasche interessiert sind, kontaktieren Sie uns bitte, um ein Muster anzufordern. <strong data-start=\"2639\" data-end=\"2663\">ODM- und OEM-Dienstleistungen<\/strong> sind in der Lage, Designs, Farben und Logos an Ihre Bed\u00fcrfnisse anzupassen.<\/p>","protected":false},"excerpt":{"rendered":"<p>Die <strong data-start=\"328\" data-end=\"382\">RONEER Leichtgewichtige PU-Leder-Tasche f\u00fcr Frauen<\/strong> ist f\u00fcr den t\u00e4glichen Gebrauch, f\u00fcr Reisen und Freizeitausfl\u00fcge konzipiert. Die aus hochwertigem PU-Leder gefertigte Handtasche ist leicht und dennoch robust und wiegt nur <strong data-start=\"531\" data-end=\"542\">0,38 kg<\/strong>Damit ist sie ideal f\u00fcr den stundenlangen Gebrauch. Die Tasche wurde mit Blick auf Vielseitigkeit entworfen, so dass sie wichtige Dinge transportieren kann, wie z. B. <strong data-start=\"674\" data-end=\"742\">A4-Magazine, iPad, Mobiltelefone, faltbare Regenschirme, Kosmetika<\/strong>und andere h\u00e4ufig verwendete Gegenst\u00e4nde. Ihr modisches Vintage-Design sorgt daf\u00fcr, dass sie zu verschiedenen Outfits und Anl\u00e4ssen passt. Die Tasche wird hergestellt in <strong data-start=\"894\" data-end=\"914\">Guangdong, China<\/strong>nach dem Modell <strong data-start=\"932\" data-end=\"944\">EBG19728<\/strong>mit anpassbaren Farben und Logomustern.<\/p>","protected":false},"featured_media":1131,"comment_status":"open","ping_status":"closed","template":"","meta":{"site-sidebar-layout":"default","site-content-layout":"","ast-site-content-layout":"default","site-content-style":"default","site-sidebar-style":"default","ast-global-header-display":"","ast-banner-title-visibility":"","ast-main-header-display":"","ast-hfb-above-header-display":"","ast-hfb-below-header-display":"","ast-hfb-mobile-header-display":"","site-post-title":"","ast-breadcrumbs-content":"","ast-featured-img":"","footer-sml-layout":"","ast-disable-related-posts":"","theme-transparent-header-meta":"default","adv-header-id-meta":"","stick-header-meta":"","header-above-stick-meta":"","header-main-stick-meta":"","header-below-stick-meta":"","astra-migrate-meta-layouts":"set","ast-page-background-enabled":"default","ast-page-background-meta":{"desktop":{"background-color":"var(--ast-global-color-5)","background-image":"","background-repeat":"repeat","background-position":"center center","background-size":"auto","background-attachment":"scroll","background-type":"","background-media":"","overlay-type":"","overlay-color":"","overlay-opacity":"","overlay-gradient":""},"tablet":{"background-color":"","background-image":"","background-repeat":"repeat","background-position":"center center","background-size":"auto","background-attachment":"scroll","background-type":"","background-media":"","overlay-type":"","overlay-color":"","overlay-opacity":"","overlay-gradient":""},"mobile":{"background-color":"","background-image":"","background-repeat":"repeat","background-position":"center center","background-size":"auto","background-attachment":"scroll","background-type":"","background-media":"","overlay-type":"","overlay-color":"","overlay-opacity":"","overlay-gradient":""}},"ast-content-background-meta":{"desktop":{"background-color":"var(--ast-global-color-4)","background-image":"","background-repeat":"repeat","background-position":"center center","background-size":"auto","background-attachment":"scroll","background-type":"","background-media":"","overlay-type":"","overlay-color":"","overlay-opacity":"","overlay-gradient":""},"tablet":{"background-color":"var(--ast-global-color-4)","background-image":"","background-repeat":"repeat","background-position":"center center","background-size":"auto","background-attachment":"scroll","background-type":"","background-media":"","overlay-type":"","overlay-color":"","overlay-opacity":"","overlay-gradient":""},"mobile":{"background-color":"var(--ast-global-color-4)","background-image":"","background-repeat":"repeat","background-position":"center center","background-size":"auto","background-attachment":"scroll","background-type":"","background-media":"","overlay-type":"","overlay-color":"","overlay-opacity":"","overlay-gradient":""}}},"product_brand":[],"product_cat":[42,54],"product_tag":[],"class_list":{"0":"post-1129","1":"product","2":"type-product","3":"status-publish","4":"has-post-thumbnail","6":"product_cat-hand-bag","7":"product_cat-womens-bag","8":"desktop-align-left","9":"tablet-align-left","10":"mobile-align-left","12":"first","13":"instock","14":"shipping-taxable","15":"product-type-simple"},"_links":{"self":[{"href":"https:\/\/baijiabags.com\/de\/wp-json\/wp\/v2\/product\/1129","targetHints":{"allow":["GET"]}}],"collection":[{"href":"https:\/\/baijiabags.com\/de\/wp-json\/wp\/v2\/product"}],"about":[{"href":"https:\/\/baijiabags.com\/de\/wp-json\/wp\/v2\/types\/product"}],"replies":[{"embeddable":true,"href":"https:\/\/baijiabags.com\/de\/wp-json\/wp\/v2\/comments?post=1129"}],"wp:featuredmedia":[{"embeddable":true,"href":"https:\/\/baijiabags.com\/de\/wp-json\/wp\/v2\/media\/1131"}],"wp:attachment":[{"href":"https:\/\/baijiabags.com\/de\/wp-json\/wp\/v2\/media?parent=1129"}],"wp:term":[{"taxonomy":"product_brand","embeddable":true,"href":"https:\/\/baijiabags.com\/de\/wp-json\/wp\/v2\/product_brand?post=1129"},{"taxonomy":"product_cat","embeddable":true,"href":"https:\/\/baijiabags.com\/de\/wp-json\/wp\/v2\/product_cat?post=1129"},{"taxonomy":"product_tag","embeddable":true,"href":"https:\/\/baijiabags.com\/de\/wp-json\/wp\/v2\/product_tag?post=1129"}],"curies":[{"name":"wp","href":"https:\/\/api.w.org\/{rel}","templated":true}]}}