{"id":1113,"date":"2025-09-10T03:38:39","date_gmt":"2025-09-10T03:38:39","guid":{"rendered":"https:\/\/baijiabags.com\/?post_type=product&#038;p=1113"},"modified":"2025-09-10T03:38:39","modified_gmt":"2025-09-10T03:38:39","slug":"stylish-customizable-lightweight-genuine-leather-backpack-with-large-capacity","status":"publish","type":"product","link":"https:\/\/baijiabags.com\/de\/produkt\/stylish-customizable-lightweight-genuine-leather-backpack-with-large-capacity\/","title":{"rendered":"Stilvoller, anpassbarer, leichter Rucksack aus echtem Leder mit gro\u00dfer Kapazit\u00e4t"},"content":{"rendered":"<h2 data-start=\"834\" data-end=\"851\">Wesentliche Merkmale<\/h2>\n<ol data-start=\"853\" data-end=\"1765\">\n<li data-start=\"853\" data-end=\"962\">\n<p data-start=\"856\" data-end=\"962\"><strong data-start=\"856\" data-end=\"876\">Hochwertiges Material<\/strong>: Gefertigt aus strapazierf\u00e4higem PU-Leder f\u00fcr eine glatte Textur und lang anhaltende Leistung.<\/p>\n<\/li>\n<li data-start=\"963\" data-end=\"1080\">\n<p data-start=\"966\" data-end=\"1080\"><strong data-start=\"966\" data-end=\"988\">Leichte Konstruktion<\/strong>: Nur Wiegen <strong data-start=\"1004\" data-end=\"1015\">0,91 kg<\/strong>Dadurch wird eine leichte Tragbarkeit ohne Beeintr\u00e4chtigung des Stauraums gew\u00e4hrleistet.<\/p>\n<\/li>\n<li data-start=\"1081\" data-end=\"1177\">\n<p data-start=\"1084\" data-end=\"1177\"><strong data-start=\"1084\" data-end=\"1107\">Anpassbare Farben<\/strong>: Erh\u00e4ltlich in verschiedenen Farben und Optionen f\u00fcr individuelle Designs.<\/p>\n<\/li>\n<li data-start=\"1178\" data-end=\"1297\">\n<p data-start=\"1181\" data-end=\"1297\"><strong data-start=\"1181\" data-end=\"1199\">Gro\u00dfe Kapazit\u00e4t<\/strong>: Das Hauptfach und mehrere Innentaschen bieten Platz f\u00fcr die wichtigsten Dinge des Alltags.<\/p>\n<\/li>\n<li data-start=\"1298\" data-end=\"1443\">\n<p data-start=\"1301\" data-end=\"1443\"><strong data-start=\"1301\" data-end=\"1328\">Funktionale F\u00e4cher<\/strong>: Ausgestattet mit <strong data-start=\"1344\" data-end=\"1416\">eine Innentasche mit Rei\u00dfverschluss, ein Hauptfach und zwei Innentaschen<\/strong> um die Organisation zu verbessern.<\/p>\n<\/li>\n<li data-start=\"1444\" data-end=\"1553\">\n<p data-start=\"1447\" data-end=\"1553\"><strong data-start=\"1447\" data-end=\"1477\">Vielseitige Tragem\u00f6glichkeiten<\/strong>: Kann am Griff oder in der Hand getragen werden, geeignet f\u00fcr verschiedene Gelegenheiten.<\/p>\n<\/li>\n<li data-start=\"1554\" data-end=\"1665\">\n<p data-start=\"1557\" data-end=\"1665\"><strong data-start=\"1557\" data-end=\"1583\">Modische Erscheinung<\/strong>: Das Design ist modern und stilvoll und passt zu jedem Outfit.<\/p>\n<\/li>\n<li data-start=\"1666\" data-end=\"1765\">\n<p data-start=\"1669\" data-end=\"1765\"><strong data-start=\"1669\" data-end=\"1692\">Ideal f\u00fcr den t\u00e4glichen Gebrauch<\/strong>: Ideal f\u00fcr B\u00fcro, Reisen, Einkaufen, Schule und Outdoor-Aktivit\u00e4ten.<\/p>\n<\/li>\n<\/ol>\n<p><img fetchpriority=\"high\" decoding=\"async\" class=\"aligncenter wp-image-1120 size-full\" src=\"https:\/\/baijiabags.com\/wp-content\/uploads\/2025\/09\/\u8be6\u60c5\u9875\u6a21\u7248-03-1.png\" alt=\"Stylish Customizable Lightweight Genuine Leather Backpack with Large Capacity\" width=\"750\" height=\"673\" srcset=\"https:\/\/baijiabags.com\/wp-content\/uploads\/2025\/09\/\u8be6\u60c5\u9875\u6a21\u7248-03-1.png 750w, https:\/\/baijiabags.com\/wp-content\/uploads\/2025\/09\/\u8be6\u60c5\u9875\u6a21\u7248-03-1-300x269.png 300w, https:\/\/baijiabags.com\/wp-content\/uploads\/2025\/09\/\u8be6\u60c5\u9875\u6a21\u7248-03-1-600x538.png 600w\" sizes=\"(max-width: 750px) 100vw, 750px\" \/><\/p>\n<h2 data-start=\"1772\" data-end=\"1791\">Spezifikationen<\/h2>\n<div class=\"_tableContainer_1rjym_1\">\n<div class=\"_tableWrapper_1rjym_13 group flex w-fit flex-col-reverse\" tabindex=\"-1\">\n<table class=\"w-fit min-w-(--thread-content-width)\" data-start=\"1793\" data-end=\"3451\">\n<thead data-start=\"1793\" data-end=\"1901\">\n<tr data-start=\"1793\" data-end=\"1901\">\n<th data-start=\"1793\" data-end=\"1822\" data-col-size=\"sm\">Parameter<\/th>\n<th data-start=\"1822\" data-end=\"1901\" data-col-size=\"md\">Beschreibung<\/th>\n<\/tr>\n<\/thead>\n<tbody data-start=\"2012\" data-end=\"3451\">\n<tr data-start=\"2012\" data-end=\"2122\">\n<td data-start=\"2012\" data-end=\"2042\" data-col-size=\"sm\">Produktname<\/td>\n<td data-start=\"2042\" data-end=\"2122\" data-col-size=\"md\">Rucksack aus echtem Leder<\/td>\n<\/tr>\n<tr data-start=\"2123\" data-end=\"2232\">\n<td data-start=\"2123\" data-end=\"2153\" data-col-size=\"sm\">Marke<\/td>\n<td data-start=\"2153\" data-end=\"2232\" data-col-size=\"md\">RONEER<\/td>\n<\/tr>\n<tr data-start=\"2233\" data-end=\"2342\">\n<td data-start=\"2233\" data-end=\"2263\" data-col-size=\"sm\">Herkunft<\/td>\n<td data-start=\"2263\" data-end=\"2342\" data-col-size=\"md\">Guangdong, China<\/td>\n<\/tr>\n<tr data-start=\"2343\" data-end=\"2453\">\n<td data-start=\"2343\" data-end=\"2373\" data-col-size=\"sm\">Modell<\/td>\n<td data-start=\"2373\" data-end=\"2453\" data-col-size=\"md\">GB-5104<\/td>\n<\/tr>\n<tr data-start=\"2454\" data-end=\"2563\">\n<td data-start=\"2454\" data-end=\"2484\" data-col-size=\"sm\">Stil<\/td>\n<td data-start=\"2484\" data-end=\"2563\" data-col-size=\"md\">Mode<\/td>\n<\/tr>\n<tr data-start=\"2564\" data-end=\"2673\">\n<td data-start=\"2564\" data-end=\"2594\" data-col-size=\"sm\">Hauptmaterial<\/td>\n<td data-start=\"2594\" data-end=\"2673\" data-col-size=\"md\">Echtes Leder<\/td>\n<\/tr>\n<tr data-start=\"2674\" data-end=\"2783\">\n<td data-start=\"2674\" data-end=\"2704\" data-col-size=\"sm\">Gewicht<\/td>\n<td data-start=\"2704\" data-end=\"2783\" data-col-size=\"md\">0,91 kg<\/td>\n<\/tr>\n<tr data-start=\"2784\" data-end=\"2893\">\n<td data-start=\"2784\" data-end=\"2814\" data-col-size=\"sm\">Farbe<\/td>\n<td data-start=\"2814\" data-end=\"2893\" data-col-size=\"md\">Anpassbar<\/td>\n<\/tr>\n<tr data-start=\"2894\" data-end=\"3002\">\n<td data-start=\"2894\" data-end=\"2924\" data-col-size=\"sm\">Innere F\u00e4cher<\/td>\n<td data-start=\"2924\" data-end=\"3002\" data-col-size=\"md\">Innere Rei\u00dfverschlusstasche \/ Hauptfach \/ Innentasche \u00d72<\/td>\n<\/tr>\n<tr data-start=\"3003\" data-end=\"3112\">\n<td data-start=\"3003\" data-end=\"3033\" data-col-size=\"sm\">Methode der Bef\u00f6rderung<\/td>\n<td data-start=\"3033\" data-end=\"3112\" data-col-size=\"md\">Tragen am Griff \/ Tragen in der Hand<\/td>\n<\/tr>\n<tr data-start=\"3113\" data-end=\"3231\">\n<td data-start=\"3113\" data-end=\"3143\" data-col-size=\"sm\">Kapazit\u00e4t<\/td>\n<td data-start=\"3143\" data-end=\"3231\" data-col-size=\"md\">A4-Magazin \/ iPad \/ Mobiltelefon \/ Faltbarer Regenschirm \/ Kosmetik \/ Andere Essentials<\/td>\n<\/tr>\n<tr data-start=\"3232\" data-end=\"3341\">\n<td data-start=\"3232\" data-end=\"3262\" data-col-size=\"sm\">Mindestbestellmenge (MOQ)<\/td>\n<td data-start=\"3262\" data-end=\"3341\" data-col-size=\"md\">300<\/td>\n<\/tr>\n<tr data-start=\"3342\" data-end=\"3451\">\n<td data-start=\"3342\" data-end=\"3372\" data-col-size=\"sm\">Anmeldung<\/td>\n<td data-start=\"3372\" data-end=\"3451\" data-col-size=\"md\">B\u00fcro, Reisen, Schule, Einkaufen, Outdoor-Aktivit\u00e4ten<\/td>\n<\/tr>\n<\/tbody>\n<\/table>\n<\/div>\n<\/div>\n<h2 data-start=\"3458\" data-end=\"3475\">Anwendungen<\/h2>\n<ul data-start=\"3477\" data-end=\"3930\">\n<li data-start=\"3477\" data-end=\"3560\">\n<p data-start=\"3479\" data-end=\"3560\"><strong data-start=\"3479\" data-end=\"3489\">B\u00fcro<\/strong>: Geeignet f\u00fcr den Transport von Notebooks, Tablets und wichtigen Arbeitsutensilien.<\/p>\n<\/li>\n<li data-start=\"3561\" data-end=\"3661\">\n<p data-start=\"3563\" data-end=\"3661\"><strong data-start=\"3563\" data-end=\"3573\">Reisen<\/strong>: Das gro\u00dfe Fassungsverm\u00f6gen erm\u00f6glicht die Aufbewahrung von Reisedokumenten, Zubeh\u00f6r und pers\u00f6nlichen Gegenst\u00e4nden.<\/p>\n<\/li>\n<li data-start=\"3662\" data-end=\"3747\">\n<p data-start=\"3664\" data-end=\"3747\"><strong data-start=\"3664\" data-end=\"3682\">Schule\/Hochschule<\/strong>: Geeignet f\u00fcr Lehrb\u00fccher, Schreibwaren und kleine elektronische Ger\u00e4te.<\/p>\n<\/li>\n<li data-start=\"3748\" data-end=\"3844\">\n<p data-start=\"3750\" data-end=\"3844\"><strong data-start=\"3750\" data-end=\"3771\">Einkaufen\/Outdoor<\/strong>: Ideal f\u00fcr den Transport von Dingen des t\u00e4glichen Bedarfs bei gleichzeitiger Beibehaltung eines eleganten Aussehens.<\/p>\n<\/li>\n<li data-start=\"3845\" data-end=\"3930\">\n<p data-start=\"3847\" data-end=\"3930\"><strong data-start=\"3847\" data-end=\"3856\">Geschenke<\/strong>: Die personalisierten Optionen machen es zu einem sinnvollen Geschenk f\u00fcr Freunde und Familie.<\/p>\n<\/li>\n<\/ul>\n<p data-start=\"3937\" data-end=\"4120\">Wenn Sie an diesem Rucksack interessiert sind, kontaktieren Sie uns bitte, um ein Muster anzufordern. <strong data-start=\"4016\" data-end=\"4038\">ODM- und OEM-Dienstleistungen<\/strong> sind f\u00fcr individuelle Bestellungen erh\u00e4ltlich, einschlie\u00dflich Farb-, Logo- und Designoptionen.<\/p>","protected":false},"excerpt":{"rendered":"<p data-start=\"183\" data-end=\"827\">Die <strong data-start=\"187\" data-end=\"268\">Stilvoller, anpassbarer, leichter Rucksack aus echtem Leder mit gro\u00dfer Kapazit\u00e4t<\/strong> wird entworfen von <strong data-start=\"284\" data-end=\"294\">RONEER<\/strong> und in Guangdong, China, hergestellt. Dieser modische Rucksack ist aus hochwertigem PU-Leder gefertigt und bietet Langlebigkeit bei einem leichten Profil von nur <strong data-start=\"472\" data-end=\"483\">0,91 kg<\/strong>. In den ger\u00e4umigen F\u00e4chern lassen sich Dinge des t\u00e4glichen Bedarfs wie <strong data-start=\"557\" data-end=\"626\">A4-Magazine, iPads, Mobiltelefone, faltbare Regenschirme, Kosmetika<\/strong>und andere h\u00e4ufig ben\u00f6tigte Gegenst\u00e4nde leicht transportieren. Der Rucksack bietet vielseitige Trageoptionen, darunter <strong data-start=\"731\" data-end=\"762\">Tragegriff und Handtrage<\/strong>Er eignet sich sowohl f\u00fcr den Freizeit- als auch f\u00fcr den Berufsalltag.<\/p>","protected":false},"featured_media":1114,"comment_status":"open","ping_status":"closed","template":"","meta":{"site-sidebar-layout":"default","site-content-layout":"","ast-site-content-layout":"default","site-content-style":"default","site-sidebar-style":"default","ast-global-header-display":"","ast-banner-title-visibility":"","ast-main-header-display":"","ast-hfb-above-header-display":"","ast-hfb-below-header-display":"","ast-hfb-mobile-header-display":"","site-post-title":"","ast-breadcrumbs-content":"","ast-featured-img":"","footer-sml-layout":"","ast-disable-related-posts":"","theme-transparent-header-meta":"default","adv-header-id-meta":"","stick-header-meta":"","header-above-stick-meta":"","header-main-stick-meta":"","header-below-stick-meta":"","astra-migrate-meta-layouts":"set","ast-page-background-enabled":"default","ast-page-background-meta":{"desktop":{"background-color":"var(--ast-global-color-5)","background-image":"","background-repeat":"repeat","background-position":"center center","background-size":"auto","background-attachment":"scroll","background-type":"","background-media":"","overlay-type":"","overlay-color":"","overlay-opacity":"","overlay-gradient":""},"tablet":{"background-color":"","background-image":"","background-repeat":"repeat","background-position":"center center","background-size":"auto","background-attachment":"scroll","background-type":"","background-media":"","overlay-type":"","overlay-color":"","overlay-opacity":"","overlay-gradient":""},"mobile":{"background-color":"","background-image":"","background-repeat":"repeat","background-position":"center center","background-size":"auto","background-attachment":"scroll","background-type":"","background-media":"","overlay-type":"","overlay-color":"","overlay-opacity":"","overlay-gradient":""}},"ast-content-background-meta":{"desktop":{"background-color":"var(--ast-global-color-4)","background-image":"","background-repeat":"repeat","background-position":"center center","background-size":"auto","background-attachment":"scroll","background-type":"","background-media":"","overlay-type":"","overlay-color":"","overlay-opacity":"","overlay-gradient":""},"tablet":{"background-color":"var(--ast-global-color-4)","background-image":"","background-repeat":"repeat","background-position":"center center","background-size":"auto","background-attachment":"scroll","background-type":"","background-media":"","overlay-type":"","overlay-color":"","overlay-opacity":"","overlay-gradient":""},"mobile":{"background-color":"var(--ast-global-color-4)","background-image":"","background-repeat":"repeat","background-position":"center center","background-size":"auto","background-attachment":"scroll","background-type":"","background-media":"","overlay-type":"","overlay-color":"","overlay-opacity":"","overlay-gradient":""}}},"product_brand":[],"product_cat":[21],"product_tag":[],"class_list":{"0":"post-1113","1":"product","2":"type-product","3":"status-publish","4":"has-post-thumbnail","6":"product_cat-backpack","7":"desktop-align-left","8":"tablet-align-left","9":"mobile-align-left","11":"first","12":"instock","13":"shipping-taxable","14":"product-type-simple"},"_links":{"self":[{"href":"https:\/\/baijiabags.com\/de\/wp-json\/wp\/v2\/product\/1113","targetHints":{"allow":["GET"]}}],"collection":[{"href":"https:\/\/baijiabags.com\/de\/wp-json\/wp\/v2\/product"}],"about":[{"href":"https:\/\/baijiabags.com\/de\/wp-json\/wp\/v2\/types\/product"}],"replies":[{"embeddable":true,"href":"https:\/\/baijiabags.com\/de\/wp-json\/wp\/v2\/comments?post=1113"}],"wp:featuredmedia":[{"embeddable":true,"href":"https:\/\/baijiabags.com\/de\/wp-json\/wp\/v2\/media\/1114"}],"wp:attachment":[{"href":"https:\/\/baijiabags.com\/de\/wp-json\/wp\/v2\/media?parent=1113"}],"wp:term":[{"taxonomy":"product_brand","embeddable":true,"href":"https:\/\/baijiabags.com\/de\/wp-json\/wp\/v2\/product_brand?post=1113"},{"taxonomy":"product_cat","embeddable":true,"href":"https:\/\/baijiabags.com\/de\/wp-json\/wp\/v2\/product_cat?post=1113"},{"taxonomy":"product_tag","embeddable":true,"href":"https:\/\/baijiabags.com\/de\/wp-json\/wp\/v2\/product_tag?post=1113"}],"curies":[{"name":"wp","href":"https:\/\/api.w.org\/{rel}","templated":true}]}}