{"id":1018,"date":"2025-09-09T07:52:12","date_gmt":"2025-09-09T07:52:12","guid":{"rendered":"https:\/\/baijiabags.com\/?post_type=product&#038;p=1018"},"modified":"2025-11-01T01:22:37","modified_gmt":"2025-11-01T01:22:37","slug":"luxury-womens-leather-crossbody-bag-summer-solid-color-shoulder-bag","status":"publish","type":"product","link":"https:\/\/baijiabags.com\/de\/produkt\/luxury-womens-leather-crossbody-bag-summer-solid-color-shoulder-bag\/","title":{"rendered":"Luxus Frauen Leder Crossbody Bag - Sommer Solid Farbe Umh\u00e4ngetasche"},"content":{"rendered":"<h2>Wesentliche Merkmale<\/h2>\n<ol data-start=\"736\" data-end=\"1780\">\n<li data-start=\"736\" data-end=\"863\">\n<p data-start=\"739\" data-end=\"863\"><strong data-start=\"739\" data-end=\"759\">Hochwertiges Material<\/strong> - Die Tasche ist hergestellt aus <strong data-start=\"783\" data-end=\"802\">hochwertiges PU<\/strong>und bietet ein leder\u00e4hnliches Aussehen bei einfacher Pflege.<\/p>\n<\/li>\n<li data-start=\"864\" data-end=\"1028\">\n<p data-start=\"867\" data-end=\"1028\"><strong data-start=\"867\" data-end=\"888\">Ger\u00e4umiges Interieur<\/strong> - Ausgestattet mit einem Hauptfach, einem <strong data-start=\"928\" data-end=\"953\">Innentasche mit Rei\u00dfverschluss<\/strong>und <strong data-start=\"959\" data-end=\"985\">zwei innere Schlupftaschen<\/strong>kann die Tasche Gegenst\u00e4nde effizient organisieren.<\/p>\n<\/li>\n<li data-start=\"1029\" data-end=\"1160\">\n<p data-start=\"1032\" data-end=\"1160\"><strong data-start=\"1032\" data-end=\"1059\">Multifunktionales Design<\/strong> - Konzipiert sowohl f\u00fcr <strong data-start=\"1080\" data-end=\"1111\">in der Hand tragen und \u00fcber der Schulter tragen<\/strong>und erm\u00f6glicht so eine flexible Anpassung an Ihren Stil.<\/p>\n<\/li>\n<li data-start=\"1161\" data-end=\"1264\">\n<p data-start=\"1164\" data-end=\"1264\"><strong data-start=\"1164\" data-end=\"1179\">Leichtgewicht<\/strong> - Nur Wiegen <strong data-start=\"1196\" data-end=\"1207\">0,44 kg<\/strong>Die Tasche ist auch \u00fcber l\u00e4ngere Zeitr\u00e4ume bequem zu tragen.<\/p>\n<\/li>\n<li data-start=\"1265\" data-end=\"1380\">\n<p data-start=\"1268\" data-end=\"1380\"><strong data-start=\"1268\" data-end=\"1294\">Modischer Minimalismus<\/strong> - Seine <strong data-start=\"1301\" data-end=\"1330\">schlichtes und stilvolles Design<\/strong> wurde an die aktuellen Trends angepasst.<\/p>\n<\/li>\n<li data-start=\"1381\" data-end=\"1508\">\n<p data-start=\"1384\" data-end=\"1508\"><strong data-start=\"1384\" data-end=\"1402\">Sichere Lagerung<\/strong> - Zum Schutz von Wertgegenst\u00e4nden wie Handys, Tablets und Kosmetika wurden Rei\u00dfverschlussf\u00e4cher integriert.<\/p>\n<\/li>\n<li data-start=\"1509\" data-end=\"1624\">\n<p data-start=\"1512\" data-end=\"1624\"><strong data-start=\"1512\" data-end=\"1534\">Sommertaugliche Farbe<\/strong> - Verf\u00fcgbar in <strong data-start=\"1550\" data-end=\"1572\">anpassbares Wei\u00df<\/strong>perfekt f\u00fcr Sommeroutfits und legere Anl\u00e4sse.<\/p>\n<\/li>\n<li data-start=\"1625\" data-end=\"1780\">\n<p data-start=\"1628\" data-end=\"1780\"><strong data-start=\"1628\" data-end=\"1650\">Praktische Kapazit\u00e4t<\/strong> - Die Handtasche bietet Platz f\u00fcr <strong data-start=\"1688\" data-end=\"1777\">A4-Zeitschriften, iPad, Mobiltelefone, Faltschirme, Kosmetika und andere wichtige Dinge<\/strong>.<\/p>\n<\/li>\n<\/ol>\n<h2 data-start=\"1782\" data-end=\"1802\">Spezifikationen<\/h2>\n<div class=\"_tableContainer_1rjym_1\">\n<div class=\"_tableWrapper_1rjym_13 group flex w-fit flex-col-reverse\" tabindex=\"-1\">\n<table class=\"w-fit min-w-(--thread-content-width)\" data-start=\"1804\" data-end=\"3015\">\n<thead data-start=\"1804\" data-end=\"1884\">\n<tr data-start=\"1804\" data-end=\"1884\">\n<th data-start=\"1804\" data-end=\"1833\" data-col-size=\"sm\">Parameter<\/th>\n<th data-start=\"1833\" data-end=\"1884\" data-col-size=\"md\">Einzelheiten<\/th>\n<\/tr>\n<\/thead>\n<tbody data-start=\"1965\" data-end=\"3015\">\n<tr data-start=\"1965\" data-end=\"2044\">\n<td data-start=\"1965\" data-end=\"1994\" data-col-size=\"sm\">Produktname<\/td>\n<td data-start=\"1994\" data-end=\"2044\" data-col-size=\"md\">Damenhandtasche<\/td>\n<\/tr>\n<tr data-start=\"2045\" data-end=\"2124\">\n<td data-start=\"2045\" data-end=\"2074\" data-col-size=\"sm\">Marke<\/td>\n<td data-start=\"2074\" data-end=\"2124\" data-col-size=\"md\">RONEER<\/td>\n<\/tr>\n<tr data-start=\"2125\" data-end=\"2204\">\n<td data-start=\"2125\" data-end=\"2154\" data-col-size=\"sm\">Herkunft<\/td>\n<td data-start=\"2154\" data-end=\"2204\" data-col-size=\"md\">Guangdong, China<\/td>\n<\/tr>\n<tr data-start=\"2205\" data-end=\"2284\">\n<td data-start=\"2205\" data-end=\"2234\" data-col-size=\"sm\">Modell<\/td>\n<td data-start=\"2234\" data-end=\"2284\" data-col-size=\"md\">EBG19725<\/td>\n<\/tr>\n<tr data-start=\"2285\" data-end=\"2364\">\n<td data-start=\"2285\" data-end=\"2314\" data-col-size=\"sm\">Stil<\/td>\n<td data-start=\"2314\" data-end=\"2364\" data-col-size=\"md\">Mode Minimalist<\/td>\n<\/tr>\n<tr data-start=\"2365\" data-end=\"2444\">\n<td data-start=\"2365\" data-end=\"2394\" data-col-size=\"sm\">Abmessungen<\/td>\n<td data-start=\"2394\" data-end=\"2444\" data-col-size=\"md\">22,5 cm \u00d7 31 cm \u00d7 13,5 cm<\/td>\n<\/tr>\n<tr data-start=\"2445\" data-end=\"2524\">\n<td data-start=\"2445\" data-end=\"2474\" data-col-size=\"sm\">Material<\/td>\n<td data-start=\"2474\" data-end=\"2524\" data-col-size=\"md\">PU<\/td>\n<\/tr>\n<tr data-start=\"2525\" data-end=\"2604\">\n<td data-start=\"2525\" data-end=\"2554\" data-col-size=\"sm\">Gewicht<\/td>\n<td data-start=\"2554\" data-end=\"2604\" data-col-size=\"md\">0,44 kg<\/td>\n<\/tr>\n<tr data-start=\"2605\" data-end=\"2686\">\n<td data-start=\"2605\" data-end=\"2634\" data-col-size=\"sm\">F\u00e4cher<\/td>\n<td data-start=\"2634\" data-end=\"2686\" data-col-size=\"md\">Haupttasche, innere Rei\u00dfverschlusstasche, 2 innere Steckf\u00e4cher<\/td>\n<\/tr>\n<tr data-start=\"2687\" data-end=\"2766\">\n<td data-start=\"2687\" data-end=\"2716\" data-col-size=\"sm\">Farbe<\/td>\n<td data-start=\"2716\" data-end=\"2766\" data-col-size=\"md\">Wei\u00df (anpassbar)<\/td>\n<\/tr>\n<tr data-start=\"2767\" data-end=\"2847\">\n<td data-start=\"2767\" data-end=\"2796\" data-col-size=\"sm\">Methode der Bef\u00f6rderung<\/td>\n<td data-start=\"2796\" data-end=\"2847\" data-col-size=\"md\">Handheld\/Schulter<\/td>\n<\/tr>\n<tr data-start=\"2848\" data-end=\"2935\">\n<td data-start=\"2848\" data-end=\"2877\" data-col-size=\"sm\">Kapazit\u00e4t<\/td>\n<td data-start=\"2877\" data-end=\"2935\" data-col-size=\"md\">A4-Zeitschriften, iPad, Telefon, Regenschirm, Kosmetika<\/td>\n<\/tr>\n<tr data-start=\"2936\" data-end=\"3015\">\n<td data-start=\"2936\" data-end=\"2965\" data-col-size=\"sm\">MOQ<\/td>\n<td data-start=\"2965\" data-end=\"3015\" data-col-size=\"md\">300<\/td>\n<\/tr>\n<\/tbody>\n<\/table>\n<\/div>\n<\/div>\n<h2 data-start=\"3017\" data-end=\"3035\">Anwendungen<\/h2>\n<ul data-start=\"3036\" data-end=\"3114\">\n<li data-start=\"3036\" data-end=\"3048\">\n<p data-start=\"3038\" data-end=\"3048\">Einkaufen<\/p>\n<\/li>\n<li data-start=\"3049\" data-end=\"3071\">\n<p data-start=\"3051\" data-end=\"3071\">Verwendung im B\u00fcro oder am Arbeitsplatz<\/p>\n<\/li>\n<li data-start=\"3072\" data-end=\"3090\">\n<p data-start=\"3074\" data-end=\"3090\">Freizeitausfl\u00fcge<\/p>\n<\/li>\n<li data-start=\"3091\" data-end=\"3114\">\n<p data-start=\"3093\" data-end=\"3114\">Reisen oder Tagesausfl\u00fcge<\/p>\n<\/li>\n<\/ul>\n<p data-start=\"3116\" data-end=\"3236\">Wenn Sie an dieser Handtasche interessiert sind, bitten wir Sie <strong data-start=\"3162\" data-end=\"3195\">Kontaktieren Sie uns, um Muster anzufordern<\/strong>. <strong data-start=\"3197\" data-end=\"3233\">ODM- und OEM-Dienste sind verf\u00fcgbar<\/strong>.<\/p>","protected":false},"excerpt":{"rendered":"<p>Die <strong data-start=\"205\" data-end=\"245\">Luxuri\u00f6se Damen Leder Crossbody Tasche<\/strong> wurde entworfen von <strong data-start=\"267\" data-end=\"277\">RONEER<\/strong> um modernen Frauen sowohl Stil als auch Zweckm\u00e4\u00dfigkeit zu bieten. Diese in Guangdong, China, gefertigte Handtasche wurde aus hochwertigem PU-Material hergestellt, um Haltbarkeit und eine weiche Textur zu gew\u00e4hrleisten. Die Gr\u00f6\u00dfe der Tasche von <strong data-start=\"486\" data-end=\"515\">22,5 cm \u00d7 31 cm \u00d7 13,5 cm<\/strong> und Gewicht von <strong data-start=\"530\" data-end=\"541\">0,44 kg<\/strong> machen sie leicht, aber dennoch ger\u00e4umig genug, um die wichtigsten Dinge des Alltags unterzubringen. Erh\u00e4ltlich in anpassbarer wei\u00dfer Farbe, kann diese Handtasche jedes Sommeroutfit m\u00fchelos erg\u00e4nzen.<\/p>","protected":false},"featured_media":1019,"comment_status":"open","ping_status":"closed","template":"","meta":{"site-sidebar-layout":"default","site-content-layout":"","ast-site-content-layout":"default","site-content-style":"default","site-sidebar-style":"default","ast-global-header-display":"","ast-banner-title-visibility":"","ast-main-header-display":"","ast-hfb-above-header-display":"","ast-hfb-below-header-display":"","ast-hfb-mobile-header-display":"","site-post-title":"","ast-breadcrumbs-content":"","ast-featured-img":"","footer-sml-layout":"","ast-disable-related-posts":"","theme-transparent-header-meta":"default","adv-header-id-meta":"","stick-header-meta":"","header-above-stick-meta":"","header-main-stick-meta":"","header-below-stick-meta":"","astra-migrate-meta-layouts":"set","ast-page-background-enabled":"default","ast-page-background-meta":{"desktop":{"background-color":"var(--ast-global-color-5)","background-image":"","background-repeat":"repeat","background-position":"center center","background-size":"auto","background-attachment":"scroll","background-type":"","background-media":"","overlay-type":"","overlay-color":"","overlay-opacity":"","overlay-gradient":""},"tablet":{"background-color":"","background-image":"","background-repeat":"repeat","background-position":"center center","background-size":"auto","background-attachment":"scroll","background-type":"","background-media":"","overlay-type":"","overlay-color":"","overlay-opacity":"","overlay-gradient":""},"mobile":{"background-color":"","background-image":"","background-repeat":"repeat","background-position":"center center","background-size":"auto","background-attachment":"scroll","background-type":"","background-media":"","overlay-type":"","overlay-color":"","overlay-opacity":"","overlay-gradient":""}},"ast-content-background-meta":{"desktop":{"background-color":"var(--ast-global-color-4)","background-image":"","background-repeat":"repeat","background-position":"center center","background-size":"auto","background-attachment":"scroll","background-type":"","background-media":"","overlay-type":"","overlay-color":"","overlay-opacity":"","overlay-gradient":""},"tablet":{"background-color":"var(--ast-global-color-4)","background-image":"","background-repeat":"repeat","background-position":"center center","background-size":"auto","background-attachment":"scroll","background-type":"","background-media":"","overlay-type":"","overlay-color":"","overlay-opacity":"","overlay-gradient":""},"mobile":{"background-color":"var(--ast-global-color-4)","background-image":"","background-repeat":"repeat","background-position":"center center","background-size":"auto","background-attachment":"scroll","background-type":"","background-media":"","overlay-type":"","overlay-color":"","overlay-opacity":"","overlay-gradient":""}}},"product_brand":[],"product_cat":[42,54],"product_tag":[],"class_list":{"0":"post-1018","1":"product","2":"type-product","3":"status-publish","4":"has-post-thumbnail","6":"product_cat-hand-bag","7":"product_cat-womens-bag","8":"desktop-align-left","9":"tablet-align-left","10":"mobile-align-left","12":"first","13":"instock","14":"shipping-taxable","15":"product-type-simple"},"_links":{"self":[{"href":"https:\/\/baijiabags.com\/de\/wp-json\/wp\/v2\/product\/1018","targetHints":{"allow":["GET"]}}],"collection":[{"href":"https:\/\/baijiabags.com\/de\/wp-json\/wp\/v2\/product"}],"about":[{"href":"https:\/\/baijiabags.com\/de\/wp-json\/wp\/v2\/types\/product"}],"replies":[{"embeddable":true,"href":"https:\/\/baijiabags.com\/de\/wp-json\/wp\/v2\/comments?post=1018"}],"wp:featuredmedia":[{"embeddable":true,"href":"https:\/\/baijiabags.com\/de\/wp-json\/wp\/v2\/media\/1019"}],"wp:attachment":[{"href":"https:\/\/baijiabags.com\/de\/wp-json\/wp\/v2\/media?parent=1018"}],"wp:term":[{"taxonomy":"product_brand","embeddable":true,"href":"https:\/\/baijiabags.com\/de\/wp-json\/wp\/v2\/product_brand?post=1018"},{"taxonomy":"product_cat","embeddable":true,"href":"https:\/\/baijiabags.com\/de\/wp-json\/wp\/v2\/product_cat?post=1018"},{"taxonomy":"product_tag","embeddable":true,"href":"https:\/\/baijiabags.com\/de\/wp-json\/wp\/v2\/product_tag?post=1018"}],"curies":[{"name":"wp","href":"https:\/\/api.w.org\/{rel}","templated":true}]}}