{"id":1003,"date":"2025-09-09T07:21:38","date_gmt":"2025-09-09T07:21:38","guid":{"rendered":"https:\/\/baijiabags.com\/?post_type=product&#038;p=1003"},"modified":"2025-11-01T01:22:37","modified_gmt":"2025-11-01T01:22:37","slug":"roneer-ladies-handbag-fashion-simple-style-pu-tote-bag","status":"publish","type":"product","link":"https:\/\/baijiabags.com\/de\/produkt\/roneer-ladies-handbag-fashion-simple-style-pu-tote-bag\/","title":{"rendered":"RONEER Damen Handtasche Mode einfachen Stil PU Tote Bag"},"content":{"rendered":"<h2 data-start=\"807\" data-end=\"824\">Wesentliche Merkmale<\/h2>\n<ol data-start=\"825\" data-end=\"1803\">\n<li data-start=\"825\" data-end=\"943\">\n<p data-start=\"828\" data-end=\"943\"><strong data-start=\"828\" data-end=\"857\">Minimalistisches Modedesign<\/strong> - Ein sauberes und elegantes Aussehen wurde betont, um verschiedene Outfits zu erg\u00e4nzen.<\/p>\n<\/li>\n<li data-start=\"944\" data-end=\"1071\">\n<p data-start=\"947\" data-end=\"1071\"><strong data-start=\"947\" data-end=\"970\">Langlebiges PU-Material<\/strong> - Hochwertiges Kunstleder wurde ausgew\u00e4hlt, um Verschlei\u00dffestigkeit und Formstabilit\u00e4t zu gew\u00e4hrleisten.<\/p>\n<\/li>\n<li data-start=\"1072\" data-end=\"1188\">\n<p data-start=\"1075\" data-end=\"1188\"><strong data-start=\"1075\" data-end=\"1103\">Leichte Konstruktion<\/strong> - Bei nur <strong data-start=\"1114\" data-end=\"1125\">0,72 kg<\/strong>ist die Handtasche so konzipiert, dass sie den ganzen Tag \u00fcber leicht zu tragen ist.<\/p>\n<\/li>\n<li data-start=\"1189\" data-end=\"1323\">\n<p data-start=\"1192\" data-end=\"1323\"><strong data-start=\"1192\" data-end=\"1212\">Ger\u00e4umige Lagerung<\/strong> - Ein gro\u00dfes Fach bietet Platz f\u00fcr die wichtigsten Dinge des t\u00e4glichen Lebens, darunter elektronische Ger\u00e4te und Zeitschriften.<\/p>\n<\/li>\n<li data-start=\"1324\" data-end=\"1425\">\n<p data-start=\"1327\" data-end=\"1425\"><strong data-start=\"1327\" data-end=\"1354\">Vielseitige Tragem\u00f6glichkeiten<\/strong> - Die Handtasche ist sowohl f\u00fcr den Gebrauch in der Hand als auch f\u00fcr das Tragen am Arm ausgestattet.<\/p>\n<\/li>\n<li data-start=\"1426\" data-end=\"1566\">\n<p data-start=\"1429\" data-end=\"1566\"><strong data-start=\"1429\" data-end=\"1453\">Praktische Dimensionen<\/strong> - Mit einer Gr\u00f6\u00dfe von <strong data-start=\"1471\" data-end=\"1490\">13,5 cm \u00d7 35 cm<\/strong>Die Tasche ist so proportioniert, dass sie f\u00fcr den t\u00e4glichen Gebrauch geeignet ist, ohne sperrig zu sein.<\/p>\n<\/li>\n<li data-start=\"1567\" data-end=\"1683\">\n<p data-start=\"1570\" data-end=\"1683\"><strong data-start=\"1570\" data-end=\"1587\">Neutrale Farbe<\/strong> - F\u00fcr die m\u00fchelose Kombination mit anderen Kleidungsst\u00fccken wurde ein klassisches wei\u00dfes Unifarbton gew\u00e4hlt.<\/p>\n<\/li>\n<li data-start=\"1684\" data-end=\"1803\">\n<p data-start=\"1687\" data-end=\"1803\"><strong data-start=\"1687\" data-end=\"1707\">Sichere Verpackung<\/strong> - Jeder Beutel ist einzeln in einem sch\u00fctzenden Messkarton verpackt. <strong data-start=\"1781\" data-end=\"1800\">45 \u00d7 32 \u00d7 15 cm<\/strong>.<\/p>\n<\/li>\n<\/ol>\n<figure id=\"attachment_1098\" aria-describedby=\"caption-attachment-1098\" style=\"width: 750px\" class=\"wp-caption aligncenter\"><img fetchpriority=\"high\" decoding=\"async\" class=\"wp-image-1098 size-full\" src=\"https:\/\/baijiabags.com\/wp-content\/uploads\/2025\/09\/EBG19723-4.png\" alt=\"EBG19723 \" width=\"750\" height=\"668\" srcset=\"https:\/\/baijiabags.com\/wp-content\/uploads\/2025\/09\/EBG19723-4.png 750w, https:\/\/baijiabags.com\/wp-content\/uploads\/2025\/09\/EBG19723-4-300x267.png 300w, https:\/\/baijiabags.com\/wp-content\/uploads\/2025\/09\/EBG19723-4-600x534.png 600w\" sizes=\"(max-width: 750px) 100vw, 750px\" \/><figcaption id=\"caption-attachment-1098\" class=\"wp-caption-text\">EBG19723<\/figcaption><\/figure>\n<h2 data-start=\"1805\" data-end=\"1824\">Spezifikationen<\/h2>\n<div class=\"_tableContainer_1rjym_1\">\n<div class=\"_tableWrapper_1rjym_13 group flex w-fit flex-col-reverse\" tabindex=\"-1\">\n<table class=\"w-fit min-w-(--thread-content-width)\" data-start=\"1826\" data-end=\"2819\">\n<thead data-start=\"1826\" data-end=\"1890\">\n<tr data-start=\"1826\" data-end=\"1890\">\n<th data-start=\"1826\" data-end=\"1851\" data-col-size=\"sm\"><strong data-start=\"1828\" data-end=\"1841\">Parameter<\/strong><\/th>\n<th data-start=\"1851\" data-end=\"1890\" data-col-size=\"md\"><strong data-start=\"1853\" data-end=\"1868\">Beschreibung<\/strong><\/th>\n<\/tr>\n<\/thead>\n<tbody data-start=\"1957\" data-end=\"2819\">\n<tr data-start=\"1957\" data-end=\"2021\">\n<td data-start=\"1957\" data-end=\"1983\" data-col-size=\"sm\">Produktname<\/td>\n<td data-start=\"1983\" data-end=\"2021\" data-col-size=\"md\">Damenhandtasche<\/td>\n<\/tr>\n<tr data-start=\"2022\" data-end=\"2086\">\n<td data-start=\"2022\" data-end=\"2048\" data-col-size=\"sm\">Marke<\/td>\n<td data-start=\"2048\" data-end=\"2086\" data-col-size=\"md\">RONEER<\/td>\n<\/tr>\n<tr data-start=\"2087\" data-end=\"2151\">\n<td data-start=\"2087\" data-end=\"2113\" data-col-size=\"sm\">Modell<\/td>\n<td data-start=\"2113\" data-end=\"2151\" data-col-size=\"md\">EBG19723<\/td>\n<\/tr>\n<tr data-start=\"2152\" data-end=\"2216\">\n<td data-start=\"2152\" data-end=\"2178\" data-col-size=\"sm\">Stil<\/td>\n<td data-start=\"2178\" data-end=\"2216\" data-col-size=\"md\">Mode Einfach<\/td>\n<\/tr>\n<tr data-start=\"2217\" data-end=\"2281\">\n<td data-start=\"2217\" data-end=\"2243\" data-col-size=\"sm\">Abmessungen<\/td>\n<td data-start=\"2243\" data-end=\"2281\" data-col-size=\"md\">13,5 cm \u00d7 35 cm<\/td>\n<\/tr>\n<tr data-start=\"2282\" data-end=\"2346\">\n<td data-start=\"2282\" data-end=\"2308\" data-col-size=\"sm\">Gewicht<\/td>\n<td data-start=\"2308\" data-end=\"2346\" data-col-size=\"md\">0,72 kg<\/td>\n<\/tr>\n<tr data-start=\"2347\" data-end=\"2411\">\n<td data-start=\"2347\" data-end=\"2373\" data-col-size=\"sm\">Material<\/td>\n<td data-start=\"2373\" data-end=\"2411\" data-col-size=\"md\">PU (Polyurethan)<\/td>\n<\/tr>\n<tr data-start=\"2412\" data-end=\"2476\">\n<td data-start=\"2412\" data-end=\"2438\" data-col-size=\"sm\">Herkunft<\/td>\n<td data-start=\"2438\" data-end=\"2476\" data-col-size=\"md\">Guangdong, China<\/td>\n<\/tr>\n<tr data-start=\"2477\" data-end=\"2541\">\n<td data-start=\"2477\" data-end=\"2503\" data-col-size=\"sm\">Farbe<\/td>\n<td data-start=\"2503\" data-end=\"2541\" data-col-size=\"md\">Wei\u00df, fest<\/td>\n<\/tr>\n<tr data-start=\"2542\" data-end=\"2606\">\n<td data-start=\"2542\" data-end=\"2568\" data-col-size=\"sm\">Methode der Bef\u00f6rderung<\/td>\n<td data-start=\"2568\" data-end=\"2606\" data-col-size=\"md\">Handheld \/ Arm tragen<\/td>\n<\/tr>\n<tr data-start=\"2607\" data-end=\"2689\">\n<td data-start=\"2607\" data-end=\"2633\" data-col-size=\"sm\">Kapazit\u00e4t<\/td>\n<td data-start=\"2633\" data-end=\"2689\" data-col-size=\"md\">Passend f\u00fcr A4-Magazin, iPad, Regenschirm, Kosmetikartikel, Telefon<\/td>\n<\/tr>\n<tr data-start=\"2690\" data-end=\"2754\">\n<td data-start=\"2690\" data-end=\"2716\" data-col-size=\"sm\">MOQ<\/td>\n<td data-start=\"2716\" data-end=\"2754\" data-col-size=\"md\">300<\/td>\n<\/tr>\n<\/tbody>\n<\/table>\n<\/div>\n<\/div>\n<h2 data-start=\"2821\" data-end=\"2838\">Anwendungen<\/h2>\n<ul data-start=\"2905\" data-end=\"3265\">\n<li data-start=\"2905\" data-end=\"2990\">\n<p data-start=\"2907\" data-end=\"2990\"><strong data-start=\"2907\" data-end=\"2919\">Einkaufen<\/strong> - Ger\u00e4umig genug, um pers\u00f6nliche Utensilien f\u00fcr zwanglose Ausfl\u00fcge zu verstauen.<\/p>\n<\/li>\n<li data-start=\"2991\" data-end=\"3080\">\n<p data-start=\"2993\" data-end=\"3080\"><strong data-start=\"2993\" data-end=\"3001\">Arbeit<\/strong> - Geeignet f\u00fcr den Transport von B\u00fcroartikeln wie Tablets, Notebooks und Dokumenten.<\/p>\n<\/li>\n<li data-start=\"3081\" data-end=\"3180\">\n<p data-start=\"3083\" data-end=\"3180\"><strong data-start=\"3083\" data-end=\"3093\">Reisen<\/strong> - Praktisch f\u00fcr Kurzreisen, mit Stauraum f\u00fcr Reisedokumente und Zubeh\u00f6r.<\/p>\n<\/li>\n<li data-start=\"3181\" data-end=\"3265\">\n<p data-start=\"3183\" data-end=\"3265\"><strong data-start=\"3183\" data-end=\"3196\">T\u00e4glicher Gebrauch<\/strong> - Ideal f\u00fcr den urbanen Lebensstil, der Mode und Zweckm\u00e4\u00dfigkeit verbindet.<\/p>\n<\/li>\n<\/ul>\n<p>Wenn Sie an dieser Handtasche interessiert sind, bitten wir Sie <strong data-start=\"3637\" data-end=\"3671\">Kontaktieren Sie uns, um ein Muster anzufordern<\/strong>. <strong data-start=\"3673\" data-end=\"3708\">ODM- und OEM-Dienste werden angeboten<\/strong>und erm\u00f6glicht die Anpassung an die spezifischen Bed\u00fcrfnisse von Marken und M\u00e4rkten.<\/p>","protected":false},"excerpt":{"rendered":"<p>Die Handtasche der Dame von <strong data-start=\"299\" data-end=\"309\">RONEER<\/strong> wurde in einem modernen und minimalistischen Stil entworfen, der sowohl praktisch als auch modisch ansprechend ist. Das Modell <strong data-start=\"425\" data-end=\"437\">EBG19723<\/strong> ist aus hochwertigem PU-Material gefertigt, das f\u00fcr Langlebigkeit und ein leichtes Tragegef\u00fchl sorgt. Mit ihrem ger\u00e4umigen Fassungsverm\u00f6gen bietet die Tasche Platz f\u00fcr wichtige Alltagsgegenst\u00e4nde wie ein A4-Magazin, ein iPad, ein Smartphone, einen Faltschirm, Kosmetika und mehr. Die Tasche kann entweder in der Hand gehalten oder am Arm getragen werden.<\/p>","protected":false},"featured_media":1004,"comment_status":"open","ping_status":"closed","template":"","meta":{"site-sidebar-layout":"default","site-content-layout":"","ast-site-content-layout":"default","site-content-style":"default","site-sidebar-style":"default","ast-global-header-display":"","ast-banner-title-visibility":"","ast-main-header-display":"","ast-hfb-above-header-display":"","ast-hfb-below-header-display":"","ast-hfb-mobile-header-display":"","site-post-title":"","ast-breadcrumbs-content":"","ast-featured-img":"","footer-sml-layout":"","ast-disable-related-posts":"","theme-transparent-header-meta":"default","adv-header-id-meta":"","stick-header-meta":"","header-above-stick-meta":"","header-main-stick-meta":"","header-below-stick-meta":"","astra-migrate-meta-layouts":"set","ast-page-background-enabled":"default","ast-page-background-meta":{"desktop":{"background-color":"var(--ast-global-color-5)","background-image":"","background-repeat":"repeat","background-position":"center center","background-size":"auto","background-attachment":"scroll","background-type":"","background-media":"","overlay-type":"","overlay-color":"","overlay-opacity":"","overlay-gradient":""},"tablet":{"background-color":"","background-image":"","background-repeat":"repeat","background-position":"center center","background-size":"auto","background-attachment":"scroll","background-type":"","background-media":"","overlay-type":"","overlay-color":"","overlay-opacity":"","overlay-gradient":""},"mobile":{"background-color":"","background-image":"","background-repeat":"repeat","background-position":"center center","background-size":"auto","background-attachment":"scroll","background-type":"","background-media":"","overlay-type":"","overlay-color":"","overlay-opacity":"","overlay-gradient":""}},"ast-content-background-meta":{"desktop":{"background-color":"var(--ast-global-color-4)","background-image":"","background-repeat":"repeat","background-position":"center center","background-size":"auto","background-attachment":"scroll","background-type":"","background-media":"","overlay-type":"","overlay-color":"","overlay-opacity":"","overlay-gradient":""},"tablet":{"background-color":"var(--ast-global-color-4)","background-image":"","background-repeat":"repeat","background-position":"center center","background-size":"auto","background-attachment":"scroll","background-type":"","background-media":"","overlay-type":"","overlay-color":"","overlay-opacity":"","overlay-gradient":""},"mobile":{"background-color":"var(--ast-global-color-4)","background-image":"","background-repeat":"repeat","background-position":"center center","background-size":"auto","background-attachment":"scroll","background-type":"","background-media":"","overlay-type":"","overlay-color":"","overlay-opacity":"","overlay-gradient":""}}},"product_brand":[],"product_cat":[42,54],"product_tag":[],"class_list":{"0":"post-1003","1":"product","2":"type-product","3":"status-publish","4":"has-post-thumbnail","6":"product_cat-hand-bag","7":"product_cat-womens-bag","8":"desktop-align-left","9":"tablet-align-left","10":"mobile-align-left","12":"first","13":"instock","14":"shipping-taxable","15":"product-type-simple"},"_links":{"self":[{"href":"https:\/\/baijiabags.com\/de\/wp-json\/wp\/v2\/product\/1003","targetHints":{"allow":["GET"]}}],"collection":[{"href":"https:\/\/baijiabags.com\/de\/wp-json\/wp\/v2\/product"}],"about":[{"href":"https:\/\/baijiabags.com\/de\/wp-json\/wp\/v2\/types\/product"}],"replies":[{"embeddable":true,"href":"https:\/\/baijiabags.com\/de\/wp-json\/wp\/v2\/comments?post=1003"}],"wp:featuredmedia":[{"embeddable":true,"href":"https:\/\/baijiabags.com\/de\/wp-json\/wp\/v2\/media\/1004"}],"wp:attachment":[{"href":"https:\/\/baijiabags.com\/de\/wp-json\/wp\/v2\/media?parent=1003"}],"wp:term":[{"taxonomy":"product_brand","embeddable":true,"href":"https:\/\/baijiabags.com\/de\/wp-json\/wp\/v2\/product_brand?post=1003"},{"taxonomy":"product_cat","embeddable":true,"href":"https:\/\/baijiabags.com\/de\/wp-json\/wp\/v2\/product_cat?post=1003"},{"taxonomy":"product_tag","embeddable":true,"href":"https:\/\/baijiabags.com\/de\/wp-json\/wp\/v2\/product_tag?post=1003"}],"curies":[{"name":"wp","href":"https:\/\/api.w.org\/{rel}","templated":true}]}}